{"id":15092,"date":"2021-08-19T09:17:45","date_gmt":"2021-08-19T09:17:45","guid":{"rendered":"https:\/\/www.sami.info\/prodotto\/silos-orizzontali\/"},"modified":"2025-10-28T16:16:10","modified_gmt":"2025-10-28T16:16:10","slug":"silos-horizontales","status":"publish","type":"product","link":"https:\/\/www.sami.info\/es\/prodotto\/silos-horizontales\/","title":{"rendered":"Silos horizontales EUROSILO"},"content":{"rendered":"[vc_row type=\u00bbin_container\u00bb full_screen_row_position=\u00bbmiddle\u00bb column_margin=\u00bbdefault\u00bb column_direction=\u00bbdefault\u00bb column_direction_tablet=\u00bbdefault\u00bb column_direction_phone=\u00bbdefault\u00bb scene_position=\u00bbcenter\u00bb text_color=\u00bbdark\u00bb text_align=\u00bbleft\u00bb row_border_radius=\u00bbnone\u00bb row_border_radius_applies=\u00bbbg\u00bb overflow=\u00bbvisible\u00bb overlay_strength=\u00bb0.3&#8243; gradient_direction=\u00bbleft_to_right\u00bb shape_divider_position=\u00bbbottom\u00bb bg_image_animation=\u00bbnone\u00bb][vc_column column_padding=\u00bbno-extra-padding\u00bb column_padding_tablet=\u00bbinherit\u00bb column_padding_phone=\u00bbinherit\u00bb column_padding_position=\u00bball\u00bb column_element_direction_desktop=\u00bbdefault\u00bb column_element_spacing=\u00bbdefault\u00bb desktop_text_alignment=\u00bbdefault\u00bb tablet_text_alignment=\u00bbdefault\u00bb phone_text_alignment=\u00bbdefault\u00bb background_color_opacity=\u00bb1&#8243; background_hover_color_opacity=\u00bb1&#8243; column_backdrop_filter=\u00bbnone\u00bb column_shadow=\u00bbnone\u00bb column_border_radius=\u00bbnone\u00bb column_link_target=\u00bb_self\u00bb column_position=\u00bbdefault\u00bb gradient_direction=\u00bbleft_to_right\u00bb overlay_strength=\u00bb0.3&#8243; width=\u00bb1\/1&#8243; tablet_width_inherit=\u00bbdefault\u00bb animation_type=\u00bbdefault\u00bb bg_image_animation=\u00bbnone\u00bb border_type=\u00bbsimple\u00bb column_border_width=\u00bbnone\u00bb column_border_style=\u00bbsolid\u00bb][vc_column_text css=\u00bb\u00bb text_direction=\u00bbdefault\u00bb]\n<h2>SILO M\u00d3VIL HORIZONTAL, DESDE 1989<\/h2>\n<p>F\u00e1ciles de transportar y con bajo impacto ambiental, los silos horizontales EUROSILO son <strong>equipos m\u00f3viles para obras cortas<\/strong> duracti\u00f3n. A diferencia de los silos verticales, <strong>no requieren gr\u00faa<\/strong> para su instalaci\u00f3n <strong>ni losas de hormig\u00f3n o anclajes al suelo<\/strong>, lo que reduce significativamente los costes de montaje, desmontaje y manipulaci\u00f3n<strong>.<\/strong> Utilizados en los sectores de la construcci\u00f3n, agricultura, ecolog\u00eda y el sector qu\u00edmico, los silos horizontales EUROSILO gracias a sus caracter\u00edsticas \u00fanicas y a una amplia gama de accesorios disponibles son ideales para el almacenamiento y la dosificaci\u00f3n de materiales granulares y en polvo como <strong data-start=\"5240\" data-end=\"5324\">cemento, cal, fillers, cenizas volantes, bentonita, arena y productos similares.<\/strong><\/p>\n<h2>ALMACENAMIENTO DE 15 A 76 m\u00b3<\/h2>\n<p>Hay dos versiones disponibles, el silo horizontal de dosificaci\u00f3n electr\u00f3nica EUROSILO DE y el silo horizontal de dosificaci\u00f3n temporizada EUROSILO T, y ambos tienen modelos con capacidades volum\u00e9tricas de almacenamiento de 15 m\u00b3 a 76 m\u00b3. Para reducir los costes de transporte mar\u00edtimo, los silos horizontales EUROSILO DE y EUROSILO T tambi\u00e9n est\u00e1n disponibles en la <strong>versi\u00f3n HC, con una estructura dimensionada para el transporte dentro de contenedores high cube<\/strong>. En todos los modelos, la extracci\u00f3n de material se realiza mediante sistemas de transportadores de tornillo con dimensiones para capacidades est\u00e1ndar de 17, 25 y 40 m\u00b3\/h.<\/p>\n<h2>EL PRODUCTO PARA SUS NECESIDADES<\/h2>\n<p>Los silos horizontales EUROSILO son especialmente adecuados para la <strong>carga de hormigoneras y autohormigoneras<\/strong> para la producci\u00f3n de hormig\u00f3n, para el <strong>llenado de alimentadores<\/strong> en <a href=\"https:\/\/www.sami.info\/es\/categoria-prodotto\/construccion\/produccion-hormigon\/\">plantas m\u00f3viles y estacionarias para la producci\u00f3n de hormig\u00f3n<\/a> u <a href=\"https:\/\/www.sami.info\/es\/categoria-prodotto\/construccion\/gestion-polvos-granulos\/plantas-premezclas\/\">premezclas<\/a>, para el llenado de alimentadores en m\u00e1quinas esparcidoras para la estabilizaci\u00f3n de suelos o carreteras y para la <strong>carga de camiones cisterna<\/strong> para el transporte de materiales en polvo; o pueden combinarse con <a href=\"https:\/\/www.sami.info\/es\/productos\/plantas-grava-cemento\/\">plantas continuas para la producci\u00f3n de grava cemento<\/a>\u00a0o con <a href=\"https:\/\/www.sami.info\/es\/productos\/plantas-grava-cemento\/\">plantas continuas para el tratamiento de suelos<\/a>. Gracias a sus dimensiones reducidas y compactas, optimizadas para el transporte, y a su desarrollo horizontal, los silos EUROSILO se han instalado en el interior de edificios, t\u00faneles, glaciares y desiertos, as\u00ed como en cimas de monta\u00f1as y en centros urbanos congestionados por el tr\u00e1fico.[\/vc_column_text][\/vc_column][\/vc_row][vc_row type=\u00bbin_container\u00bb full_screen_row_position=\u00bbmiddle\u00bb column_margin=\u00bbdefault\u00bb column_direction=\u00bbdefault\u00bb column_direction_tablet=\u00bbdefault\u00bb column_direction_phone=\u00bbdefault\u00bb scene_position=\u00bbcenter\u00bb text_color=\u00bbdark\u00bb text_align=\u00bbleft\u00bb row_border_radius=\u00bbnone\u00bb row_border_radius_applies=\u00bbbg\u00bb overflow=\u00bbvisible\u00bb overlay_strength=\u00bb0.3&#8243; gradient_direction=\u00bbleft_to_right\u00bb shape_divider_position=\u00bbbottom\u00bb bg_image_animation=\u00bbnone\u00bb][vc_column column_padding=\u00bbno-extra-padding\u00bb column_padding_tablet=\u00bbinherit\u00bb column_padding_phone=\u00bbinherit\u00bb column_padding_position=\u00bball\u00bb column_element_direction_desktop=\u00bbdefault\u00bb column_element_spacing=\u00bbdefault\u00bb desktop_text_alignment=\u00bbdefault\u00bb tablet_text_alignment=\u00bbdefault\u00bb phone_text_alignment=\u00bbdefault\u00bb background_color_opacity=\u00bb1&#8243; background_hover_color_opacity=\u00bb1&#8243; column_backdrop_filter=\u00bbnone\u00bb column_shadow=\u00bbnone\u00bb column_border_radius=\u00bbnone\u00bb column_link_target=\u00bb_self\u00bb column_position=\u00bbdefault\u00bb gradient_direction=\u00bbleft_to_right\u00bb overlay_strength=\u00bb0.3&#8243; width=\u00bb1\/1&#8243; tablet_width_inherit=\u00bbdefault\u00bb animation_type=\u00bbdefault\u00bb bg_image_animation=\u00bbnone\u00bb border_type=\u00bbsimple\u00bb column_border_width=\u00bbnone\u00bb column_border_style=\u00bbsolid\u00bb][nectar_global_section id=\u00bb15094&#8243;][nectar_global_section id=\u00bb8986&#8243;][nectar_global_section id=\u00bb6436&#8243;][\/vc_column][\/vc_row]\n","protected":false},"excerpt":{"rendered":"<p>[vc_row type=\u00bbin_container\u00bb full_screen_row_position=\u00bbmiddle\u00bb column_margin=\u00bbdefault\u00bb column_direction=\u00bbdefault\u00bb column_direction_tablet=\u00bbdefault\u00bb column_direction_phone=\u00bbdefault\u00bb scene_position=\u00bbcenter\u00bb text_color=\u00bbdark\u00bb text_align=\u00bbleft\u00bb row_border_radius=\u00bbnone\u00bb row_border_radius_applies=\u00bbbg\u00bb overflow=\u00bbvisible\u00bb overlay_strength=\u00bb0.3&#8243; gradient_direction=\u00bbleft_to_right\u00bb shape_divider_position=\u00bbbottom\u00bb bg_image_animation=\u00bbnone\u00bb][vc_column column_padding=\u00bbno-extra-padding\u00bb column_padding_tablet=\u00bbinherit\u00bb column_padding_phone=\u00bbinherit\u00bb column_padding_position=\u00bball\u00bb column_element_direction_desktop=\u00bbdefault\u00bb column_element_spacing=\u00bbdefault\u00bb desktop_text_alignment=\u00bbdefault\u00bb tablet_text_alignment=\u00bbdefault\u00bb&#8230;<\/p>\n","protected":false},"featured_media":14956,"template":"","meta":{"footnotes":""},"product_brand":[],"product_cat":[240,241,242],"product_tag":[],"class_list":{"0":"post-15092","1":"product","2":"type-product","3":"status-publish","4":"has-post-thumbnail","6":"product_cat-construccion","7":"product_cat-gestion-polvos-granulos","8":"product_cat-silos-horizontales","10":"first","11":"instock","12":"shipping-taxable","13":"product-type-simple"},"_links":{"self":[{"href":"https:\/\/www.sami.info\/es\/wp-json\/wp\/v2\/product\/15092","targetHints":{"allow":["GET"]}}],"collection":[{"href":"https:\/\/www.sami.info\/es\/wp-json\/wp\/v2\/product"}],"about":[{"href":"https:\/\/www.sami.info\/es\/wp-json\/wp\/v2\/types\/product"}],"version-history":[{"count":5,"href":"https:\/\/www.sami.info\/es\/wp-json\/wp\/v2\/product\/15092\/revisions"}],"predecessor-version":[{"id":17403,"href":"https:\/\/www.sami.info\/es\/wp-json\/wp\/v2\/product\/15092\/revisions\/17403"}],"wp:featuredmedia":[{"embeddable":true,"href":"https:\/\/www.sami.info\/es\/wp-json\/wp\/v2\/media\/14956"}],"wp:attachment":[{"href":"https:\/\/www.sami.info\/es\/wp-json\/wp\/v2\/media?parent=15092"}],"wp:term":[{"taxonomy":"product_brand","embeddable":true,"href":"https:\/\/www.sami.info\/es\/wp-json\/wp\/v2\/product_brand?post=15092"},{"taxonomy":"product_cat","embeddable":true,"href":"https:\/\/www.sami.info\/es\/wp-json\/wp\/v2\/product_cat?post=15092"},{"taxonomy":"product_tag","embeddable":true,"href":"https:\/\/www.sami.info\/es\/wp-json\/wp\/v2\/product_tag?post=15092"}],"curies":[{"name":"wp","href":"https:\/\/api.w.org\/{rel}","templated":true}]}}