{"id":15106,"date":"2021-08-19T09:43:59","date_gmt":"2021-08-19T09:43:59","guid":{"rendered":"https:\/\/www.sami.info\/prodotto\/silos-orizzontali-scarrabili\/"},"modified":"2025-10-29T08:56:36","modified_gmt":"2025-10-29T08:56:36","slug":"silos-gancho","status":"publish","type":"product","link":"https:\/\/www.sami.info\/es\/prodotto\/silos-gancho\/","title":{"rendered":"Silos de gancho EUROSILO S"},"content":{"rendered":"[vc_row type=\u00bbin_container\u00bb full_screen_row_position=\u00bbmiddle\u00bb column_margin=\u00bbdefault\u00bb column_direction=\u00bbdefault\u00bb column_direction_tablet=\u00bbdefault\u00bb column_direction_phone=\u00bbdefault\u00bb scene_position=\u00bbcenter\u00bb text_color=\u00bbdark\u00bb text_align=\u00bbleft\u00bb row_border_radius=\u00bbnone\u00bb row_border_radius_applies=\u00bbbg\u00bb overflow=\u00bbvisible\u00bb overlay_strength=\u00bb0.3&#8243; gradient_direction=\u00bbleft_to_right\u00bb shape_divider_position=\u00bbbottom\u00bb bg_image_animation=\u00bbnone\u00bb][vc_column column_padding=\u00bbno-extra-padding\u00bb column_padding_tablet=\u00bbinherit\u00bb column_padding_phone=\u00bbinherit\u00bb column_padding_position=\u00bball\u00bb column_element_direction_desktop=\u00bbdefault\u00bb column_element_spacing=\u00bbdefault\u00bb desktop_text_alignment=\u00bbdefault\u00bb tablet_text_alignment=\u00bbdefault\u00bb phone_text_alignment=\u00bbdefault\u00bb background_color_opacity=\u00bb1&#8243; background_hover_color_opacity=\u00bb1&#8243; column_backdrop_filter=\u00bbnone\u00bb column_shadow=\u00bbnone\u00bb column_border_radius=\u00bbnone\u00bb column_link_target=\u00bb_self\u00bb column_position=\u00bbdefault\u00bb gradient_direction=\u00bbleft_to_right\u00bb overlay_strength=\u00bb0.3&#8243; width=\u00bb1\/1&#8243; tablet_width_inherit=\u00bbdefault\u00bb animation_type=\u00bbdefault\u00bb bg_image_animation=\u00bbnone\u00bb border_type=\u00bbsimple\u00bb column_border_width=\u00bbnone\u00bb column_border_style=\u00bbsolid\u00bb][vc_column_text css=\u00bb\u00bb text_direction=\u00bbdefault\u00bb]<strong>SILO M\u00d3VIL DE GANCHO<\/strong><\/p>\n<p>El <strong data-start=\"2534\" data-end=\"2566\">silo autocargable EUROSILO S<\/strong> se diferencia de las versiones <a href=\"https:\/\/www.sami.info\/es\/productos\/silos-horizontales\/\">EUROSILO<\/a> y <a href=\"https:\/\/www.sami.info\/es\/productos\/silos-contenedores\/\">EUROSILO C<\/a> por su estructura especial en forma de cuna, que permite la carga, descarga y transporte mediante un <strong data-start=\"2729\" data-end=\"2770\">cami\u00f3n portador con gancho hidr\u00e1ulico<\/strong> (brazo de elevaci\u00f3n).<\/p>\n<p><strong>ALMACENAMIENTO DE 15 A 32 m\u00b3<\/strong><\/p>\n<p>Los <strong data-start=\"2837\" data-end=\"2871\">silos autocargables EUROSILO S<\/strong>, disponibles en versiones <strong data-start=\"2898\" data-end=\"2946\">con dosificaci\u00f3n electr\u00f3nica (EUROSILO S\/DE)<\/strong> y <strong data-start=\"2949\" data-end=\"2992\">con descarga temporizada (EUROSILO S\/T)<\/strong>, ofrecen capacidades de almacenamiento de <strong data-start=\"3035\" data-end=\"3053\">15, 29 y 32 m\u00b3<\/strong>.<br data-start=\"3054\" data-end=\"3057\" \/>Son aptos para el almacenamiento y la dosificaci\u00f3n de materiales en polvo y granulados de diversos tipos, al igual que los dem\u00e1s silos horizontales de las gamas <a href=\"https:\/\/www.sami.info\/es\/productos\/silos-horizontales\/\">EUROSILO<\/a> y <a href=\"https:\/\/www.sami.info\/es\/productos\/silos-contenedores\/\">EUROSILO C<\/a>.<\/p>\n<p><strong>PUESTA EN MARCHA R\u00c1PIDA<\/strong><\/p>\n<p>Para simplificar las operaciones de manipulaci\u00f3n, estos silos pueden equiparse con <strong>accesorios espec\u00edficos<\/strong> que no requieren desmontaje durante el transporte (como el filtro antipolvo autoinstalable de ventilaci\u00f3n o el tornillo de descarga con acoplamiento hidr\u00e1ulico) permitiendo montar la estaci\u00f3n de trabajo en la obra en <strong>pocos minutos y sin intervenci\u00f3n manual<\/strong>.[\/vc_column_text][\/vc_column][\/vc_row][vc_row type=\u00bbin_container\u00bb full_screen_row_position=\u00bbmiddle\u00bb column_margin=\u00bbdefault\u00bb column_direction=\u00bbdefault\u00bb column_direction_tablet=\u00bbdefault\u00bb column_direction_phone=\u00bbdefault\u00bb scene_position=\u00bbcenter\u00bb text_color=\u00bbdark\u00bb text_align=\u00bbleft\u00bb row_border_radius=\u00bbnone\u00bb row_border_radius_applies=\u00bbbg\u00bb overflow=\u00bbvisible\u00bb overlay_strength=\u00bb0.3&#8243; gradient_direction=\u00bbleft_to_right\u00bb shape_divider_position=\u00bbbottom\u00bb bg_image_animation=\u00bbnone\u00bb][vc_column column_padding=\u00bbno-extra-padding\u00bb column_padding_tablet=\u00bbinherit\u00bb column_padding_phone=\u00bbinherit\u00bb column_padding_position=\u00bball\u00bb column_element_direction_desktop=\u00bbdefault\u00bb column_element_spacing=\u00bbdefault\u00bb desktop_text_alignment=\u00bbdefault\u00bb tablet_text_alignment=\u00bbdefault\u00bb phone_text_alignment=\u00bbdefault\u00bb background_color_opacity=\u00bb1&#8243; background_hover_color_opacity=\u00bb1&#8243; column_backdrop_filter=\u00bbnone\u00bb column_shadow=\u00bbnone\u00bb column_border_radius=\u00bbnone\u00bb column_link_target=\u00bb_self\u00bb column_position=\u00bbdefault\u00bb gradient_direction=\u00bbleft_to_right\u00bb overlay_strength=\u00bb0.3&#8243; width=\u00bb1\/1&#8243; tablet_width_inherit=\u00bbdefault\u00bb animation_type=\u00bbdefault\u00bb bg_image_animation=\u00bbnone\u00bb border_type=\u00bbsimple\u00bb column_border_width=\u00bbnone\u00bb column_border_style=\u00bbsolid\u00bb][nectar_global_section id=\u00bb15094&#8243;][nectar_global_section id=\u00bb8986&#8243;][nectar_global_section id=\u00bb6439&#8243;][\/vc_column][\/vc_row]\n","protected":false},"excerpt":{"rendered":"<p>[vc_row type=\u00bbin_container\u00bb full_screen_row_position=\u00bbmiddle\u00bb column_margin=\u00bbdefault\u00bb column_direction=\u00bbdefault\u00bb column_direction_tablet=\u00bbdefault\u00bb column_direction_phone=\u00bbdefault\u00bb scene_position=\u00bbcenter\u00bb text_color=\u00bbdark\u00bb text_align=\u00bbleft\u00bb row_border_radius=\u00bbnone\u00bb row_border_radius_applies=\u00bbbg\u00bb overflow=\u00bbvisible\u00bb overlay_strength=\u00bb0.3&#8243; gradient_direction=\u00bbleft_to_right\u00bb shape_divider_position=\u00bbbottom\u00bb bg_image_animation=\u00bbnone\u00bb][vc_column column_padding=\u00bbno-extra-padding\u00bb column_padding_tablet=\u00bbinherit\u00bb column_padding_phone=\u00bbinherit\u00bb column_padding_position=\u00bball\u00bb column_element_direction_desktop=\u00bbdefault\u00bb column_element_spacing=\u00bbdefault\u00bb desktop_text_alignment=\u00bbdefault\u00bb tablet_text_alignment=\u00bbdefault\u00bb&#8230;<\/p>\n","protected":false},"featured_media":15253,"template":"","meta":{"footnotes":""},"product_brand":[],"product_cat":[240,241,242],"product_tag":[],"class_list":{"0":"post-15106","1":"product","2":"type-product","3":"status-publish","4":"has-post-thumbnail","6":"product_cat-construccion","7":"product_cat-gestion-polvos-granulos","8":"product_cat-silos-horizontales","10":"first","11":"instock","12":"shipping-taxable","13":"product-type-simple"},"_links":{"self":[{"href":"https:\/\/www.sami.info\/es\/wp-json\/wp\/v2\/product\/15106","targetHints":{"allow":["GET"]}}],"collection":[{"href":"https:\/\/www.sami.info\/es\/wp-json\/wp\/v2\/product"}],"about":[{"href":"https:\/\/www.sami.info\/es\/wp-json\/wp\/v2\/types\/product"}],"version-history":[{"count":5,"href":"https:\/\/www.sami.info\/es\/wp-json\/wp\/v2\/product\/15106\/revisions"}],"predecessor-version":[{"id":17411,"href":"https:\/\/www.sami.info\/es\/wp-json\/wp\/v2\/product\/15106\/revisions\/17411"}],"wp:featuredmedia":[{"embeddable":true,"href":"https:\/\/www.sami.info\/es\/wp-json\/wp\/v2\/media\/15253"}],"wp:attachment":[{"href":"https:\/\/www.sami.info\/es\/wp-json\/wp\/v2\/media?parent=15106"}],"wp:term":[{"taxonomy":"product_brand","embeddable":true,"href":"https:\/\/www.sami.info\/es\/wp-json\/wp\/v2\/product_brand?post=15106"},{"taxonomy":"product_cat","embeddable":true,"href":"https:\/\/www.sami.info\/es\/wp-json\/wp\/v2\/product_cat?post=15106"},{"taxonomy":"product_tag","embeddable":true,"href":"https:\/\/www.sami.info\/es\/wp-json\/wp\/v2\/product_tag?post=15106"}],"curies":[{"name":"wp","href":"https:\/\/api.w.org\/{rel}","templated":true}]}}