{"id":15113,"date":"2021-08-19T10:00:10","date_gmt":"2021-08-19T10:00:10","guid":{"rendered":"https:\/\/www.sami.info\/prodotto\/silos-verticali-monolitici-monoblocco\/"},"modified":"2025-10-28T09:51:44","modified_gmt":"2025-10-28T09:51:44","slug":"silos-verticales-monoliticos-monobloques","status":"publish","type":"product","link":"https:\/\/www.sami.info\/es\/prodotto\/silos-verticales-monoliticos-monobloques\/","title":{"rendered":"Silos verticales MONOL\u00cdTICOS"},"content":{"rendered":"[vc_row type=\u00bbin_container\u00bb full_screen_row_position=\u00bbmiddle\u00bb column_margin=\u00bbdefault\u00bb column_direction=\u00bbdefault\u00bb column_direction_tablet=\u00bbdefault\u00bb column_direction_phone=\u00bbdefault\u00bb scene_position=\u00bbcenter\u00bb text_color=\u00bbdark\u00bb text_align=\u00bbleft\u00bb row_border_radius=\u00bbnone\u00bb row_border_radius_applies=\u00bbbg\u00bb overflow=\u00bbvisible\u00bb overlay_strength=\u00bb0.3&#8243; gradient_direction=\u00bbleft_to_right\u00bb shape_divider_position=\u00bbbottom\u00bb bg_image_animation=\u00bbnone\u00bb][vc_column column_padding=\u00bbno-extra-padding\u00bb column_padding_tablet=\u00bbinherit\u00bb column_padding_phone=\u00bbinherit\u00bb column_padding_position=\u00bball\u00bb column_element_direction_desktop=\u00bbdefault\u00bb column_element_spacing=\u00bbdefault\u00bb desktop_text_alignment=\u00bbdefault\u00bb tablet_text_alignment=\u00bbdefault\u00bb phone_text_alignment=\u00bbdefault\u00bb background_color_opacity=\u00bb1&#8243; background_hover_color_opacity=\u00bb1&#8243; column_backdrop_filter=\u00bbnone\u00bb column_shadow=\u00bbnone\u00bb column_border_radius=\u00bbnone\u00bb column_link_target=\u00bb_self\u00bb column_position=\u00bbdefault\u00bb gradient_direction=\u00bbleft_to_right\u00bb overlay_strength=\u00bb0.3&#8243; width=\u00bb1\/1&#8243; tablet_width_inherit=\u00bbdefault\u00bb animation_type=\u00bbdefault\u00bb bg_image_animation=\u00bbnone\u00bb border_type=\u00bbsimple\u00bb column_border_width=\u00bbnone\u00bb column_border_style=\u00bbsolid\u00bb][vc_column_text css=\u00bb\u00bb text_direction=\u00bbdefault\u00bb]\n<h2>ESTRUCTURA MONOBLOQUE<\/h2>\n<p>El silo vertical monol\u00edtico, a diferencia del silo vertical telesc\u00f3pico y del silo vertical de paneles, se compone de varios elementos (virolas) soldados en un solo bloque. Adem\u00e1s de su gran <strong>f\u00e1cilidad de montaje en obra<\/strong>, la construcci\u00f3n monol\u00edtica que caracteriza\u00a0 este tipo de silos garantiza la <strong>m\u00e1xima estanqueidad frente a la humedad y las infiltraciones<\/strong>. Los silos verticales monol\u00edticos pueden transportarse por por carretera en camiones o tr\u00e1ileres est\u00e1ndar y, gracias a las versiones de di\u00e1metro reducido, tambi\u00e9n por v\u00eda mar\u00edtima dentro de contenedores Box, High Cube o Open Top.<\/p>\n<h2>CEMENTO, CAL Y SIMILARES<\/h2>\n<p>El silo vertical monol\u00edtico representa el cl\u00e1sico \u201ccontenedor\u201d para el almacenamiento de materiales en polvo y granulados como <strong>cemento, cal, fillers, cenizas volantes, bentonita, arena y productos similares<\/strong>. Una amplia gama de accesorios (vibradores, fluidificadores, filtros, v\u00e1lvulas, escaleras, barandillas, etc.) lo convierte en un producto <strong>altamente configurable y adaptable las necesidades <\/strong>espec\u00edficas de uso.<\/p>\n<h2>ALMACENAMIENTO DE 8 A 105 m\u00b3<\/h2>\n<p>Los silos verticales monol\u00edticos est\u00e1n disponibles con <strong>diametros de 2,2, 2,4 y 3,0 m de di\u00e1metro<\/strong> y pueden tener una capacidad de almacenamiento de 8 a 110 m\u00b3. En su configuraci\u00f3n completa, equipado con los dispositivos de control adecuados (tornillo de descarga, panel de control el\u00e9ctrico, indicadores de nivel, etc.), el silo vertical monol\u00edtico se convierte en un silo autom\u00e1tico SILMATIC.[\/vc_column_text][\/vc_column][\/vc_row][vc_row type=\u00bbin_container\u00bb full_screen_row_position=\u00bbmiddle\u00bb column_margin=\u00bbdefault\u00bb column_direction=\u00bbdefault\u00bb column_direction_tablet=\u00bbdefault\u00bb column_direction_phone=\u00bbdefault\u00bb scene_position=\u00bbcenter\u00bb text_color=\u00bbdark\u00bb text_align=\u00bbleft\u00bb row_border_radius=\u00bbnone\u00bb row_border_radius_applies=\u00bbbg\u00bb overflow=\u00bbvisible\u00bb overlay_strength=\u00bb0.3&#8243; gradient_direction=\u00bbleft_to_right\u00bb shape_divider_position=\u00bbbottom\u00bb bg_image_animation=\u00bbnone\u00bb][vc_column column_padding=\u00bbno-extra-padding\u00bb column_padding_tablet=\u00bbinherit\u00bb column_padding_phone=\u00bbinherit\u00bb column_padding_position=\u00bball\u00bb column_element_direction_desktop=\u00bbdefault\u00bb column_element_spacing=\u00bbdefault\u00bb desktop_text_alignment=\u00bbdefault\u00bb tablet_text_alignment=\u00bbdefault\u00bb phone_text_alignment=\u00bbdefault\u00bb background_color_opacity=\u00bb1&#8243; background_hover_color_opacity=\u00bb1&#8243; column_backdrop_filter=\u00bbnone\u00bb column_shadow=\u00bbnone\u00bb column_border_radius=\u00bbnone\u00bb column_link_target=\u00bb_self\u00bb column_position=\u00bbdefault\u00bb gradient_direction=\u00bbleft_to_right\u00bb overlay_strength=\u00bb0.3&#8243; width=\u00bb1\/1&#8243; tablet_width_inherit=\u00bbdefault\u00bb animation_type=\u00bbdefault\u00bb bg_image_animation=\u00bbnone\u00bb border_type=\u00bbsimple\u00bb column_border_width=\u00bbnone\u00bb column_border_style=\u00bbsolid\u00bb][nectar_global_section id=\u00bb15094&#8243;][nectar_global_section id=\u00bb6444&#8243;][\/vc_column][\/vc_row]\n","protected":false},"excerpt":{"rendered":"<p>[vc_row type=\u00bbin_container\u00bb full_screen_row_position=\u00bbmiddle\u00bb column_margin=\u00bbdefault\u00bb column_direction=\u00bbdefault\u00bb column_direction_tablet=\u00bbdefault\u00bb column_direction_phone=\u00bbdefault\u00bb scene_position=\u00bbcenter\u00bb text_color=\u00bbdark\u00bb text_align=\u00bbleft\u00bb row_border_radius=\u00bbnone\u00bb row_border_radius_applies=\u00bbbg\u00bb overflow=\u00bbvisible\u00bb overlay_strength=\u00bb0.3&#8243; gradient_direction=\u00bbleft_to_right\u00bb shape_divider_position=\u00bbbottom\u00bb bg_image_animation=\u00bbnone\u00bb][vc_column column_padding=\u00bbno-extra-padding\u00bb column_padding_tablet=\u00bbinherit\u00bb column_padding_phone=\u00bbinherit\u00bb column_padding_position=\u00bball\u00bb column_element_direction_desktop=\u00bbdefault\u00bb column_element_spacing=\u00bbdefault\u00bb desktop_text_alignment=\u00bbdefault\u00bb tablet_text_alignment=\u00bbdefault\u00bb&#8230;<\/p>\n","protected":false},"featured_media":16553,"template":"","meta":{"footnotes":""},"product_brand":[],"product_cat":[240,241,252],"product_tag":[259,260,261,262,263,264,265,266,267,268],"class_list":{"0":"post-15113","1":"product","2":"type-product","3":"status-publish","4":"has-post-thumbnail","6":"product_cat-construccion","7":"product_cat-gestion-polvos-granulos","8":"product_cat-silos-verticales","9":"product_tag-bentonite-es","10":"product_tag-calce-es","11":"product_tag-cemento-es","12":"product_tag-ceneri-es","13":"product_tag-filler-es","14":"product_tag-monolitico-es","15":"product_tag-sabbia-es","16":"product_tag-silo-es","17":"product_tag-stoccaggio-es","18":"product_tag-verticale-es","20":"first","21":"instock","22":"shipping-taxable","23":"product-type-simple"},"_links":{"self":[{"href":"https:\/\/www.sami.info\/es\/wp-json\/wp\/v2\/product\/15113","targetHints":{"allow":["GET"]}}],"collection":[{"href":"https:\/\/www.sami.info\/es\/wp-json\/wp\/v2\/product"}],"about":[{"href":"https:\/\/www.sami.info\/es\/wp-json\/wp\/v2\/types\/product"}],"version-history":[{"count":4,"href":"https:\/\/www.sami.info\/es\/wp-json\/wp\/v2\/product\/15113\/revisions"}],"predecessor-version":[{"id":17370,"href":"https:\/\/www.sami.info\/es\/wp-json\/wp\/v2\/product\/15113\/revisions\/17370"}],"wp:featuredmedia":[{"embeddable":true,"href":"https:\/\/www.sami.info\/es\/wp-json\/wp\/v2\/media\/16553"}],"wp:attachment":[{"href":"https:\/\/www.sami.info\/es\/wp-json\/wp\/v2\/media?parent=15113"}],"wp:term":[{"taxonomy":"product_brand","embeddable":true,"href":"https:\/\/www.sami.info\/es\/wp-json\/wp\/v2\/product_brand?post=15113"},{"taxonomy":"product_cat","embeddable":true,"href":"https:\/\/www.sami.info\/es\/wp-json\/wp\/v2\/product_cat?post=15113"},{"taxonomy":"product_tag","embeddable":true,"href":"https:\/\/www.sami.info\/es\/wp-json\/wp\/v2\/product_tag?post=15113"}],"curies":[{"name":"wp","href":"https:\/\/api.w.org\/{rel}","templated":true}]}}