{"id":15117,"date":"2021-08-19T10:02:29","date_gmt":"2021-08-19T10:02:29","guid":{"rendered":"https:\/\/www.sami.info\/prodotto\/silos-verticali-telescopici\/"},"modified":"2025-10-28T10:33:45","modified_gmt":"2025-10-28T10:33:45","slug":"silos-telescopicos","status":"publish","type":"product","link":"https:\/\/www.sami.info\/es\/prodotto\/silos-telescopicos\/","title":{"rendered":"Silos TELESC\u00d3PICOS"},"content":{"rendered":"[vc_row type=\u00bbin_container\u00bb full_screen_row_position=\u00bbmiddle\u00bb column_margin=\u00bbdefault\u00bb column_direction=\u00bbdefault\u00bb column_direction_tablet=\u00bbdefault\u00bb column_direction_phone=\u00bbdefault\u00bb scene_position=\u00bbcenter\u00bb text_color=\u00bbdark\u00bb text_align=\u00bbleft\u00bb row_border_radius=\u00bbnone\u00bb row_border_radius_applies=\u00bbbg\u00bb overflow=\u00bbvisible\u00bb overlay_strength=\u00bb0.3&#8243; gradient_direction=\u00bbleft_to_right\u00bb shape_divider_position=\u00bbbottom\u00bb bg_image_animation=\u00bbnone\u00bb][vc_column column_padding=\u00bbno-extra-padding\u00bb column_padding_tablet=\u00bbinherit\u00bb column_padding_phone=\u00bbinherit\u00bb column_padding_position=\u00bball\u00bb column_element_direction_desktop=\u00bbdefault\u00bb column_element_spacing=\u00bbdefault\u00bb desktop_text_alignment=\u00bbdefault\u00bb tablet_text_alignment=\u00bbdefault\u00bb phone_text_alignment=\u00bbdefault\u00bb background_color_opacity=\u00bb1&#8243; background_hover_color_opacity=\u00bb1&#8243; column_backdrop_filter=\u00bbnone\u00bb column_shadow=\u00bbnone\u00bb column_border_radius=\u00bbnone\u00bb column_link_target=\u00bb_self\u00bb column_position=\u00bbdefault\u00bb gradient_direction=\u00bbleft_to_right\u00bb overlay_strength=\u00bb0.3&#8243; width=\u00bb1\/1&#8243; tablet_width_inherit=\u00bbdefault\u00bb animation_type=\u00bbdefault\u00bb bg_image_animation=\u00bbnone\u00bb border_type=\u00bbsimple\u00bb column_border_width=\u00bbnone\u00bb column_border_style=\u00bbsolid\u00bb][vc_column_text css=\u00bb\u00bb text_direction=\u00bbdefault\u00bb]\n<h2>ESTRUCTURA TELESC\u00d3PICA<\/h2>\n<p>Los silos telesc\u00f3picos est\u00e1n compuestos por dos secciones cil\u00edndricas de diferente di\u00e1metro que, durante el transporte, se encajan una dentro de la otra, reduciendo significativamente el espacio requerido y los costes de env\u00edo.<br data-start=\"438\" data-end=\"441\" \/>Estos silos pueden transportarse por carretera y, gracias a las versiones de menor di\u00e1metro, tambi\u00e9n por v\u00eda mar\u00edtima dentro de contenedores est\u00e1ndar tipo Box, High Cube u Open Top.<\/p>\n<h2>CEMENTO, CAL Y SIMILARES<\/h2>\n<p>Al igual que los <a href=\"https:\/\/www.sami.info\/es\/productos\/silos-verticales-monoliticos-monobloques\/\">silos verticales monol\u00edticos<\/a> y los <a href=\"https:\/\/www.sami.info\/es\/productos\/silos-paneles-modulares\/\">silos verticales con paneles modulares<\/a>, los silos telesc\u00f3picos son altamente configurables gracias a una amplia gama de accesorios (filtros, v\u00e1lvulas, escaleras, barandillas, etc.) que los hacen adecuados para el almacenamiento de materiales en polvo y granulados como cemento, cal, fillers, cenizas volantes, bentonita, arena y productos similares.<\/p>\n<h2>ALMACENAMIENTO DE 23 A 100 m\u00b3<\/h2>\n<p>Los silos telesc\u00f3picos est\u00e1n disponibles con di\u00e1metros de 2,2, 2,4 y 3,0 metros y pueden ofrecer capacidades de almacenamiento que van desde 23 hasta 100 m\u00b3.<br data-start=\"1271\" data-end=\"1274\" \/>En su configuraci\u00f3n completa, equipados con los dispositivos de control correspondientes (tornillo sinf\u00edn de descarga, cuadro el\u00e9ctrico de control, indicadores de nivel, etc.), los silos verticales telesc\u00f3picos se convierten en <a href=\"https:\/\/www.sami.info\/es\/productos\/silos-cemento-cal\/\">silos autom\u00e1ticos SILMATIC<\/a>\u00a0completamente funcionales.[\/vc_column_text][\/vc_column][\/vc_row][vc_row type=\u00bbin_container\u00bb full_screen_row_position=\u00bbmiddle\u00bb column_margin=\u00bbdefault\u00bb column_direction=\u00bbdefault\u00bb column_direction_tablet=\u00bbdefault\u00bb column_direction_phone=\u00bbdefault\u00bb scene_position=\u00bbcenter\u00bb text_color=\u00bbdark\u00bb text_align=\u00bbleft\u00bb row_border_radius=\u00bbnone\u00bb row_border_radius_applies=\u00bbbg\u00bb overflow=\u00bbvisible\u00bb overlay_strength=\u00bb0.3&#8243; gradient_direction=\u00bbleft_to_right\u00bb shape_divider_position=\u00bbbottom\u00bb bg_image_animation=\u00bbnone\u00bb][vc_column column_padding=\u00bbno-extra-padding\u00bb column_padding_tablet=\u00bbinherit\u00bb column_padding_phone=\u00bbinherit\u00bb column_padding_position=\u00bball\u00bb column_element_direction_desktop=\u00bbdefault\u00bb column_element_spacing=\u00bbdefault\u00bb desktop_text_alignment=\u00bbdefault\u00bb tablet_text_alignment=\u00bbdefault\u00bb phone_text_alignment=\u00bbdefault\u00bb background_color_opacity=\u00bb1&#8243; background_hover_color_opacity=\u00bb1&#8243; column_backdrop_filter=\u00bbnone\u00bb column_shadow=\u00bbnone\u00bb column_border_radius=\u00bbnone\u00bb column_link_target=\u00bb_self\u00bb column_position=\u00bbdefault\u00bb gradient_direction=\u00bbleft_to_right\u00bb overlay_strength=\u00bb0.3&#8243; width=\u00bb1\/1&#8243; tablet_width_inherit=\u00bbdefault\u00bb animation_type=\u00bbdefault\u00bb bg_image_animation=\u00bbnone\u00bb border_type=\u00bbsimple\u00bb column_border_width=\u00bbnone\u00bb column_border_style=\u00bbsolid\u00bb][nectar_global_section id=\u00bb15094&#8243;][nectar_global_section id=\u00bb6447&#8243;][\/vc_column][\/vc_row]\n","protected":false},"excerpt":{"rendered":"<p>[vc_row type=\u00bbin_container\u00bb full_screen_row_position=\u00bbmiddle\u00bb column_margin=\u00bbdefault\u00bb column_direction=\u00bbdefault\u00bb column_direction_tablet=\u00bbdefault\u00bb column_direction_phone=\u00bbdefault\u00bb scene_position=\u00bbcenter\u00bb text_color=\u00bbdark\u00bb text_align=\u00bbleft\u00bb row_border_radius=\u00bbnone\u00bb row_border_radius_applies=\u00bbbg\u00bb overflow=\u00bbvisible\u00bb overlay_strength=\u00bb0.3&#8243; gradient_direction=\u00bbleft_to_right\u00bb shape_divider_position=\u00bbbottom\u00bb bg_image_animation=\u00bbnone\u00bb][vc_column column_padding=\u00bbno-extra-padding\u00bb column_padding_tablet=\u00bbinherit\u00bb column_padding_phone=\u00bbinherit\u00bb column_padding_position=\u00bball\u00bb column_element_direction_desktop=\u00bbdefault\u00bb column_element_spacing=\u00bbdefault\u00bb desktop_text_alignment=\u00bbdefault\u00bb tablet_text_alignment=\u00bbdefault\u00bb&#8230;<\/p>\n","protected":false},"featured_media":16558,"template":"","meta":{"footnotes":""},"product_brand":[],"product_cat":[240,241,252],"product_tag":[],"class_list":{"0":"post-15117","1":"product","2":"type-product","3":"status-publish","4":"has-post-thumbnail","6":"product_cat-construccion","7":"product_cat-gestion-polvos-granulos","8":"product_cat-silos-verticales","10":"first","11":"instock","12":"shipping-taxable","13":"product-type-simple"},"_links":{"self":[{"href":"https:\/\/www.sami.info\/es\/wp-json\/wp\/v2\/product\/15117","targetHints":{"allow":["GET"]}}],"collection":[{"href":"https:\/\/www.sami.info\/es\/wp-json\/wp\/v2\/product"}],"about":[{"href":"https:\/\/www.sami.info\/es\/wp-json\/wp\/v2\/types\/product"}],"version-history":[{"count":5,"href":"https:\/\/www.sami.info\/es\/wp-json\/wp\/v2\/product\/15117\/revisions"}],"predecessor-version":[{"id":17377,"href":"https:\/\/www.sami.info\/es\/wp-json\/wp\/v2\/product\/15117\/revisions\/17377"}],"wp:featuredmedia":[{"embeddable":true,"href":"https:\/\/www.sami.info\/es\/wp-json\/wp\/v2\/media\/16558"}],"wp:attachment":[{"href":"https:\/\/www.sami.info\/es\/wp-json\/wp\/v2\/media?parent=15117"}],"wp:term":[{"taxonomy":"product_brand","embeddable":true,"href":"https:\/\/www.sami.info\/es\/wp-json\/wp\/v2\/product_brand?post=15117"},{"taxonomy":"product_cat","embeddable":true,"href":"https:\/\/www.sami.info\/es\/wp-json\/wp\/v2\/product_cat?post=15117"},{"taxonomy":"product_tag","embeddable":true,"href":"https:\/\/www.sami.info\/es\/wp-json\/wp\/v2\/product_tag?post=15117"}],"curies":[{"name":"wp","href":"https:\/\/api.w.org\/{rel}","templated":true}]}}