{"id":15128,"date":"2021-08-19T10:27:23","date_gmt":"2021-08-19T10:27:23","guid":{"rendered":"https:\/\/www.sami.info\/prodotto\/silo-svuota-big-bag\/"},"modified":"2025-10-29T15:40:49","modified_gmt":"2025-10-29T15:40:49","slug":"silo-vaciado-bolsas","status":"publish","type":"product","link":"https:\/\/www.sami.info\/es\/prodotto\/silo-vaciado-bolsas\/","title":{"rendered":"Silo de vaciado Big Bags SBB"},"content":{"rendered":"[vc_row type=\u00bbin_container\u00bb full_screen_row_position=\u00bbmiddle\u00bb column_margin=\u00bbdefault\u00bb column_direction=\u00bbdefault\u00bb column_direction_tablet=\u00bbdefault\u00bb column_direction_phone=\u00bbdefault\u00bb scene_position=\u00bbcenter\u00bb text_color=\u00bbdark\u00bb text_align=\u00bbleft\u00bb row_border_radius=\u00bbnone\u00bb row_border_radius_applies=\u00bbbg\u00bb overflow=\u00bbvisible\u00bb overlay_strength=\u00bb0.3&#8243; gradient_direction=\u00bbleft_to_right\u00bb shape_divider_position=\u00bbbottom\u00bb bg_image_animation=\u00bbnone\u00bb][vc_column column_padding=\u00bbno-extra-padding\u00bb column_padding_tablet=\u00bbinherit\u00bb column_padding_phone=\u00bbinherit\u00bb column_padding_position=\u00bball\u00bb column_element_direction_desktop=\u00bbdefault\u00bb column_element_spacing=\u00bbdefault\u00bb desktop_text_alignment=\u00bbdefault\u00bb tablet_text_alignment=\u00bbdefault\u00bb phone_text_alignment=\u00bbdefault\u00bb background_color_opacity=\u00bb1&#8243; background_hover_color_opacity=\u00bb1&#8243; column_backdrop_filter=\u00bbnone\u00bb column_shadow=\u00bbnone\u00bb column_border_radius=\u00bbnone\u00bb column_link_target=\u00bb_self\u00bb column_position=\u00bbdefault\u00bb gradient_direction=\u00bbleft_to_right\u00bb overlay_strength=\u00bb0.3&#8243; width=\u00bb1\/1&#8243; tablet_width_inherit=\u00bbdefault\u00bb animation_type=\u00bbdefault\u00bb bg_image_animation=\u00bbnone\u00bb border_type=\u00bbsimple\u00bb column_border_width=\u00bbnone\u00bb column_border_style=\u00bbsolid\u00bb][vc_column_text css=\u00bb\u00bb text_direction=\u00bbdefault\u00bb]\n<h2>SILO DE VACIADO DE BIG BAGS<\/h2>\n<p>Los sistemas de vaciado de big bags (sacos a granel o sacos FIBC) se utilizan para vaciar materiales en polvo o granulado con el fin de alimentar directamente <a href=\"https:\/\/www.sami.info\/es\/categoria-prodotto\/construccion\/gestion-polvos-granulos\/plantas-premezclas\/\">plantas de dosificaci\u00f3n y mezcla<\/a>, o para llenar\u00a0 <a href=\"https:\/\/www.sami.info\/es\/categoria-prodotto\/construccion\/gestion-polvos-granulos\/silos-verticales\/\">silos verticales<\/a> y <a href=\"https:\/\/www.sami.info\/es\/categoria-prodotto\/construccion\/gestion-polvos-granulos\/silos-horizontales\/\">silos horizontales<\/a>. Una estaci\u00f3n de vaciado de big bags SILO SBB permite (a) vaciar el contenido de varios sacos de 25 kg y big bags (bulk bag o FIBC bag) de forma sencilla, segura para el operario y sin residuos, (b) almacenar el material extra\u00eddo en el interior del silo, protegi\u00e9ndolo de la humedad, y (c) utilizar el producto almacenado en cualquier momento, sin interrupci\u00f3n y con un flujo constante de material. Esto permite separar y optimizar las fases de \u00abdescarga de big bags\u00bb y \u00abutilizaci\u00f3n del material\u00bb, lo que se traduce en un ahorro considerable de tiempo de trabajo.<\/p>\n<h2>FASE DE VACIADO DE BIG BAGS<\/h2>\n<p>Mediante un <strong data-start=\"1209\" data-end=\"1261\">montacargas, polipasto u otro medio de elevaci\u00f3n<\/strong>, el <strong data-start=\"1266\" data-end=\"1300\">big bag (saco a granel o FIBC)<\/strong> se coloca en una <strong data-start=\"1318\" data-end=\"1355\">estructura de soporte telesc\u00f3pica<\/strong>, ajustable en altura para adaptarse a diferentes tama\u00f1os de sacos.<br data-start=\"1422\" data-end=\"1425\" \/>Una <strong data-start=\"1429\" data-end=\"1447\">junta circular<\/strong> en la parte superior facilita la inserci\u00f3n del big bag y evita la dispersi\u00f3n de polvo en el ambiente. En el caso de <strong data-start=\"1566\" data-end=\"1606\">productos nocivos o polvos muy finos<\/strong>, puede incorporarse un <strong data-start=\"1630\" data-end=\"1679\">sistema adicional de filtraci\u00f3n con aspirador<\/strong>. Para los <strong data-start=\"1692\" data-end=\"1737\">big bags con v\u00e1lvula o cuello de descarga<\/strong>, la apertura manual es r\u00e1pida y sencilla, mientras que en los <strong data-start=\"1800\" data-end=\"1821\" data-is-only-node=\"\">sacos desechables<\/strong>, un <strong data-start=\"1826\" data-end=\"1859\">sistema de cuchillas internas<\/strong> dentro del silo permite abrir el saco por gravedad, eliminando cualquier riesgo para el operario.<\/p>\n<h2>DOSIFICACI\u00d3N ELECTR\u00d3NICA Y TEMPORIZADA<\/h2>\n<p>El silo de vaciado de Big Bags SBB puede tener capacidades de almacenamiento de 2, 3, 4, 5 \u00f3 7 m\u00b3, y todos los modelos son m\u00e1quinas m\u00f3viles que pueden desplazarse con carretilla elevadora. Adem\u00e1s, al igual que los <a href=\"https:\/\/www.sami.info\/es\/?p=15092\">silos horizontales EUROSILO<\/a> y los <a href=\"https:\/\/www.sami.info\/es\/?p=15111\">silos verticales SILMATIC<\/a>, el silo de vaciado de Big Bags SBB tambi\u00e9n est\u00e1 disponible en dos versiones: \u00abdosificaci\u00f3n electr\u00f3nica\u00bb, con un sistema de pesaje electr\u00f3nico gravim\u00e9trico mediante c\u00e9lulas de carga de peso decreciente, y \u00abdosificaci\u00f3n temporizada\u00bb, equipada con un sistema de extracci\u00f3n temporizada regulable. Sin embargo, la mayor ventaja del silo de vaciado de Big Bags SBB sigue siendo la posibilidad de descargar y almacenar de 3 a 7 big bags a la vez y poder trabajar as\u00ed durante mucho tiempo, sin interrupciones y con un flujo constante de material.[\/vc_column_text][\/vc_column][\/vc_row][vc_row type=\u00bbin_container\u00bb full_screen_row_position=\u00bbmiddle\u00bb column_margin=\u00bbdefault\u00bb column_direction=\u00bbdefault\u00bb column_direction_tablet=\u00bbdefault\u00bb column_direction_phone=\u00bbdefault\u00bb scene_position=\u00bbcenter\u00bb text_color=\u00bbdark\u00bb text_align=\u00bbleft\u00bb row_border_radius=\u00bbnone\u00bb row_border_radius_applies=\u00bbbg\u00bb overflow=\u00bbvisible\u00bb overlay_strength=\u00bb0.3&#8243; gradient_direction=\u00bbleft_to_right\u00bb shape_divider_position=\u00bbbottom\u00bb bg_image_animation=\u00bbnone\u00bb][vc_column column_padding=\u00bbno-extra-padding\u00bb column_padding_tablet=\u00bbinherit\u00bb column_padding_phone=\u00bbinherit\u00bb column_padding_position=\u00bball\u00bb column_element_direction_desktop=\u00bbdefault\u00bb column_element_spacing=\u00bbdefault\u00bb desktop_text_alignment=\u00bbdefault\u00bb tablet_text_alignment=\u00bbdefault\u00bb phone_text_alignment=\u00bbdefault\u00bb background_color_opacity=\u00bb1&#8243; background_hover_color_opacity=\u00bb1&#8243; column_backdrop_filter=\u00bbnone\u00bb column_shadow=\u00bbnone\u00bb column_border_radius=\u00bbnone\u00bb column_link_target=\u00bb_self\u00bb column_position=\u00bbdefault\u00bb gradient_direction=\u00bbleft_to_right\u00bb overlay_strength=\u00bb0.3&#8243; width=\u00bb1\/1&#8243; tablet_width_inherit=\u00bbdefault\u00bb animation_type=\u00bbdefault\u00bb bg_image_animation=\u00bbnone\u00bb border_type=\u00bbsimple\u00bb column_border_width=\u00bbnone\u00bb column_border_style=\u00bbsolid\u00bb][nectar_global_section id=\u00bb15094&#8243;][\/vc_column][\/vc_row][vc_row type=\u00bbin_container\u00bb full_screen_row_position=\u00bbmiddle\u00bb column_margin=\u00bbdefault\u00bb column_direction=\u00bbdefault\u00bb column_direction_tablet=\u00bbdefault\u00bb column_direction_phone=\u00bbdefault\u00bb scene_position=\u00bbcenter\u00bb text_color=\u00bbdark\u00bb text_align=\u00bbleft\u00bb row_border_radius=\u00bbnone\u00bb row_border_radius_applies=\u00bbbg\u00bb overflow=\u00bbvisible\u00bb overlay_strength=\u00bb0.3&#8243; gradient_direction=\u00bbleft_to_right\u00bb shape_divider_position=\u00bbbottom\u00bb bg_image_animation=\u00bbnone\u00bb][vc_column column_padding=\u00bbno-extra-padding\u00bb column_padding_tablet=\u00bbinherit\u00bb column_padding_phone=\u00bbinherit\u00bb column_padding_position=\u00bball\u00bb column_element_direction_desktop=\u00bbdefault\u00bb column_element_spacing=\u00bbdefault\u00bb desktop_text_alignment=\u00bbdefault\u00bb tablet_text_alignment=\u00bbdefault\u00bb phone_text_alignment=\u00bbdefault\u00bb background_color_opacity=\u00bb1&#8243; background_hover_color_opacity=\u00bb1&#8243; column_backdrop_filter=\u00bbnone\u00bb column_shadow=\u00bbnone\u00bb column_border_radius=\u00bbnone\u00bb column_link_target=\u00bb_self\u00bb column_position=\u00bbdefault\u00bb gradient_direction=\u00bbleft_to_right\u00bb overlay_strength=\u00bb0.3&#8243; width=\u00bb1\/1&#8243; tablet_width_inherit=\u00bbdefault\u00bb animation_type=\u00bbdefault\u00bb bg_image_animation=\u00bbnone\u00bb border_type=\u00bbsimple\u00bb column_border_width=\u00bbnone\u00bb column_border_style=\u00bbsolid\u00bb][nectar_global_section id=\u00bb7019&#8243;][\/vc_column][\/vc_row]\n","protected":false},"excerpt":{"rendered":"<p>[vc_row type=\u00bbin_container\u00bb full_screen_row_position=\u00bbmiddle\u00bb column_margin=\u00bbdefault\u00bb column_direction=\u00bbdefault\u00bb column_direction_tablet=\u00bbdefault\u00bb column_direction_phone=\u00bbdefault\u00bb scene_position=\u00bbcenter\u00bb text_color=\u00bbdark\u00bb text_align=\u00bbleft\u00bb row_border_radius=\u00bbnone\u00bb row_border_radius_applies=\u00bbbg\u00bb overflow=\u00bbvisible\u00bb overlay_strength=\u00bb0.3&#8243; gradient_direction=\u00bbleft_to_right\u00bb shape_divider_position=\u00bbbottom\u00bb bg_image_animation=\u00bbnone\u00bb][vc_column column_padding=\u00bbno-extra-padding\u00bb column_padding_tablet=\u00bbinherit\u00bb column_padding_phone=\u00bbinherit\u00bb column_padding_position=\u00bball\u00bb column_element_direction_desktop=\u00bbdefault\u00bb column_element_spacing=\u00bbdefault\u00bb desktop_text_alignment=\u00bbdefault\u00bb tablet_text_alignment=\u00bbdefault\u00bb&#8230;<\/p>\n","protected":false},"featured_media":15740,"template":"","meta":{"footnotes":""},"product_brand":[],"product_cat":[240,241,253],"product_tag":[],"class_list":{"0":"post-15128","1":"product","2":"type-product","3":"status-publish","4":"has-post-thumbnail","6":"product_cat-construccion","7":"product_cat-gestion-polvos-granulos","8":"product_cat-sacos-big-bags-vacios","10":"first","11":"instock","12":"shipping-taxable","13":"product-type-simple"},"_links":{"self":[{"href":"https:\/\/www.sami.info\/es\/wp-json\/wp\/v2\/product\/15128","targetHints":{"allow":["GET"]}}],"collection":[{"href":"https:\/\/www.sami.info\/es\/wp-json\/wp\/v2\/product"}],"about":[{"href":"https:\/\/www.sami.info\/es\/wp-json\/wp\/v2\/types\/product"}],"version-history":[{"count":3,"href":"https:\/\/www.sami.info\/es\/wp-json\/wp\/v2\/product\/15128\/revisions"}],"predecessor-version":[{"id":17450,"href":"https:\/\/www.sami.info\/es\/wp-json\/wp\/v2\/product\/15128\/revisions\/17450"}],"wp:featuredmedia":[{"embeddable":true,"href":"https:\/\/www.sami.info\/es\/wp-json\/wp\/v2\/media\/15740"}],"wp:attachment":[{"href":"https:\/\/www.sami.info\/es\/wp-json\/wp\/v2\/media?parent=15128"}],"wp:term":[{"taxonomy":"product_brand","embeddable":true,"href":"https:\/\/www.sami.info\/es\/wp-json\/wp\/v2\/product_brand?post=15128"},{"taxonomy":"product_cat","embeddable":true,"href":"https:\/\/www.sami.info\/es\/wp-json\/wp\/v2\/product_cat?post=15128"},{"taxonomy":"product_tag","embeddable":true,"href":"https:\/\/www.sami.info\/es\/wp-json\/wp\/v2\/product_tag?post=15128"}],"curies":[{"name":"wp","href":"https:\/\/api.w.org\/{rel}","templated":true}]}}