{"id":15137,"date":"2021-08-18T13:57:11","date_gmt":"2021-08-18T13:57:11","guid":{"rendered":"https:\/\/www.sami.info\/prodotto\/impianti-container-premiscelati\/"},"modified":"2025-10-30T10:51:34","modified_gmt":"2025-10-30T10:51:34","slug":"plantas-contenedor-premezclas","status":"publish","type":"product","link":"https:\/\/www.sami.info\/es\/prodotto\/plantas-contenedor-premezclas\/","title":{"rendered":"Plantas en contenedor para premezclas BS075M"},"content":{"rendered":"[vc_row type=\u00bbin_container\u00bb full_screen_row_position=\u00bbmiddle\u00bb column_margin=\u00bbdefault\u00bb column_direction=\u00bbdefault\u00bb column_direction_tablet=\u00bbdefault\u00bb column_direction_phone=\u00bbdefault\u00bb scene_position=\u00bbcenter\u00bb text_color=\u00bbdark\u00bb text_align=\u00bbleft\u00bb row_border_radius=\u00bbnone\u00bb row_border_radius_applies=\u00bbbg\u00bb overflow=\u00bbvisible\u00bb overlay_strength=\u00bb0.3&#8243; gradient_direction=\u00bbleft_to_right\u00bb shape_divider_position=\u00bbbottom\u00bb bg_image_animation=\u00bbnone\u00bb][vc_column column_padding=\u00bbno-extra-padding\u00bb column_padding_tablet=\u00bbinherit\u00bb column_padding_phone=\u00bbinherit\u00bb column_padding_position=\u00bball\u00bb column_element_direction_desktop=\u00bbdefault\u00bb column_element_spacing=\u00bbdefault\u00bb desktop_text_alignment=\u00bbdefault\u00bb tablet_text_alignment=\u00bbdefault\u00bb phone_text_alignment=\u00bbdefault\u00bb background_color_opacity=\u00bb1&#8243; background_hover_color_opacity=\u00bb1&#8243; column_backdrop_filter=\u00bbnone\u00bb column_shadow=\u00bbnone\u00bb column_border_radius=\u00bbnone\u00bb column_link_target=\u00bb_self\u00bb column_position=\u00bbdefault\u00bb gradient_direction=\u00bbleft_to_right\u00bb overlay_strength=\u00bb0.3&#8243; width=\u00bb1\/1&#8243; tablet_width_inherit=\u00bbdefault\u00bb animation_type=\u00bbdefault\u00bb bg_image_animation=\u00bbnone\u00bb border_type=\u00bbsimple\u00bb column_border_width=\u00bbnone\u00bb column_border_style=\u00bbsolid\u00bb][vc_column_text css=\u00bb\u00bb text_direction=\u00bbdefault\u00bb]\n<h2>PRODUCCI\u00d3N DE PREMEZCLAS<\/h2>\n<p>La <strong data-start=\"2959\" data-end=\"3004\">planta BS075M (Blending Station \u2013 Mobile)<\/strong> es una <strong data-start=\"3012\" data-end=\"3066\">instalaci\u00f3n m\u00f3vil automatizada de alto rendimiento<\/strong>, dise\u00f1ada para el <strong data-start=\"3085\" data-end=\"3118\">dosificado y mezclado en seco<\/strong> de <strong data-start=\"3122\" data-end=\"3140\">polvos inertes<\/strong> (\u00e1ridos, carbonato, s\u00edlice, yeso) con <strong data-start=\"3179\" data-end=\"3195\">aglutinantes<\/strong> (cemento, cal, sulfato de calcio) y <strong data-start=\"3232\" data-end=\"3244\">aditivos<\/strong> (resinas, aireantes, fluidificantes, fibras, celulosas), para la producci\u00f3n de <strong data-start=\"3324\" data-end=\"3356\">productos listos para su uso<\/strong>, <strong data-start=\"3358\" data-end=\"3393\">a granel o en sacos paletizados<\/strong>, como <strong data-start=\"3400\" data-end=\"3515\">soleras, bases, morteros para enlucidos, alba\u00f1iler\u00edas, acabados, reparaciones, impermeabilizaciones y adhesivos<\/strong>. La planta est\u00e1 dise\u00f1ada para ofrecer al usuario <strong data-start=\"3567\" data-end=\"3634\">tanto una alta movilidad como un alto rendimiento de producci\u00f3n<\/strong>, alcanzando una <strong data-start=\"3651\" data-end=\"3681\">capacidad de hasta 75 m\u00b3\/h<\/strong> de material premezclado.<\/p>\n<h2>PLANTA MEZCLADORA M\u00d3VIL<\/h2>\n<p>A diferencia de las <a href=\"https:\/\/www.sami.info\/es\/?p=15368\">plantas mezcladoras estacionarias BS040<\/a>, las plantas m\u00f3viles BS075M para la producci\u00f3n de materiales de construcci\u00f3n premezclados consisten en <strong>estructuras de contenedores modulares apilables<\/strong> precableados especialmente dise\u00f1ados para minimizar los costes de transporte e instalaci\u00f3n. Las plantas m\u00f3viles BS075M, al igual que las <a href=\"https:\/\/www.sami.info\/es\/?p=15135\">plantas BS040M<\/a>, son, por tanto, la soluci\u00f3n ideal para quienes tengan previsto <strong>trasladar la maquinaria varias veces<\/strong> a lo largo del tiempo o dispongan de un <strong>espacio limitado en la obra<\/strong>. La unidad m\u00f3vil de dosificaci\u00f3n y mezcla suele combinarse con varios <a href=\"https:\/\/www.sami.info\/es\/?p=15092\">silos m\u00f3viles horizontales EUROSILO<\/a> para almacenar y recuperar las materias primas que se van a mezclar. Como alternativa a los silos horizontales, pueden combinarse <a href=\"https:\/\/www.sami.info\/es\/?p=15113\">silos verticales monol\u00edticos<\/a>, <a href=\"https:\/\/www.sami.info\/es\/?p=15117\">telesc\u00f3picos<\/a> o de <a href=\"https:\/\/www.sami.info\/es\/?p=15120\">paneles modulares<\/a>. Los componentes adicionales permiten el almacenamiento del material mezclado, el llenado del cami\u00f3n cisterna de transporte a granel o el envasado de sacos para su paletizaci\u00f3n.<\/p>\n<h2>PLANTA AUTOMATIZADA<\/h2>\n<p data-start=\"4807\" data-end=\"5372\">Todas las fases del proceso de producci\u00f3n son <strong data-start=\"4853\" data-end=\"4885\">gestionadas por un ordenador<\/strong>, mientras que las <strong data-start=\"4904\" data-end=\"4963\">f\u00f3rmulas y la dosificaci\u00f3n de los distintos componentes<\/strong> son procesadas por un <strong data-start=\"4986\" data-end=\"4993\">PLC<\/strong>, conectado a <strong data-start=\"5007\" data-end=\"5054\">sistemas de pesaje electr\u00f3nico gravim\u00e9trico<\/strong> con <strong data-start=\"5059\" data-end=\"5101\">c\u00e9lulas de carga por reducci\u00f3n de peso<\/strong>.<br data-start=\"5102\" data-end=\"5105\" \/>El <strong data-start=\"5108\" data-end=\"5161\">mezclador garantiza una excelente homogeneizaci\u00f3n<\/strong> del material premezclado. El sistema asegura <strong data-start=\"5209\" data-end=\"5263\">calidad, constancia (repetibilidad) y trazabilidad<\/strong> en cada ciclo de producci\u00f3n, cumpliendo con las <strong data-start=\"5312\" data-end=\"5371\">especificaciones t\u00e9cnicas requeridas del producto final<\/strong>.<\/p>\n[\/vc_column_text][\/vc_column][\/vc_row][vc_row type=\u00bbin_container\u00bb full_screen_row_position=\u00bbmiddle\u00bb column_margin=\u00bbdefault\u00bb column_direction=\u00bbdefault\u00bb column_direction_tablet=\u00bbdefault\u00bb column_direction_phone=\u00bbdefault\u00bb scene_position=\u00bbcenter\u00bb text_color=\u00bbdark\u00bb text_align=\u00bbleft\u00bb row_border_radius=\u00bbnone\u00bb row_border_radius_applies=\u00bbbg\u00bb overflow=\u00bbvisible\u00bb overlay_strength=\u00bb0.3&#8243; gradient_direction=\u00bbleft_to_right\u00bb shape_divider_position=\u00bbbottom\u00bb bg_image_animation=\u00bbnone\u00bb][vc_column column_padding=\u00bbno-extra-padding\u00bb column_padding_tablet=\u00bbinherit\u00bb column_padding_phone=\u00bbinherit\u00bb column_padding_position=\u00bball\u00bb column_element_direction_desktop=\u00bbdefault\u00bb column_element_spacing=\u00bbdefault\u00bb desktop_text_alignment=\u00bbdefault\u00bb tablet_text_alignment=\u00bbdefault\u00bb phone_text_alignment=\u00bbdefault\u00bb background_color_opacity=\u00bb1&#8243; background_hover_color_opacity=\u00bb1&#8243; column_backdrop_filter=\u00bbnone\u00bb column_shadow=\u00bbnone\u00bb column_border_radius=\u00bbnone\u00bb column_link_target=\u00bb_self\u00bb column_position=\u00bbdefault\u00bb gradient_direction=\u00bbleft_to_right\u00bb overlay_strength=\u00bb0.3&#8243; width=\u00bb1\/1&#8243; tablet_width_inherit=\u00bbdefault\u00bb animation_type=\u00bbdefault\u00bb bg_image_animation=\u00bbnone\u00bb border_type=\u00bbsimple\u00bb column_border_width=\u00bbnone\u00bb column_border_style=\u00bbsolid\u00bb][nectar_global_section id=\u00bb15094&#8243;][\/vc_column][\/vc_row][vc_row type=\u00bbin_container\u00bb full_screen_row_position=\u00bbmiddle\u00bb column_margin=\u00bbdefault\u00bb column_direction=\u00bbdefault\u00bb column_direction_tablet=\u00bbdefault\u00bb column_direction_phone=\u00bbdefault\u00bb scene_position=\u00bbcenter\u00bb text_color=\u00bbdark\u00bb text_align=\u00bbleft\u00bb row_border_radius=\u00bbnone\u00bb row_border_radius_applies=\u00bbbg\u00bb overflow=\u00bbvisible\u00bb overlay_strength=\u00bb0.3&#8243; gradient_direction=\u00bbleft_to_right\u00bb shape_divider_position=\u00bbbottom\u00bb bg_image_animation=\u00bbnone\u00bb][vc_column column_padding=\u00bbno-extra-padding\u00bb column_padding_tablet=\u00bbinherit\u00bb column_padding_phone=\u00bbinherit\u00bb column_padding_position=\u00bball\u00bb column_element_direction_desktop=\u00bbdefault\u00bb column_element_spacing=\u00bbdefault\u00bb desktop_text_alignment=\u00bbdefault\u00bb tablet_text_alignment=\u00bbdefault\u00bb phone_text_alignment=\u00bbdefault\u00bb background_color_opacity=\u00bb1&#8243; background_hover_color_opacity=\u00bb1&#8243; column_backdrop_filter=\u00bbnone\u00bb column_shadow=\u00bbnone\u00bb column_border_radius=\u00bbnone\u00bb column_link_target=\u00bb_self\u00bb column_position=\u00bbdefault\u00bb gradient_direction=\u00bbleft_to_right\u00bb overlay_strength=\u00bb0.3&#8243; width=\u00bb1\/1&#8243; tablet_width_inherit=\u00bbdefault\u00bb animation_type=\u00bbdefault\u00bb bg_image_animation=\u00bbnone\u00bb border_type=\u00bbsimple\u00bb column_border_width=\u00bbnone\u00bb column_border_style=\u00bbsolid\u00bb][nectar_global_section id=\u00bb10342&#8243;][\/vc_column][\/vc_row]\n","protected":false},"excerpt":{"rendered":"<p>[vc_row type=\u00bbin_container\u00bb full_screen_row_position=\u00bbmiddle\u00bb column_margin=\u00bbdefault\u00bb column_direction=\u00bbdefault\u00bb column_direction_tablet=\u00bbdefault\u00bb column_direction_phone=\u00bbdefault\u00bb scene_position=\u00bbcenter\u00bb text_color=\u00bbdark\u00bb text_align=\u00bbleft\u00bb row_border_radius=\u00bbnone\u00bb row_border_radius_applies=\u00bbbg\u00bb overflow=\u00bbvisible\u00bb overlay_strength=\u00bb0.3&#8243; gradient_direction=\u00bbleft_to_right\u00bb shape_divider_position=\u00bbbottom\u00bb bg_image_animation=\u00bbnone\u00bb][vc_column column_padding=\u00bbno-extra-padding\u00bb column_padding_tablet=\u00bbinherit\u00bb column_padding_phone=\u00bbinherit\u00bb column_padding_position=\u00bball\u00bb column_element_direction_desktop=\u00bbdefault\u00bb column_element_spacing=\u00bbdefault\u00bb desktop_text_alignment=\u00bbdefault\u00bb tablet_text_alignment=\u00bbdefault\u00bb&#8230;<\/p>\n","protected":false},"featured_media":15978,"template":"","meta":{"footnotes":""},"product_brand":[],"product_cat":[240,241,251],"product_tag":[],"class_list":{"0":"post-15137","1":"product","2":"type-product","3":"status-publish","4":"has-post-thumbnail","6":"product_cat-construccion","7":"product_cat-gestion-polvos-granulos","8":"product_cat-plantas-premezclas","10":"first","11":"instock","12":"shipping-taxable","13":"product-type-simple"},"_links":{"self":[{"href":"https:\/\/www.sami.info\/es\/wp-json\/wp\/v2\/product\/15137","targetHints":{"allow":["GET"]}}],"collection":[{"href":"https:\/\/www.sami.info\/es\/wp-json\/wp\/v2\/product"}],"about":[{"href":"https:\/\/www.sami.info\/es\/wp-json\/wp\/v2\/types\/product"}],"version-history":[{"count":3,"href":"https:\/\/www.sami.info\/es\/wp-json\/wp\/v2\/product\/15137\/revisions"}],"predecessor-version":[{"id":17473,"href":"https:\/\/www.sami.info\/es\/wp-json\/wp\/v2\/product\/15137\/revisions\/17473"}],"wp:featuredmedia":[{"embeddable":true,"href":"https:\/\/www.sami.info\/es\/wp-json\/wp\/v2\/media\/15978"}],"wp:attachment":[{"href":"https:\/\/www.sami.info\/es\/wp-json\/wp\/v2\/media?parent=15137"}],"wp:term":[{"taxonomy":"product_brand","embeddable":true,"href":"https:\/\/www.sami.info\/es\/wp-json\/wp\/v2\/product_brand?post=15137"},{"taxonomy":"product_cat","embeddable":true,"href":"https:\/\/www.sami.info\/es\/wp-json\/wp\/v2\/product_cat?post=15137"},{"taxonomy":"product_tag","embeddable":true,"href":"https:\/\/www.sami.info\/es\/wp-json\/wp\/v2\/product_tag?post=15137"}],"curies":[{"name":"wp","href":"https:\/\/api.w.org\/{rel}","templated":true}]}}