{"id":15374,"date":"2021-08-18T15:50:33","date_gmt":"2021-08-18T15:50:33","guid":{"rendered":"https:\/\/www.sami.info\/prodotto\/impianti-calcestruzzo\/"},"modified":"2025-10-31T15:06:20","modified_gmt":"2025-10-31T15:06:20","slug":"centrales-hormigon","status":"publish","type":"product","link":"https:\/\/www.sami.info\/es\/prodotto\/centrales-hormigon\/","title":{"rendered":"Centrales de hormig\u00f3n TECNOMIX"},"content":{"rendered":"[vc_row type=\u00bbin_container\u00bb full_screen_row_position=\u00bbmiddle\u00bb column_margin=\u00bbdefault\u00bb column_direction=\u00bbdefault\u00bb column_direction_tablet=\u00bbdefault\u00bb column_direction_phone=\u00bbdefault\u00bb scene_position=\u00bbcenter\u00bb text_color=\u00bbdark\u00bb text_align=\u00bbleft\u00bb row_border_radius=\u00bbnone\u00bb row_border_radius_applies=\u00bbbg\u00bb overflow=\u00bbvisible\u00bb overlay_strength=\u00bb0.3&#8243; gradient_direction=\u00bbleft_to_right\u00bb shape_divider_position=\u00bbbottom\u00bb bg_image_animation=\u00bbnone\u00bb][vc_column column_padding=\u00bbno-extra-padding\u00bb column_padding_tablet=\u00bbinherit\u00bb column_padding_phone=\u00bbinherit\u00bb column_padding_position=\u00bball\u00bb column_element_direction_desktop=\u00bbdefault\u00bb column_element_spacing=\u00bbdefault\u00bb desktop_text_alignment=\u00bbdefault\u00bb tablet_text_alignment=\u00bbdefault\u00bb phone_text_alignment=\u00bbdefault\u00bb background_color_opacity=\u00bb1&#8243; background_hover_color_opacity=\u00bb1&#8243; column_backdrop_filter=\u00bbnone\u00bb column_shadow=\u00bbnone\u00bb column_border_radius=\u00bbnone\u00bb column_link_target=\u00bb_self\u00bb column_position=\u00bbdefault\u00bb gradient_direction=\u00bbleft_to_right\u00bb overlay_strength=\u00bb0.3&#8243; width=\u00bb1\/1&#8243; tablet_width_inherit=\u00bbdefault\u00bb animation_type=\u00bbdefault\u00bb bg_image_animation=\u00bbnone\u00bb border_type=\u00bbsimple\u00bb column_border_width=\u00bbnone\u00bb column_border_style=\u00bbsolid\u00bb][vc_column_text css=\u00bb\u00bb text_direction=\u00bbdefault\u00bb]\n<h2>PLANTA MEZCLADORA DE HORMIG\u00d3N RMC<\/h2>\n<p>Dise\u00f1adas para la producci\u00f3n de <strong data-start=\"4944\" data-end=\"4995\">concreto premezclado (RMC \u2013 Ready Mix Concrete)<\/strong> de <strong data-start=\"4999\" data-end=\"5015\">alta calidad<\/strong>, las <strong data-start=\"5021\" data-end=\"5053\">plantas de hormig\u00f3n TECNOMIX<\/strong> con <strong data-start=\"5058\" data-end=\"5071\">mezclador<\/strong> combinan <strong data-start=\"5081\" data-end=\"5095\">compacidad<\/strong>, <strong data-start=\"5097\" data-end=\"5124\">facilidad de transporte<\/strong> y <strong data-start=\"5127\" data-end=\"5153\">rapidez de instalaci\u00f3n<\/strong>. Gracias a su <strong data-start=\"5170\" data-end=\"5189\">tama\u00f1o reducido<\/strong> y <strong data-start=\"5192\" data-end=\"5220\">m\u00ednimo espacio requerido<\/strong>, pueden instalarse en <strong data-start=\"5243\" data-end=\"5261\">\u00e1reas cerradas<\/strong> o <strong data-start=\"5264\" data-end=\"5287\">dentro de edificios<\/strong>, sin necesidad de <strong data-start=\"5306\" data-end=\"5337\">rampas de carga para \u00e1ridos<\/strong>. Son ideales para la <strong data-start=\"5361\" data-end=\"5395\">producci\u00f3n y venta de concreto<\/strong>, en <strong data-start=\"5400\" data-end=\"5435\">obras de media y larga duraci\u00f3n<\/strong> y en <strong data-start=\"5441\" data-end=\"5508\">proyectos urbanos, viales, residenciales, e\u00f3licos e hidr\u00e1ulicos<\/strong>.<\/p>\n<h2>PRODUCCI\u00d3N DE HORMIG\u00d3N DE 40 A 80 m\u00b3\/h<\/h2>\n<p>Las plantas mezcladoras de hormig\u00f3n estacionarias para la producci\u00f3n de RMC (Ready Mix Concrete) con mezcladora TECNOMIX est\u00e1n dimensionadas para la dosificaci\u00f3n de materiales inertes (\u00e1ridos) como arena, grava y piedra triturada con una <strong>granulometr\u00eda de hasta 50 mm<\/strong> y est\u00e1n disponibles en la <strong>versi\u00f3n de 2, 3, 4 \u00f3 5 dep\u00f3sitos<\/strong> en las variantes (a) TECNOMIX 40 con mezclador planetario, producci\u00f3n de 40 m\u00b3\/h y tolvas de \u00e1ridos con sistema de pesaje independiente de 11 m\u00b3 cada una, (b) TECNOMIX 60, con mezclador horizontal, producci\u00f3n de 60 m\u00b3\/h y tolvas de \u00e1ridos de 25 m\u00b3 cada una, (c) TECNOMIX 80, con mezclador horizontal, producci\u00f3n de 80 m\u00b3\/h y tolvas de \u00e1ridos de 25 m\u00b3 cada una. El <strong data-start=\"6127\" data-end=\"6166\">dosificado de todos los componentes<\/strong> (\u00e1ridos, cemento, agua y aditivos), junto con la <strong data-start=\"6216\" data-end=\"6240\">detecci\u00f3n de humedad<\/strong> y el <strong data-start=\"6246\" data-end=\"6276\">ajuste autom\u00e1tico del agua<\/strong>, se gestiona mediante el <strong data-start=\"6302\" data-end=\"6325\">software de control<\/strong> instalado en el <strong data-start=\"6342\" data-end=\"6370\">PC de la cabina de mando<\/strong>.<\/p>\n<h2>SILOS VERTICALES MONOL\u00cdTICOS, TELESC\u00d3PICOS Y DE PANEL MODULAR<\/h2>\n<p>En una planta de RMC (Ready Mix Concrete), el almacenamiento y la dosificaci\u00f3n de uno o varios tipos de cemento es un componente fundamental e indispensable. Si los <a href=\"https:\/\/www.sami.info\/es\/?p=15092\">silos m\u00f3viles horizontales EUROSILO<\/a> son el complemento ideal para las <a href=\"https:\/\/www.sami.info\/es\/?p=15460\">centrales de dosificaci\u00f3n m\u00f3viles TECNO<\/a>, el complemento natural para las centrales de dosificaci\u00f3n fijas (estacionarias) TECNOMIX son los <a href=\"https:\/\/www.sami.info\/es\/?p=15113\">silos verticales de polvo monol\u00edticos<\/a>, <a href=\"https:\/\/www.sami.info\/es\/?p=15117\">telesc\u00f3picos<\/a> y <a href=\"https:\/\/www.sami.info\/es\/?p=15120\">modulares<\/a> (fijos\/estacionarios). Esta configuraci\u00f3n ofrece <strong data-start=\"6831\" data-end=\"6878\">alta capacidad de almacenamiento de cemento<\/strong>, un <strong data-start=\"6883\" data-end=\"6934\">aprovechamiento vertical del espacio de trabajo<\/strong>, y una <strong data-start=\"6942\" data-end=\"6994\">reducci\u00f3n significativa del \u00e1rea ocupada en obra<\/strong>.[\/vc_column_text][\/vc_column][\/vc_row][vc_row type=\u00bbin_container\u00bb full_screen_row_position=\u00bbmiddle\u00bb column_margin=\u00bbdefault\u00bb column_direction=\u00bbdefault\u00bb column_direction_tablet=\u00bbdefault\u00bb column_direction_phone=\u00bbdefault\u00bb scene_position=\u00bbcenter\u00bb text_color=\u00bbdark\u00bb text_align=\u00bbleft\u00bb row_border_radius=\u00bbnone\u00bb row_border_radius_applies=\u00bbbg\u00bb overflow=\u00bbvisible\u00bb overlay_strength=\u00bb0.3&#8243; gradient_direction=\u00bbleft_to_right\u00bb shape_divider_position=\u00bbbottom\u00bb bg_image_animation=\u00bbnone\u00bb][vc_column column_padding=\u00bbno-extra-padding\u00bb column_padding_tablet=\u00bbinherit\u00bb column_padding_phone=\u00bbinherit\u00bb column_padding_position=\u00bball\u00bb column_element_direction_desktop=\u00bbdefault\u00bb column_element_spacing=\u00bbdefault\u00bb desktop_text_alignment=\u00bbdefault\u00bb tablet_text_alignment=\u00bbdefault\u00bb phone_text_alignment=\u00bbdefault\u00bb background_color_opacity=\u00bb1&#8243; background_hover_color_opacity=\u00bb1&#8243; column_backdrop_filter=\u00bbnone\u00bb column_shadow=\u00bbnone\u00bb column_border_radius=\u00bbnone\u00bb column_link_target=\u00bb_self\u00bb column_position=\u00bbdefault\u00bb gradient_direction=\u00bbleft_to_right\u00bb overlay_strength=\u00bb0.3&#8243; width=\u00bb1\/1&#8243; tablet_width_inherit=\u00bbdefault\u00bb animation_type=\u00bbdefault\u00bb bg_image_animation=\u00bbnone\u00bb border_type=\u00bbsimple\u00bb column_border_width=\u00bbnone\u00bb column_border_style=\u00bbsolid\u00bb][nectar_global_section id=\u00bb15094&#8243;][nectar_global_section id=\u00bb11435&#8243;][nectar_global_section id=\u00bb6464&#8243;][\/vc_column][\/vc_row]\n","protected":false},"excerpt":{"rendered":"<p>[vc_row type=\u00bbin_container\u00bb full_screen_row_position=\u00bbmiddle\u00bb column_margin=\u00bbdefault\u00bb column_direction=\u00bbdefault\u00bb column_direction_tablet=\u00bbdefault\u00bb column_direction_phone=\u00bbdefault\u00bb scene_position=\u00bbcenter\u00bb text_color=\u00bbdark\u00bb text_align=\u00bbleft\u00bb row_border_radius=\u00bbnone\u00bb row_border_radius_applies=\u00bbbg\u00bb overflow=\u00bbvisible\u00bb overlay_strength=\u00bb0.3&#8243; gradient_direction=\u00bbleft_to_right\u00bb shape_divider_position=\u00bbbottom\u00bb bg_image_animation=\u00bbnone\u00bb][vc_column column_padding=\u00bbno-extra-padding\u00bb column_padding_tablet=\u00bbinherit\u00bb column_padding_phone=\u00bbinherit\u00bb column_padding_position=\u00bball\u00bb column_element_direction_desktop=\u00bbdefault\u00bb column_element_spacing=\u00bbdefault\u00bb desktop_text_alignment=\u00bbdefault\u00bb tablet_text_alignment=\u00bbdefault\u00bb&#8230;<\/p>\n","protected":false},"featured_media":14637,"template":"","meta":{"footnotes":""},"product_brand":[],"product_cat":[240,255,254],"product_tag":[],"class_list":{"0":"post-15374","1":"product","2":"type-product","3":"status-publish","4":"has-post-thumbnail","6":"product_cat-construccion","7":"product_cat-plantas-hormigon","8":"product_cat-produccion-hormigon","10":"first","11":"instock","12":"shipping-taxable","13":"product-type-simple"},"_links":{"self":[{"href":"https:\/\/www.sami.info\/es\/wp-json\/wp\/v2\/product\/15374","targetHints":{"allow":["GET"]}}],"collection":[{"href":"https:\/\/www.sami.info\/es\/wp-json\/wp\/v2\/product"}],"about":[{"href":"https:\/\/www.sami.info\/es\/wp-json\/wp\/v2\/types\/product"}],"version-history":[{"count":4,"href":"https:\/\/www.sami.info\/es\/wp-json\/wp\/v2\/product\/15374\/revisions"}],"predecessor-version":[{"id":17510,"href":"https:\/\/www.sami.info\/es\/wp-json\/wp\/v2\/product\/15374\/revisions\/17510"}],"wp:featuredmedia":[{"embeddable":true,"href":"https:\/\/www.sami.info\/es\/wp-json\/wp\/v2\/media\/14637"}],"wp:attachment":[{"href":"https:\/\/www.sami.info\/es\/wp-json\/wp\/v2\/media?parent=15374"}],"wp:term":[{"taxonomy":"product_brand","embeddable":true,"href":"https:\/\/www.sami.info\/es\/wp-json\/wp\/v2\/product_brand?post=15374"},{"taxonomy":"product_cat","embeddable":true,"href":"https:\/\/www.sami.info\/es\/wp-json\/wp\/v2\/product_cat?post=15374"},{"taxonomy":"product_tag","embeddable":true,"href":"https:\/\/www.sami.info\/es\/wp-json\/wp\/v2\/product_tag?post=15374"}],"curies":[{"name":"wp","href":"https:\/\/api.w.org\/{rel}","templated":true}]}}