{"id":15376,"date":"2021-08-18T15:58:26","date_gmt":"2021-08-18T15:58:26","guid":{"rendered":"https:\/\/www.sami.info\/prodotto\/impianti-betonaggio\/"},"modified":"2025-10-31T08:53:56","modified_gmt":"2025-10-31T08:53:56","slug":"plantas-dosificadoras-hormigon","status":"publish","type":"product","link":"https:\/\/www.sami.info\/es\/prodotto\/plantas-dosificadoras-hormigon\/","title":{"rendered":"Plantas dosificadoras de hormig\u00f3n TECNO LT"},"content":{"rendered":"[vc_row type=\u00bbin_container\u00bb full_screen_row_position=\u00bbmiddle\u00bb column_margin=\u00bbdefault\u00bb column_direction=\u00bbdefault\u00bb column_direction_tablet=\u00bbdefault\u00bb column_direction_phone=\u00bbdefault\u00bb scene_position=\u00bbcenter\u00bb text_color=\u00bbdark\u00bb text_align=\u00bbleft\u00bb row_border_radius=\u00bbnone\u00bb row_border_radius_applies=\u00bbbg\u00bb overflow=\u00bbvisible\u00bb overlay_strength=\u00bb0.3&#8243; gradient_direction=\u00bbleft_to_right\u00bb shape_divider_position=\u00bbbottom\u00bb bg_image_animation=\u00bbnone\u00bb][vc_column column_padding=\u00bbno-extra-padding\u00bb column_padding_tablet=\u00bbinherit\u00bb column_padding_phone=\u00bbinherit\u00bb column_padding_position=\u00bball\u00bb column_element_direction_desktop=\u00bbdefault\u00bb column_element_spacing=\u00bbdefault\u00bb desktop_text_alignment=\u00bbdefault\u00bb tablet_text_alignment=\u00bbdefault\u00bb phone_text_alignment=\u00bbdefault\u00bb background_color_opacity=\u00bb1&#8243; background_hover_color_opacity=\u00bb1&#8243; column_backdrop_filter=\u00bbnone\u00bb column_shadow=\u00bbnone\u00bb column_border_radius=\u00bbnone\u00bb column_link_target=\u00bb_self\u00bb column_position=\u00bbdefault\u00bb gradient_direction=\u00bbleft_to_right\u00bb overlay_strength=\u00bb0.3&#8243; width=\u00bb1\/1&#8243; tablet_width_inherit=\u00bbdefault\u00bb animation_type=\u00bbdefault\u00bb bg_image_animation=\u00bbnone\u00bb border_type=\u00bbsimple\u00bb column_border_width=\u00bbnone\u00bb column_border_style=\u00bbsolid\u00bb][vc_column_text css=\u00bb\u00bb text_direction=\u00bbdefault\u00bb]\n<h2>PLANTA DE HORMIG\u00d3N FIJA (ESTACIONARIA)<\/h2>\n<p>La planta modelo TECNO LT es una planta fija (estacionaria) para la <strong>producci\u00f3n de RMC (Ready Mix Concrete) en mezclas sobre cami\u00f3n<\/strong> y es la versi\u00f3n b\u00e1sica de la <a href=\"https:\/\/www.sami.info\/es\/?p=15460\">planta m\u00f3vil de hormig\u00f3n TECNO<\/a>. Las caracter\u00edsticas que distinguen las <strong data-start=\"4079\" data-end=\"4133\">plantas de hormig\u00f3n fijas (estacionarias) TECNO LT<\/strong> de las plantas tradicionales son, adem\u00e1s de las dimensiones optimizadas para minimizar los costes de transporte, la compacidad, la facilidad de instalaci\u00f3n y la alta versatilidad \u2014 caracter\u00edsticas \u00fanicas que permiten que el <strong data-start=\"4358\" data-end=\"4402\">grupo de dosificaci\u00f3n de \u00e1ridos TECNO LT<\/strong> se instale en los lugares m\u00e1s estrechos y dif\u00edciles, dentro de edificios y t\u00faneles, as\u00ed como en los centros urbanos de ciudades congestionadas por el tr\u00e1fico. Las <strong data-start=\"4568\" data-end=\"4622\">plantas de hormig\u00f3n fijas (estacionarias) TECNO LT<\/strong> son adecuadas para la producci\u00f3n y venta de hormig\u00f3n, para obras de media y larga duraci\u00f3n y para proyectos con \u00e1reas de trabajo limitadas. Producen <strong data-start=\"4774\" data-end=\"4811\">hormig\u00f3n RMC (Ready Mix Concrete)<\/strong> para obras urbanas, viales y residenciales, as\u00ed como <strong data-start=\"4865\" data-end=\"4902\">hormig\u00f3n RMC (Ready Mix Concrete)<\/strong> para cimientos e\u00f3licos y obras hidr\u00e1ulicas (presas y diques).<\/p>\n<h2>PRODUCCI\u00d3N DE HORMIG\u00d3N DE 60 A 100 m\u00b3\/h<\/h2>\n<p>Al igual que las <a href=\"https:\/\/www.sami.info\/es\/?p=15460\">centrales de hormig\u00f3n m\u00f3viles TECNO<\/a>, las centrales de hormig\u00f3n estacionarias para la producci\u00f3n de RMC (Ready Mix Concrete) de la hormigonera sobre cami\u00f3n TECNO LT est\u00e1n dimensionadas para la dosificaci\u00f3n de materiales inertes (\u00e1ridos) como arena, grava y piedra triturada con una <strong>granulometr\u00eda de hasta 50 mm<\/strong> y est\u00e1n disponibles en las <strong>versiones con 2, 3 \u00f3 4 dep\u00f3sitos<\/strong> en las variantes (a) TECNO 060 LT, con una capacidad de 60 m\u00b3\/h y tolvas de \u00e1ridos de 8 m\u00b3 cada una, b) TECNO 100 LT, con una capacidad de 100 m\u00b3\/h y tolvas de \u00e1ridos de 13 m\u00b3 cada una, y c) TECNO 100 PLUS LT, con una capacidad de 100 m\u00b3\/h y tolvas de \u00e1ridos con sistema de pesaje independiente de 11 m\u00b3 cada una. Las dimensiones de toda la serie son lo suficientemente reducidas como para poder transportarla en <strong>cami\u00f3n semirremolque est\u00e1ndar<\/strong> (por tierra) <strong>o en contenedores de estanter\u00edas planas<\/strong> (por barco).El dosificado de todos los componentes (\u00e1ridos, cemento, agua y aditivos), as\u00ed como la detecci\u00f3n de la humedad retenida por los \u00e1ridos y la consiguiente modificaci\u00f3n de las cantidades de agua introducidas en la mezcla, se realiza autom\u00e1ticamente gracias a un <strong>sistema de gesti\u00f3n <\/strong>con pantalla t\u00e1ctil de f\u00e1cil uso a bordo de la m\u00e1quina o mediante una <strong>estaci\u00f3n PC<\/strong> situada dentro de la cabina de control.<\/p>\n<h2>SILOS VERTICALES MONOL\u00cdTICOS Y TELESC\u00d3PICOS SILMATIC<\/h2>\n<p>En una planta de RMC (Ready Mix Concrete), el almacenamiento y la dosificaci\u00f3n de uno o varios tipos de cemento es un componente fundamental e indispensable. Si los <a href=\"https:\/\/www.sami.info\/es\/?p=15092\">silos m\u00f3viles horizontales EUROSILO<\/a> son el complemento ideal para las <a href=\"https:\/\/www.sami.info\/es\/?p=15460\">plantas de dosificaci\u00f3n m\u00f3viles TECNO<\/a>, el complemento natural para las plantas de dosificaci\u00f3n fijas (estacionarias) TECNO LT son los silos verticales monol\u00edticos y telesc\u00f3picos (fijos\/estacionarios) para polvo con sistema de pesaje electr\u00f3nico versi\u00f3n SILMATIC. Esta configuraci\u00f3n desarrolla el <strong>\u00e1rea de trabajo en vertical<\/strong>, reduce el espacio total ocupado y permite un considerable ahorro de espacio en <strong>obra<\/strong>.[\/vc_column_text][\/vc_column][\/vc_row][vc_row type=\u00bbin_container\u00bb full_screen_row_position=\u00bbmiddle\u00bb column_margin=\u00bbdefault\u00bb column_direction=\u00bbdefault\u00bb column_direction_tablet=\u00bbdefault\u00bb column_direction_phone=\u00bbdefault\u00bb scene_position=\u00bbcenter\u00bb text_color=\u00bbdark\u00bb text_align=\u00bbleft\u00bb row_border_radius=\u00bbnone\u00bb row_border_radius_applies=\u00bbbg\u00bb overflow=\u00bbvisible\u00bb overlay_strength=\u00bb0.3&#8243; gradient_direction=\u00bbleft_to_right\u00bb shape_divider_position=\u00bbbottom\u00bb bg_image_animation=\u00bbnone\u00bb][vc_column column_padding=\u00bbno-extra-padding\u00bb column_padding_tablet=\u00bbinherit\u00bb column_padding_phone=\u00bbinherit\u00bb column_padding_position=\u00bball\u00bb column_element_direction_desktop=\u00bbdefault\u00bb column_element_spacing=\u00bbdefault\u00bb desktop_text_alignment=\u00bbdefault\u00bb tablet_text_alignment=\u00bbdefault\u00bb phone_text_alignment=\u00bbdefault\u00bb background_color_opacity=\u00bb1&#8243; background_hover_color_opacity=\u00bb1&#8243; column_backdrop_filter=\u00bbnone\u00bb column_shadow=\u00bbnone\u00bb column_border_radius=\u00bbnone\u00bb column_link_target=\u00bb_self\u00bb column_position=\u00bbdefault\u00bb gradient_direction=\u00bbleft_to_right\u00bb overlay_strength=\u00bb0.3&#8243; width=\u00bb1\/1&#8243; tablet_width_inherit=\u00bbdefault\u00bb animation_type=\u00bbdefault\u00bb bg_image_animation=\u00bbnone\u00bb border_type=\u00bbsimple\u00bb column_border_width=\u00bbnone\u00bb column_border_style=\u00bbsolid\u00bb][nectar_global_section id=\u00bb15094&#8243;][nectar_global_section id=\u00bb10881&#8243;][nectar_global_section id=\u00bb6466&#8243;][\/vc_column][\/vc_row]\n","protected":false},"excerpt":{"rendered":"<p>[vc_row type=\u00bbin_container\u00bb full_screen_row_position=\u00bbmiddle\u00bb column_margin=\u00bbdefault\u00bb column_direction=\u00bbdefault\u00bb column_direction_tablet=\u00bbdefault\u00bb column_direction_phone=\u00bbdefault\u00bb scene_position=\u00bbcenter\u00bb text_color=\u00bbdark\u00bb text_align=\u00bbleft\u00bb row_border_radius=\u00bbnone\u00bb row_border_radius_applies=\u00bbbg\u00bb overflow=\u00bbvisible\u00bb overlay_strength=\u00bb0.3&#8243; gradient_direction=\u00bbleft_to_right\u00bb shape_divider_position=\u00bbbottom\u00bb bg_image_animation=\u00bbnone\u00bb][vc_column column_padding=\u00bbno-extra-padding\u00bb column_padding_tablet=\u00bbinherit\u00bb column_padding_phone=\u00bbinherit\u00bb column_padding_position=\u00bball\u00bb column_element_direction_desktop=\u00bbdefault\u00bb column_element_spacing=\u00bbdefault\u00bb desktop_text_alignment=\u00bbdefault\u00bb tablet_text_alignment=\u00bbdefault\u00bb&#8230;<\/p>\n","protected":false},"featured_media":14733,"template":"","meta":{"footnotes":""},"product_brand":[],"product_cat":[240,255,254],"product_tag":[],"class_list":{"0":"post-15376","1":"product","2":"type-product","3":"status-publish","4":"has-post-thumbnail","6":"product_cat-construccion","7":"product_cat-plantas-hormigon","8":"product_cat-produccion-hormigon","10":"first","11":"instock","12":"shipping-taxable","13":"product-type-simple"},"_links":{"self":[{"href":"https:\/\/www.sami.info\/es\/wp-json\/wp\/v2\/product\/15376","targetHints":{"allow":["GET"]}}],"collection":[{"href":"https:\/\/www.sami.info\/es\/wp-json\/wp\/v2\/product"}],"about":[{"href":"https:\/\/www.sami.info\/es\/wp-json\/wp\/v2\/types\/product"}],"version-history":[{"count":4,"href":"https:\/\/www.sami.info\/es\/wp-json\/wp\/v2\/product\/15376\/revisions"}],"predecessor-version":[{"id":17494,"href":"https:\/\/www.sami.info\/es\/wp-json\/wp\/v2\/product\/15376\/revisions\/17494"}],"wp:featuredmedia":[{"embeddable":true,"href":"https:\/\/www.sami.info\/es\/wp-json\/wp\/v2\/media\/14733"}],"wp:attachment":[{"href":"https:\/\/www.sami.info\/es\/wp-json\/wp\/v2\/media?parent=15376"}],"wp:term":[{"taxonomy":"product_brand","embeddable":true,"href":"https:\/\/www.sami.info\/es\/wp-json\/wp\/v2\/product_brand?post=15376"},{"taxonomy":"product_cat","embeddable":true,"href":"https:\/\/www.sami.info\/es\/wp-json\/wp\/v2\/product_cat?post=15376"},{"taxonomy":"product_tag","embeddable":true,"href":"https:\/\/www.sami.info\/es\/wp-json\/wp\/v2\/product_tag?post=15376"}],"curies":[{"name":"wp","href":"https:\/\/api.w.org\/{rel}","templated":true}]}}