{"id":16384,"date":"2021-08-18T14:59:40","date_gmt":"2021-08-18T14:59:40","guid":{"rendered":"https:\/\/www.sami.info\/prodotto\/impianti-mobili-calcestruzzo\/"},"modified":"2024-09-19T06:59:56","modified_gmt":"2024-09-19T06:59:56","slug":"centrales-moviles-hormigon","status":"publish","type":"product","link":"https:\/\/www.sami.info\/es\/prodotto\/centrales-moviles-hormigon\/","title":{"rendered":"Centrales m\u00f3viles de hormig\u00f3n XROAD"},"content":{"rendered":"[vc_row type=\u00bbin_container\u00bb full_screen_row_position=\u00bbmiddle\u00bb column_margin=\u00bbdefault\u00bb column_direction=\u00bbdefault\u00bb column_direction_tablet=\u00bbdefault\u00bb column_direction_phone=\u00bbdefault\u00bb scene_position=\u00bbcenter\u00bb text_color=\u00bbdark\u00bb text_align=\u00bbleft\u00bb row_border_radius=\u00bbnone\u00bb row_border_radius_applies=\u00bbbg\u00bb overflow=\u00bbvisible\u00bb overlay_strength=\u00bb0.3&#8243; gradient_direction=\u00bbleft_to_right\u00bb shape_divider_position=\u00bbbottom\u00bb bg_image_animation=\u00bbnone\u00bb][vc_column column_padding=\u00bbno-extra-padding\u00bb column_padding_tablet=\u00bbinherit\u00bb column_padding_phone=\u00bbinherit\u00bb column_padding_position=\u00bball\u00bb column_element_direction_desktop=\u00bbdefault\u00bb column_element_spacing=\u00bbdefault\u00bb desktop_text_alignment=\u00bbdefault\u00bb tablet_text_alignment=\u00bbdefault\u00bb phone_text_alignment=\u00bbdefault\u00bb background_color_opacity=\u00bb1&#8243; background_hover_color_opacity=\u00bb1&#8243; column_backdrop_filter=\u00bbnone\u00bb column_shadow=\u00bbnone\u00bb column_border_radius=\u00bbnone\u00bb column_link_target=\u00bb_self\u00bb column_position=\u00bbdefault\u00bb gradient_direction=\u00bbleft_to_right\u00bb overlay_strength=\u00bb0.3&#8243; width=\u00bb1\/1&#8243; tablet_width_inherit=\u00bbdefault\u00bb animation_type=\u00bbdefault\u00bb bg_image_animation=\u00bbnone\u00bb border_type=\u00bbsimple\u00bb column_border_width=\u00bbnone\u00bb column_border_style=\u00bbsolid\u00bb][vc_column_text css=\u00bb\u00bb text_direction=\u00bbdefault\u00bb]\n<h2>PLANTA M\u00d3VIL DE HORMIG\u00d3N<\/h2>\n<p>La XROAD C40 es una planta m\u00f3vil de hormig\u00f3n con <strong>mezcla continua<\/strong> para la producci\u00f3n de <strong>mezclas de cemento<\/strong> (hormig\u00f3n y hormig\u00f3n mezclado hidr\u00e1ulicamente) y <strong>mezclas de asfalto en fr\u00edo<\/strong> (asfalto en fr\u00edo) dise\u00f1ada para ser montada en un cami\u00f3n de 3 ejes y ofrecer la m\u00e1xima <strong>movilidad, agilidad y versatilidad<\/strong> a quienes necesitan trabajar en zonas urbanas congestionadas por el tr\u00e1fico, obras aisladas, zonas de dif\u00edcil acceso y espacio limitado. A diferencia de las plantas fijas (estacionarias) y m\u00f3viles tradicionales, la planta m\u00f3vil de hormig\u00f3n XROAD C40 es completamente independiente, puede ser <strong>operada por un solo operario<\/strong> y permite (a) la carga de las materias primas necesarias (\u00e1ridos de hasta 50 mm de di\u00e1metro, cemento, agua, aditivos, emulsi\u00f3n) dentro de su propia planta, (b) su transporte en compartimentos separados hasta el lugar de trabajo para su utilizaci\u00f3n y, (c) en base a la receta establecida, la producci\u00f3n de la mezcla directamente en el lugar de descarga (<strong>mezcla en el lugar de trabajo<\/strong>), en el momento y en las cantidades deseadas, evitando esperas y restos de producto acabado, optimizando los costes de producci\u00f3n y minimizando el impacto medioambiental global de la transformaci\u00f3n. La planta puede funcionar con un motor di\u00e9sel\/el\u00e9ctrico a bordo o, alternativamente, directamente desde la toma de fuerza del cami\u00f3n.<\/p>\n<p>DISE\u00d1O DE LA MEZCLA: DOSIFICACI\u00d3N ELECTR\u00d3NICA DE MATERIALES<\/p>\n<p>La producci\u00f3n de la mezcla (dosificaci\u00f3n y mezcla de materias primas) se realiza directamente in situ a trav\u00e9s de un sencillo e intuitivo <strong>panel de control con pantalla t\u00e1ctil<\/strong> a bordo. La dosificaci\u00f3n de los aglutinantes en polvo (cemento) y de los \u00e1ridos (agregados como arena, grava y piedra triturada) se efect\u00faa mediante<strong> sistemas electr\u00f3nicos de pesaje<\/strong> gravim\u00e9trico con c\u00e9lulas de carga de peso decreciente, mientras que la dosificaci\u00f3n de los aditivos y del agua se realiza mediante contadores de litros. La sonda de detecci\u00f3n de la humedad retenida por los \u00e1ridos compensa autom\u00e1ticamente la dosificaci\u00f3n de las cantidades de agua fijadas en la receta. El sistema de control electr\u00f3nico supervisa constantemente la producci\u00f3n y el flujo de materiales, garantizando la <strong>precisi\u00f3n, calidad del producto final<\/strong> (por ejemplo, hormig\u00f3n certificable) y la <strong>repetibilidad del dise\u00f1o de mezcla<\/strong> requerido. En funci\u00f3n de la receta establecida, se pueden producir diferentes mezclas (dise\u00f1os de mezcla) con la misma carga de materias primas. El sistema permite almacenar y recuperar f\u00f3rmulas predefinidas, leer y guardar digitalmente los datos de consumo, imprimir en papel las producciones, monitorizar y asistir a distancia.<\/p>\n<p>MEZCLA CONTINUA 40 M\u00b3\/H<\/p>\n<p>En funci\u00f3n de las materias primas utilizadas, la planta mezcladora de hormig\u00f3n m\u00f3vil XROAD C40 puede alcanzar una producci\u00f3n de 40 m\u00b3\/h en continuo, que el operario puede detener en cualquier momento. La unidad de mezcla consta de un sistema de dos etapas: la primera mezcladora se encarga de la <strong>mezcla de los materiales<\/strong> dosificados (\u00e1ridos, cemento, agua, aditivos, emulsiones), mientras que la segunda mezcladora es responsable de la <strong>homogeneizaci\u00f3n final<\/strong> (y descarga) de la mezcla de cemento o bet\u00fan requerida. Todos los elementos de desgaste son f\u00e1cilmente accesibles y est\u00e1n dise\u00f1ados para ser sustituidos con facilidad, lo que permite un <strong>ahorro significativo en el tiempo de inactividad de la m\u00e1quina, la limpieza y los costes de mantenimiento<\/strong>. Construcci\u00f3n civil, infraestructuras, obras viarias, reciclaje, hormig\u00f3n premezclado, hormig\u00f3n prefabricado, estabilizaci\u00f3n de suelos; la XROAD C40 es una planta mezcladora m\u00f3vil que permite la producci\u00f3n de RMC (hormig\u00f3n premezclado), as\u00ed como de mezclas cementadas, productos \u00e1ridos, morteros, asfaltos en fr\u00edo, hormig\u00f3n reciclado y <strong>mezclas de cualquier consistencia<\/strong>.[\/vc_column_text][\/vc_column][\/vc_row][vc_row type=\u00bbin_container\u00bb full_screen_row_position=\u00bbmiddle\u00bb column_margin=\u00bbdefault\u00bb column_direction=\u00bbdefault\u00bb column_direction_tablet=\u00bbdefault\u00bb column_direction_phone=\u00bbdefault\u00bb scene_position=\u00bbcenter\u00bb text_color=\u00bbdark\u00bb text_align=\u00bbleft\u00bb row_border_radius=\u00bbnone\u00bb row_border_radius_applies=\u00bbbg\u00bb overflow=\u00bbvisible\u00bb overlay_strength=\u00bb0.3&#8243; gradient_direction=\u00bbleft_to_right\u00bb shape_divider_position=\u00bbbottom\u00bb bg_image_animation=\u00bbnone\u00bb][vc_column column_padding=\u00bbno-extra-padding\u00bb column_padding_tablet=\u00bbinherit\u00bb column_padding_phone=\u00bbinherit\u00bb column_padding_position=\u00bball\u00bb column_element_direction_desktop=\u00bbdefault\u00bb column_element_spacing=\u00bbdefault\u00bb desktop_text_alignment=\u00bbdefault\u00bb tablet_text_alignment=\u00bbdefault\u00bb phone_text_alignment=\u00bbdefault\u00bb background_color_opacity=\u00bb1&#8243; background_hover_color_opacity=\u00bb1&#8243; column_backdrop_filter=\u00bbnone\u00bb column_shadow=\u00bbnone\u00bb column_border_radius=\u00bbnone\u00bb column_link_target=\u00bb_self\u00bb column_position=\u00bbdefault\u00bb gradient_direction=\u00bbleft_to_right\u00bb overlay_strength=\u00bb0.3&#8243; width=\u00bb1\/1&#8243; tablet_width_inherit=\u00bbdefault\u00bb animation_type=\u00bbdefault\u00bb bg_image_animation=\u00bbnone\u00bb border_type=\u00bbsimple\u00bb column_border_width=\u00bbnone\u00bb column_border_style=\u00bbsolid\u00bb][nectar_global_section id=\u00bb15094&#8243;][\/vc_column][\/vc_row][vc_row type=\u00bbin_container\u00bb full_screen_row_position=\u00bbmiddle\u00bb column_margin=\u00bbdefault\u00bb column_direction=\u00bbdefault\u00bb column_direction_tablet=\u00bbdefault\u00bb column_direction_phone=\u00bbdefault\u00bb scene_position=\u00bbcenter\u00bb text_color=\u00bbdark\u00bb text_align=\u00bbleft\u00bb row_border_radius=\u00bbnone\u00bb row_border_radius_applies=\u00bbbg\u00bb overflow=\u00bbvisible\u00bb overlay_strength=\u00bb0.3&#8243; gradient_direction=\u00bbleft_to_right\u00bb shape_divider_position=\u00bbbottom\u00bb bg_image_animation=\u00bbnone\u00bb][vc_column column_padding=\u00bbno-extra-padding\u00bb column_padding_tablet=\u00bbinherit\u00bb column_padding_phone=\u00bbinherit\u00bb column_padding_position=\u00bball\u00bb column_element_direction_desktop=\u00bbdefault\u00bb column_element_spacing=\u00bbdefault\u00bb desktop_text_alignment=\u00bbdefault\u00bb tablet_text_alignment=\u00bbdefault\u00bb phone_text_alignment=\u00bbdefault\u00bb background_color_opacity=\u00bb1&#8243; background_hover_color_opacity=\u00bb1&#8243; column_backdrop_filter=\u00bbnone\u00bb column_shadow=\u00bbnone\u00bb column_border_radius=\u00bbnone\u00bb column_link_target=\u00bb_self\u00bb column_position=\u00bbdefault\u00bb gradient_direction=\u00bbleft_to_right\u00bb overlay_strength=\u00bb0.3&#8243; width=\u00bb1\/1&#8243; tablet_width_inherit=\u00bbdefault\u00bb animation_type=\u00bbdefault\u00bb bg_image_animation=\u00bbnone\u00bb border_type=\u00bbsimple\u00bb column_border_width=\u00bbnone\u00bb column_border_style=\u00bbsolid\u00bb][nectar_global_section id=\u00bb10317&#8243;][\/vc_column][\/vc_row]\n","protected":false},"excerpt":{"rendered":"<p>[vc_row type=\u00bbin_container\u00bb full_screen_row_position=\u00bbmiddle\u00bb column_margin=\u00bbdefault\u00bb column_direction=\u00bbdefault\u00bb column_direction_tablet=\u00bbdefault\u00bb column_direction_phone=\u00bbdefault\u00bb scene_position=\u00bbcenter\u00bb text_color=\u00bbdark\u00bb text_align=\u00bbleft\u00bb row_border_radius=\u00bbnone\u00bb row_border_radius_applies=\u00bbbg\u00bb overflow=\u00bbvisible\u00bb overlay_strength=\u00bb0.3&#8243; gradient_direction=\u00bbleft_to_right\u00bb shape_divider_position=\u00bbbottom\u00bb bg_image_animation=\u00bbnone\u00bb][vc_column column_padding=\u00bbno-extra-padding\u00bb column_padding_tablet=\u00bbinherit\u00bb column_padding_phone=\u00bbinherit\u00bb column_padding_position=\u00bball\u00bb column_element_direction_desktop=\u00bbdefault\u00bb column_element_spacing=\u00bbdefault\u00bb desktop_text_alignment=\u00bbdefault\u00bb tablet_text_alignment=\u00bbdefault\u00bb&#8230;<\/p>\n","protected":false},"featured_media":14835,"template":"","meta":{"footnotes":""},"product_brand":[],"product_cat":[240,255,254],"product_tag":[],"class_list":{"0":"post-16384","1":"product","2":"type-product","3":"status-publish","4":"has-post-thumbnail","6":"product_cat-construccion","7":"product_cat-plantas-hormigon","8":"product_cat-produccion-hormigon","10":"first","11":"instock","12":"shipping-taxable","13":"product-type-simple"},"_links":{"self":[{"href":"https:\/\/www.sami.info\/es\/wp-json\/wp\/v2\/product\/16384","targetHints":{"allow":["GET"]}}],"collection":[{"href":"https:\/\/www.sami.info\/es\/wp-json\/wp\/v2\/product"}],"about":[{"href":"https:\/\/www.sami.info\/es\/wp-json\/wp\/v2\/types\/product"}],"version-history":[{"count":3,"href":"https:\/\/www.sami.info\/es\/wp-json\/wp\/v2\/product\/16384\/revisions"}],"predecessor-version":[{"id":16712,"href":"https:\/\/www.sami.info\/es\/wp-json\/wp\/v2\/product\/16384\/revisions\/16712"}],"wp:featuredmedia":[{"embeddable":true,"href":"https:\/\/www.sami.info\/es\/wp-json\/wp\/v2\/media\/14835"}],"wp:attachment":[{"href":"https:\/\/www.sami.info\/es\/wp-json\/wp\/v2\/media?parent=16384"}],"wp:term":[{"taxonomy":"product_brand","embeddable":true,"href":"https:\/\/www.sami.info\/es\/wp-json\/wp\/v2\/product_brand?post=16384"},{"taxonomy":"product_cat","embeddable":true,"href":"https:\/\/www.sami.info\/es\/wp-json\/wp\/v2\/product_cat?post=16384"},{"taxonomy":"product_tag","embeddable":true,"href":"https:\/\/www.sami.info\/es\/wp-json\/wp\/v2\/product_tag?post=16384"}],"curies":[{"name":"wp","href":"https:\/\/api.w.org\/{rel}","templated":true}]}}