{"id":16393,"date":"2021-08-24T08:40:37","date_gmt":"2021-08-24T08:40:37","guid":{"rendered":"https:\/\/www.sami.info\/prodotto\/impianti-misto-cementato\/"},"modified":"2026-01-29T15:05:43","modified_gmt":"2026-01-29T15:05:43","slug":"plantas-grava-cemento","status":"publish","type":"product","link":"https:\/\/www.sami.info\/es\/prodotto\/plantas-grava-cemento\/","title":{"rendered":"Plantas de grava cemento MULTIMIX"},"content":{"rendered":"[vc_row type=\u00bbin_container\u00bb full_screen_row_position=\u00bbmiddle\u00bb column_margin=\u00bbdefault\u00bb column_direction=\u00bbdefault\u00bb column_direction_tablet=\u00bbdefault\u00bb column_direction_phone=\u00bbdefault\u00bb scene_position=\u00bbcenter\u00bb text_color=\u00bbdark\u00bb text_align=\u00bbleft\u00bb row_border_radius=\u00bbnone\u00bb row_border_radius_applies=\u00bbbg\u00bb row_position_desktop=\u00bbdefault\u00bb row_position_tablet=\u00bbinherit\u00bb row_position_phone=\u00bbinherit\u00bb overflow=\u00bbvisible\u00bb overlay_strength=\u00bb0.3&#8243; gradient_direction=\u00bbleft_to_right\u00bb shape_divider_position=\u00bbbottom\u00bb bg_image_animation=\u00bbnone\u00bb][vc_column column_padding=\u00bbno-extra-padding\u00bb column_padding_tablet=\u00bbinherit\u00bb column_padding_phone=\u00bbinherit\u00bb column_padding_position=\u00bball\u00bb flex_gap_desktop=\u00bb10px\u00bb column_element_direction_desktop=\u00bbdefault\u00bb column_element_spacing=\u00bbdefault\u00bb desktop_text_alignment=\u00bbdefault\u00bb tablet_text_alignment=\u00bbdefault\u00bb phone_text_alignment=\u00bbdefault\u00bb background_color_opacity=\u00bb1&#8243; background_hover_color_opacity=\u00bb1&#8243; column_backdrop_filter=\u00bbnone\u00bb column_shadow=\u00bbnone\u00bb column_border_radius=\u00bbnone\u00bb column_link_target=\u00bb_self\u00bb column_position=\u00bbdefault\u00bb gradient_direction=\u00bbleft_to_right\u00bb overlay_strength=\u00bb0.3&#8243; width=\u00bb1\/1&#8243; tablet_width_inherit=\u00bbdefault\u00bb animation_type=\u00bbdefault\u00bb bg_image_animation=\u00bbnone\u00bb border_type=\u00bbsimple\u00bb column_border_width=\u00bbnone\u00bb column_border_style=\u00bbsolid\u00bb][vc_column_text css=\u00bb\u00bb text_direction=\u00bbdefault\u00bb]\n<h2>\u00bfQU\u00c9 ES EL SUELO CEMENTO?<\/h2>\n<p>El suelo cemento es un material compuesto no estructural utilizado principalmente en obras de ingenier\u00eda civil e infraestructuras. Se obtiene mediante la mezcla controlada de agregados granulares (\u00e1ridos naturales de cantera o agregados reciclados procedentes de actividades de construcci\u00f3n y demolici\u00f3n), un bajo porcentaje de cemento y agua.<br \/>\nLa funci\u00f3n del suelo cemento es portante, ya que se emplea como capa de cimentaci\u00f3n o subbase para la construcci\u00f3n de pavimentos viales, pistas aeroportuarias, explanadas industriales, \u00e1reas log\u00edsticas, zonas transitables y obras civiles sometidas a cargas repetidas.<\/p>\n<h2>PRODUCCI\u00d3N DE HORMIG\u00d3N MIXTO (150 m\u00b3\/h CONTINUO)<\/h2>\n<p data-start=\"4114\" data-end=\"4684\">La <strong data-start=\"4117\" data-end=\"4155\">planta de mezcla continua MULTIMIX<\/strong> est\u00e1 dise\u00f1ada para la <strong data-start=\"4178\" data-end=\"4233\">producci\u00f3n continua de mezclas tratadas con cemento<\/strong> y <strong data-start=\"4236\" data-end=\"4282\">conglomerados cementicios no estructurales<\/strong>, obtenidos mediante la <strong data-start=\"4306\" data-end=\"4341\">mezcla de materiales granulares<\/strong> (\u00e1ridos naturales de cantera o <strong data-start=\"4373\" data-end=\"4435\">\u00e1ridos reciclados de residuos de construcci\u00f3n y demolici\u00f3n<\/strong>) con <strong data-start=\"4441\" data-end=\"4471\">bajo porcentaje de cemento<\/strong> y <strong data-start=\"4474\" data-end=\"4482\">agua<\/strong>. El producto final se utiliza como <strong data-start=\"4520\" data-end=\"4558\">capa de base o soporte estructural<\/strong> para <strong data-start=\"4564\" data-end=\"4646\">pavimentos de carreteras, pistas aeroportuarias, zonas transitables y rellenos<\/strong> (subbases, fondos, hormig\u00f3n pobre). La planta est\u00e1 compuesta por <strong data-start=\"4715\" data-end=\"4745\">dos o m\u00e1s tolvas de \u00e1ridos<\/strong>, un <strong data-start=\"4750\" data-end=\"4776\">dosificador de cemento<\/strong> con <strong data-start=\"4781\" data-end=\"4847\">sistema de pesaje gravim\u00e9trico electr\u00f3nico con celdas de carga<\/strong>, un <strong data-start=\"4852\" data-end=\"4889\">mezclador horizontal de doble eje<\/strong> con <strong data-start=\"4894\" data-end=\"4929\">producci\u00f3n continua de 150 m\u00b3\/h<\/strong>, y una <strong data-start=\"4937\" data-end=\"4971\">cinta transportadora elevadora<\/strong> para la carga del material mezclado en camiones o hormigoneras. La <strong data-start=\"5041\" data-end=\"5060\">planta MULTIMIX<\/strong> es <strong data-start=\"5064\" data-end=\"5111\">completamente aut\u00f3noma, flexible y vers\u00e1til<\/strong>, apta para el <strong data-start=\"5126\" data-end=\"5176\">transporte por carretera en remolques est\u00e1ndar<\/strong> o el <strong data-start=\"5182\" data-end=\"5232\">transporte mar\u00edtimo en contenedores de 40 pies<\/strong>, garantizando <strong data-start=\"5247\" data-end=\"5310\">movilidad, instalaci\u00f3n r\u00e1pida y gesti\u00f3n log\u00edstica eficiente<\/strong>.<\/p>\n<h2>\u00c1RIDOS DE CANTERA, TRITURADOS Y RECICLADOS<\/h2>\n<p>Las <strong data-start=\"5375\" data-end=\"5413\">tolvas de almacenamiento de \u00e1ridos<\/strong> est\u00e1n dise\u00f1adas para permitir el uso de <strong data-start=\"5454\" data-end=\"5489\">materiales naturales de cantera<\/strong> y <strong data-start=\"5492\" data-end=\"5513\">\u00e1ridos reciclados<\/strong> procedentes del <strong data-start=\"5530\" data-end=\"5586\">tratamiento de residuos de construcci\u00f3n y demolici\u00f3n<\/strong>, como escombros, azulejos, ladrillos o materiales cer\u00e1micos. Estos materiales, a menudo dif\u00edciles de manejar debido a su <strong data-start=\"5710\" data-end=\"5741\">forma irregular o impurezas<\/strong>, se extraen de forma uniforme mediante <strong data-start=\"5781\" data-end=\"5831\">cintas extractoras volum\u00e9tricas independientes<\/strong>, que permiten una <strong data-start=\"5850\" data-end=\"5889\">calibraci\u00f3n precisa de los caudales<\/strong> y un <strong data-start=\"5895\" data-end=\"5922\">dosificado proporcional<\/strong> de los \u00e1ridos. Bajo pedido, las cintas pueden equiparse con <strong data-start=\"5985\" data-end=\"6028\">sistemas de pesaje electr\u00f3nico din\u00e1mico<\/strong>, transformando el <strong data-start=\"6047\" data-end=\"6073\">dosificado volum\u00e9trico<\/strong> en <strong data-start=\"6077\" data-end=\"6100\">dosificado por peso<\/strong>, lo que permite al sistema <strong data-start=\"6128\" data-end=\"6140\">MULTIMIX<\/strong> <strong data-start=\"6141\" data-end=\"6230\">producir grandes vol\u00famenes de conglomerados cementicios y hormigones no estructurales<\/strong> con <strong data-start=\"6235\" data-end=\"6253\">alta precisi\u00f3n<\/strong>.<\/p>\n<h2>CEMENTO, CAL Y EMULSIONES BITUMINOSAS EN FR\u00cdO<\/h2>\n<p>El almacenamiento de uno o varios tipos de madera (cemento, cenizas volantes) puede realizarse mediante <a href=\"https:\/\/www.sami.info\/es\/?p=15092\">silos horizontales EUROSILO<\/a> (silos m\u00f3viles) o mediante <a href=\"https:\/\/www.sami.info\/es\/?p=15113\">silos verticales monol\u00edticos<\/a>, <a href=\"https:\/\/www.sami.info\/es\/?p=15117\">telesc\u00f3picos<\/a> y de paneles modulares (silos fijos\/estacionarios) para materiales en polvo. La incorporaci\u00f3n de <strong data-start=\"6596\" data-end=\"6683\">accesorios espec\u00edficos para el dosificado y pulverizaci\u00f3n de emulsiones bituminosas<\/strong> hace que la planta sea adecuada para la <strong data-start=\"6724\" data-end=\"6769\">producci\u00f3n de mezclas bituminosas en fr\u00edo<\/strong> o <strong data-start=\"6772\" data-end=\"6795\">asfaltos reciclados<\/strong>, eliminando la <strong data-start=\"6811\" data-end=\"6862\">fase de calentamiento de los \u00e1ridos y del bet\u00fan<\/strong>, y permitiendo la <strong data-start=\"6881\" data-end=\"6951\">fabricaci\u00f3n de mezclas con hasta un 100 % de materiales reciclados<\/strong>, frente al 30 % de los procesos tradicionales en caliente. Adem\u00e1s del uso de <strong data-start=\"7032\" data-end=\"7057\">materiales reciclados<\/strong> y la <strong data-start=\"7063\" data-end=\"7124\">producci\u00f3n de mezclas con ligante hidr\u00e1ulico o bituminoso<\/strong>, la <strong data-start=\"7129\" data-end=\"7148\">planta MULTIMIX<\/strong> permite la <strong data-start=\"7160\" data-end=\"7204\">fabricaci\u00f3n de mezclas mejoradas con cal<\/strong> y <strong data-start=\"7207\" data-end=\"7229\">mezclas no ligadas<\/strong>, ofreciendo una <strong data-start=\"7246\" data-end=\"7289\">gran versatilidad de aplicaci\u00f3n en obra<\/strong>. La dosificaci\u00f3n de todos los componentes (\u00e1ridos, cemento, agua, aditivos, emulsiones), as\u00ed como la posible detecci\u00f3n de la humedad retenida por los \u00e1ridos y la consiguiente modificaci\u00f3n de las cantidades de agua introducidas en la mezcla, se realiza autom\u00e1ticamente gracias a un sistema de gesti\u00f3n \u00abuser friendly\u00bb con pantalla t\u00e1ctil a bordo de la m\u00e1quina o a trav\u00e9s de un puesto PC situado en el interior de una cabina de control.[\/vc_column_text][\/vc_column][\/vc_row][vc_row type=\u00bbin_container\u00bb full_screen_row_position=\u00bbmiddle\u00bb column_margin=\u00bbdefault\u00bb column_direction=\u00bbdefault\u00bb column_direction_tablet=\u00bbdefault\u00bb column_direction_phone=\u00bbdefault\u00bb scene_position=\u00bbcenter\u00bb text_color=\u00bbdark\u00bb text_align=\u00bbleft\u00bb row_border_radius=\u00bbnone\u00bb row_border_radius_applies=\u00bbbg\u00bb row_position_desktop=\u00bbdefault\u00bb row_position_tablet=\u00bbinherit\u00bb row_position_phone=\u00bbinherit\u00bb overflow=\u00bbvisible\u00bb overlay_strength=\u00bb0.3&#8243; gradient_direction=\u00bbleft_to_right\u00bb shape_divider_position=\u00bbbottom\u00bb bg_image_animation=\u00bbnone\u00bb][vc_column column_padding=\u00bbno-extra-padding\u00bb column_padding_tablet=\u00bbinherit\u00bb column_padding_phone=\u00bbinherit\u00bb column_padding_position=\u00bball\u00bb flex_gap_desktop=\u00bb10px\u00bb column_element_direction_desktop=\u00bbdefault\u00bb column_element_spacing=\u00bbdefault\u00bb desktop_text_alignment=\u00bbdefault\u00bb tablet_text_alignment=\u00bbdefault\u00bb phone_text_alignment=\u00bbdefault\u00bb background_color_opacity=\u00bb1&#8243; background_hover_color_opacity=\u00bb1&#8243; column_backdrop_filter=\u00bbnone\u00bb column_shadow=\u00bbnone\u00bb column_border_radius=\u00bbnone\u00bb column_link_target=\u00bb_self\u00bb column_position=\u00bbdefault\u00bb gradient_direction=\u00bbleft_to_right\u00bb overlay_strength=\u00bb0.3&#8243; width=\u00bb1\/1&#8243; tablet_width_inherit=\u00bbdefault\u00bb animation_type=\u00bbdefault\u00bb bg_image_animation=\u00bbnone\u00bb border_type=\u00bbsimple\u00bb column_border_width=\u00bbnone\u00bb column_border_style=\u00bbsolid\u00bb][nectar_global_section id=\u00bb15094&#8243;][nectar_global_section id=\u00bb14357&#8243;][nectar_global_section id=\u00bb6480&#8243;][\/vc_column][\/vc_row]\n","protected":false},"excerpt":{"rendered":"<p>[vc_row type=\u00bbin_container\u00bb full_screen_row_position=\u00bbmiddle\u00bb column_margin=\u00bbdefault\u00bb column_direction=\u00bbdefault\u00bb column_direction_tablet=\u00bbdefault\u00bb column_direction_phone=\u00bbdefault\u00bb scene_position=\u00bbcenter\u00bb text_color=\u00bbdark\u00bb text_align=\u00bbleft\u00bb row_border_radius=\u00bbnone\u00bb row_border_radius_applies=\u00bbbg\u00bb row_position_desktop=\u00bbdefault\u00bb row_position_tablet=\u00bbinherit\u00bb row_position_phone=\u00bbinherit\u00bb overflow=\u00bbvisible\u00bb overlay_strength=\u00bb0.3&#8243; gradient_direction=\u00bbleft_to_right\u00bb shape_divider_position=\u00bbbottom\u00bb bg_image_animation=\u00bbnone\u00bb][vc_column column_padding=\u00bbno-extra-padding\u00bb column_padding_tablet=\u00bbinherit\u00bb column_padding_phone=\u00bbinherit\u00bb column_padding_position=\u00bball\u00bb flex_gap_desktop=\u00bb10px\u00bb&#8230;<\/p>\n","protected":false},"featured_media":14784,"template":"","meta":{"footnotes":""},"product_brand":[],"product_cat":[240,256,254],"product_tag":[],"class_list":{"0":"post-16393","1":"product","2":"type-product","3":"status-publish","4":"has-post-thumbnail","6":"product_cat-construccion","7":"product_cat-plantas-mezcladoras-cemento","8":"product_cat-produccion-hormigon","10":"first","11":"instock","12":"shipping-taxable","13":"product-type-simple"},"_links":{"self":[{"href":"https:\/\/www.sami.info\/es\/wp-json\/wp\/v2\/product\/16393","targetHints":{"allow":["GET"]}}],"collection":[{"href":"https:\/\/www.sami.info\/es\/wp-json\/wp\/v2\/product"}],"about":[{"href":"https:\/\/www.sami.info\/es\/wp-json\/wp\/v2\/types\/product"}],"version-history":[{"count":6,"href":"https:\/\/www.sami.info\/es\/wp-json\/wp\/v2\/product\/16393\/revisions"}],"predecessor-version":[{"id":17518,"href":"https:\/\/www.sami.info\/es\/wp-json\/wp\/v2\/product\/16393\/revisions\/17518"}],"wp:featuredmedia":[{"embeddable":true,"href":"https:\/\/www.sami.info\/es\/wp-json\/wp\/v2\/media\/14784"}],"wp:attachment":[{"href":"https:\/\/www.sami.info\/es\/wp-json\/wp\/v2\/media?parent=16393"}],"wp:term":[{"taxonomy":"product_brand","embeddable":true,"href":"https:\/\/www.sami.info\/es\/wp-json\/wp\/v2\/product_brand?post=16393"},{"taxonomy":"product_cat","embeddable":true,"href":"https:\/\/www.sami.info\/es\/wp-json\/wp\/v2\/product_cat?post=16393"},{"taxonomy":"product_tag","embeddable":true,"href":"https:\/\/www.sami.info\/es\/wp-json\/wp\/v2\/product_tag?post=16393"}],"curies":[{"name":"wp","href":"https:\/\/api.w.org\/{rel}","templated":true}]}}