{"id":16395,"date":"2021-08-20T07:27:56","date_gmt":"2021-08-20T07:27:56","guid":{"rendered":"https:\/\/www.sami.info\/prodotto\/impianti-trattamento-inertizzazione-fanghi-bonifica-terreni\/"},"modified":"2025-11-03T09:27:21","modified_gmt":"2025-11-03T09:27:21","slug":"plantas-tratamiento-inertizacion-suelos-lodos-regeneracion-tierra","status":"publish","type":"product","link":"https:\/\/www.sami.info\/es\/prodotto\/plantas-tratamiento-inertizacion-suelos-lodos-regeneracion-tierra\/","title":{"rendered":"Plantas de tratamiento de suelos y lodos ECOMIX"},"content":{"rendered":"[vc_row type=\u00bbin_container\u00bb full_screen_row_position=\u00bbmiddle\u00bb column_margin=\u00bbdefault\u00bb column_direction=\u00bbdefault\u00bb column_direction_tablet=\u00bbdefault\u00bb column_direction_phone=\u00bbdefault\u00bb scene_position=\u00bbcenter\u00bb text_color=\u00bbdark\u00bb text_align=\u00bbleft\u00bb row_border_radius=\u00bbnone\u00bb row_border_radius_applies=\u00bbbg\u00bb overflow=\u00bbvisible\u00bb overlay_strength=\u00bb0.3&#8243; gradient_direction=\u00bbleft_to_right\u00bb shape_divider_position=\u00bbbottom\u00bb bg_image_animation=\u00bbnone\u00bb][vc_column column_padding=\u00bbno-extra-padding\u00bb column_padding_tablet=\u00bbinherit\u00bb column_padding_phone=\u00bbinherit\u00bb column_padding_position=\u00bball\u00bb column_element_direction_desktop=\u00bbdefault\u00bb column_element_spacing=\u00bbdefault\u00bb desktop_text_alignment=\u00bbdefault\u00bb tablet_text_alignment=\u00bbdefault\u00bb phone_text_alignment=\u00bbdefault\u00bb background_color_opacity=\u00bb1&#8243; background_hover_color_opacity=\u00bb1&#8243; column_backdrop_filter=\u00bbnone\u00bb column_shadow=\u00bbnone\u00bb column_border_radius=\u00bbnone\u00bb column_link_target=\u00bb_self\u00bb column_position=\u00bbdefault\u00bb gradient_direction=\u00bbleft_to_right\u00bb overlay_strength=\u00bb0.3&#8243; width=\u00bb1\/1&#8243; tablet_width_inherit=\u00bbdefault\u00bb animation_type=\u00bbdefault\u00bb bg_image_animation=\u00bbnone\u00bb border_type=\u00bbsimple\u00bb column_border_width=\u00bbnone\u00bb column_border_style=\u00bbsolid\u00bb][vc_column_text css=\u00bb\u00bb text_direction=\u00bbdefault\u00bb]\n<h2>SOLIDIFICACI\u00d3N Y ESTABILIZACI\u00d3N DE RESIDUOS<\/h2>\n<p data-start=\"6661\" data-end=\"7493\">La <strong data-start=\"6664\" data-end=\"6720\">planta ECOMIX para el tratamiento de tierras y lodos<\/strong> es un <strong data-start=\"6727\" data-end=\"6791\">sistema industrial dise\u00f1ado para la inertizaci\u00f3n de residuos<\/strong>, un proceso destinado a <strong data-start=\"6816\" data-end=\"6845\">inmovilizar contaminantes<\/strong> dentro de una matriz inerte mediante <strong data-start=\"6883\" data-end=\"6918\">reacciones qu\u00edmicas y\/o f\u00edsicas<\/strong> como la <strong data-start=\"6927\" data-end=\"6983\">encapsulaci\u00f3n, polimerizaci\u00f3n, adsorci\u00f3n y desorci\u00f3n<\/strong>. El objetivo es <strong data-start=\"7002\" data-end=\"7057\">reducir el potencial contaminante y la peligrosidad<\/strong> de los residuos, transform\u00e1ndolos en <strong data-start=\"7095\" data-end=\"7128\">compuestos s\u00f3lidos y estables<\/strong>, f\u00e1ciles de manipular (<strong data-start=\"7152\" data-end=\"7170\">solidificaci\u00f3n<\/strong>), e <strong data-start=\"7175\" data-end=\"7217\">impedir la liberaci\u00f3n de contaminantes<\/strong> mediante la <strong data-start=\"7230\" data-end=\"7248\">estabilizaci\u00f3n<\/strong>, que los convierte en <strong data-start=\"7271\" data-end=\"7296\">compuestos insolubles<\/strong>. De esta forma, los materiales tratados se convierten en <strong data-start=\"7356\" data-end=\"7373\">no peligrosos<\/strong>, adecuados para <strong data-start=\"7390\" data-end=\"7453\">recuperaci\u00f3n o eliminaci\u00f3n en vertederos de menor categor\u00eda<\/strong>, con <strong data-start=\"7459\" data-end=\"7490\">costes de gesti\u00f3n reducidos<\/strong>. La <strong data-start=\"7498\" data-end=\"7515\">planta ECOMIX<\/strong> puede procesar <strong data-start=\"7531\" data-end=\"7574\">materiales con hasta un 70 % de humedad<\/strong> y es adecuada para <strong data-start=\"7594\" data-end=\"7634\">materiales a granel, secos o h\u00famedos<\/strong>. Su <strong data-start=\"7641\" data-end=\"7666\">configuraci\u00f3n modular<\/strong> permite <strong data-start=\"7675\" data-end=\"7724\">adaptarse a diferentes procesos de producci\u00f3n<\/strong>, garantizando <strong data-start=\"7739\" data-end=\"7795\">alta eficiencia, fiabilidad y flexibilidad operativa<\/strong>.<\/p>\n<h2>UN PROCESO DE INERTIZACI\u00d3N DE ALTO RENDIMIENTO<\/h2>\n<p>La planta de inertizaci\u00f3n ECOMIX se compone de una o varias tolvas para la carga de residuos, uno o varios <a href=\"https:\/\/www.sami.info\/es\/categoria-prodotto\/construccion\/gestion-polvos-granulos\/\">silos para el almacenamiento de materiales en polvo<\/a> (aglutinantes y\/o reactivos) y una unidad de mezcla con ciclo continuo (para altas producciones horarias) o con r\u00e9gimen forzado (para un producto final de alta calidad). Es una <strong data-start=\"8162\" data-end=\"8185\">soluci\u00f3n innovadora<\/strong> para el <strong data-start=\"8194\" data-end=\"8233\">tratamiento de materiales dif\u00edciles<\/strong>, como <strong data-start=\"8240\" data-end=\"8301\">tierras contaminadas, inertes compactos, lodos y arcillas<\/strong>, caracterizados por su <strong data-start=\"8325\" data-end=\"8352\">alta cohesi\u00f3n y humedad<\/strong>. Las <strong data-start=\"8361\" data-end=\"8380\">tolvas de carga<\/strong> est\u00e1n dise\u00f1adas para <strong data-start=\"8402\" data-end=\"8447\">evitar la formaci\u00f3n de bloqueos o puentes<\/strong>, asegurando un flujo constante de material.El <strong data-start=\"8497\" data-end=\"8532\">sistema de extracci\u00f3n patentado<\/strong>, instalado en la parte inferior de cada tolva, garantiza la <strong data-start=\"8593\" data-end=\"8648\">descarga uniforme de residuos pastosos y arcillosos<\/strong>, mientras que la <strong data-start=\"8666\" data-end=\"8708\">dosificaci\u00f3n de los polvos y reactivos<\/strong> se controla mediante <strong data-start=\"8730\" data-end=\"8754\">sistemas autom\u00e1ticos<\/strong> alimentados desde <strong data-start=\"8773\" data-end=\"8808\">silos <a href=\"https:\/\/www.sami.info\/es\/categoria-prodotto\/construccion\/gestion-polvos-granulos\/silos-verticales\/\">silos verticales<\/a> u <a href=\"https:\/\/www.sami.info\/es\/categoria-prodotto\/construccion\/gestion-polvos-granulos\/silos-horizontales\/\">horizontales<\/a><\/strong>, garantizando un <strong data-start=\"8826\" data-end=\"8860\">dosificado preciso y homog\u00e9neo<\/strong>.<\/p>\n<p>&nbsp;<\/p>\n<h2>INERTIZACI\u00d3N DE RESIDUOS: SUELOS, LODOS Y POLVOS<\/h2>\n<p data-start=\"8917\" data-end=\"9426\">La <strong data-start=\"8920\" data-end=\"8937\">planta ECOMIX<\/strong> permite el <strong data-start=\"8949\" data-end=\"9015\">tratamiento y estabilizaci\u00f3n de residuos s\u00f3lidos y semis\u00f3lidos<\/strong>, incluyendo <strong data-start=\"9028\" data-end=\"9091\">tierras contaminadas, lodos, barros y efluentes inorg\u00e1nicos<\/strong> de diferentes sectores industriales. Se aplica en <strong data-start=\"9144\" data-end=\"9248\">industrias metal\u00fargicas, qu\u00edmicas, cer\u00e1micas, textiles, fotogr\u00e1ficas, energ\u00e9ticas y medioambientales<\/strong>, asegurando el <strong data-start=\"9264\" data-end=\"9299\">tratamiento seguro y sostenible<\/strong> de <strong data-start=\"9303\" data-end=\"9381\">fangos de neutralizaci\u00f3n, cenizas, escorias, polvos de depuraci\u00f3n de humos<\/strong> y <strong data-start=\"9384\" data-end=\"9423\">materiales de remediaci\u00f3n o dragado<\/strong>. Gracias a la <strong data-start=\"9441\" data-end=\"9491\">combinaci\u00f3n de solidificaci\u00f3n y estabilizaci\u00f3n<\/strong>, el sistema <strong data-start=\"9504\" data-end=\"9588\">ECOMIX transforma residuos complejos en materiales seguros, compactos y estables<\/strong>, aptos para su <strong data-start=\"9604\" data-end=\"9645\">recuperaci\u00f3n o eliminaci\u00f3n controlada<\/strong>.<\/p>\n[\/vc_column_text][\/vc_column][\/vc_row][vc_row type=\u00bbin_container\u00bb full_screen_row_position=\u00bbmiddle\u00bb column_margin=\u00bbdefault\u00bb column_direction=\u00bbdefault\u00bb column_direction_tablet=\u00bbdefault\u00bb column_direction_phone=\u00bbdefault\u00bb scene_position=\u00bbcenter\u00bb text_color=\u00bbdark\u00bb text_align=\u00bbleft\u00bb row_border_radius=\u00bbnone\u00bb row_border_radius_applies=\u00bbbg\u00bb overflow=\u00bbvisible\u00bb overlay_strength=\u00bb0.3&#8243; gradient_direction=\u00bbleft_to_right\u00bb shape_divider_position=\u00bbbottom\u00bb bg_image_animation=\u00bbnone\u00bb][vc_column column_padding=\u00bbno-extra-padding\u00bb column_padding_tablet=\u00bbinherit\u00bb column_padding_phone=\u00bbinherit\u00bb column_padding_position=\u00bball\u00bb column_element_direction_desktop=\u00bbdefault\u00bb column_element_spacing=\u00bbdefault\u00bb desktop_text_alignment=\u00bbdefault\u00bb tablet_text_alignment=\u00bbdefault\u00bb phone_text_alignment=\u00bbdefault\u00bb background_color_opacity=\u00bb1&#8243; background_hover_color_opacity=\u00bb1&#8243; column_backdrop_filter=\u00bbnone\u00bb column_shadow=\u00bbnone\u00bb column_border_radius=\u00bbnone\u00bb column_link_target=\u00bb_self\u00bb column_position=\u00bbdefault\u00bb gradient_direction=\u00bbleft_to_right\u00bb overlay_strength=\u00bb0.3&#8243; width=\u00bb1\/1&#8243; tablet_width_inherit=\u00bbdefault\u00bb animation_type=\u00bbdefault\u00bb bg_image_animation=\u00bbnone\u00bb border_type=\u00bbsimple\u00bb column_border_width=\u00bbnone\u00bb column_border_style=\u00bbsolid\u00bb][nectar_global_section id=\u00bb15094&#8243;][nectar_global_section id=\u00bb6482&#8243;][\/vc_column][\/vc_row]\n","protected":false},"excerpt":{"rendered":"<p>[vc_row type=\u00bbin_container\u00bb full_screen_row_position=\u00bbmiddle\u00bb column_margin=\u00bbdefault\u00bb column_direction=\u00bbdefault\u00bb column_direction_tablet=\u00bbdefault\u00bb column_direction_phone=\u00bbdefault\u00bb scene_position=\u00bbcenter\u00bb text_color=\u00bbdark\u00bb text_align=\u00bbleft\u00bb row_border_radius=\u00bbnone\u00bb row_border_radius_applies=\u00bbbg\u00bb overflow=\u00bbvisible\u00bb overlay_strength=\u00bb0.3&#8243; gradient_direction=\u00bbleft_to_right\u00bb shape_divider_position=\u00bbbottom\u00bb bg_image_animation=\u00bbnone\u00bb][vc_column column_padding=\u00bbno-extra-padding\u00bb column_padding_tablet=\u00bbinherit\u00bb column_padding_phone=\u00bbinherit\u00bb column_padding_position=\u00bball\u00bb column_element_direction_desktop=\u00bbdefault\u00bb column_element_spacing=\u00bbdefault\u00bb desktop_text_alignment=\u00bbdefault\u00bb tablet_text_alignment=\u00bbdefault\u00bb&#8230;<\/p>\n","protected":false},"featured_media":16333,"template":"","meta":{"footnotes":""},"product_brand":[],"product_cat":[243,249,248],"product_tag":[],"class_list":{"0":"post-16395","1":"product","2":"type-product","3":"status-publish","4":"has-post-thumbnail","6":"product_cat-ecologia-es","7":"product_cat-plantas-suelos-lodos","8":"product_cat-tratamiento-suelos-lodos","10":"first","11":"instock","12":"shipping-taxable","13":"product-type-simple"},"_links":{"self":[{"href":"https:\/\/www.sami.info\/es\/wp-json\/wp\/v2\/product\/16395","targetHints":{"allow":["GET"]}}],"collection":[{"href":"https:\/\/www.sami.info\/es\/wp-json\/wp\/v2\/product"}],"about":[{"href":"https:\/\/www.sami.info\/es\/wp-json\/wp\/v2\/types\/product"}],"version-history":[{"count":4,"href":"https:\/\/www.sami.info\/es\/wp-json\/wp\/v2\/product\/16395\/revisions"}],"predecessor-version":[{"id":17528,"href":"https:\/\/www.sami.info\/es\/wp-json\/wp\/v2\/product\/16395\/revisions\/17528"}],"wp:featuredmedia":[{"embeddable":true,"href":"https:\/\/www.sami.info\/es\/wp-json\/wp\/v2\/media\/16333"}],"wp:attachment":[{"href":"https:\/\/www.sami.info\/es\/wp-json\/wp\/v2\/media?parent=16395"}],"wp:term":[{"taxonomy":"product_brand","embeddable":true,"href":"https:\/\/www.sami.info\/es\/wp-json\/wp\/v2\/product_brand?post=16395"},{"taxonomy":"product_cat","embeddable":true,"href":"https:\/\/www.sami.info\/es\/wp-json\/wp\/v2\/product_cat?post=16395"},{"taxonomy":"product_tag","embeddable":true,"href":"https:\/\/www.sami.info\/es\/wp-json\/wp\/v2\/product_tag?post=16395"}],"curies":[{"name":"wp","href":"https:\/\/api.w.org\/{rel}","templated":true}]}}