{"id":16583,"date":"2024-04-24T07:51:54","date_gmt":"2024-04-24T07:51:54","guid":{"rendered":"https:\/\/www.sami.info\/?post_type=product&#038;p=16583"},"modified":"2025-11-03T10:56:14","modified_gmt":"2025-11-03T10:56:14","slug":"mini-centrales-beton","status":"publish","type":"product","link":"https:\/\/www.sami.info\/fr\/prodotto\/mini-centrales-beton\/","title":{"rendered":"Mini centrales \u00e0 b\u00e9ton MINI-BETON"},"content":{"rendered":"[vc_row type=\u00a0\u00bbin_container\u00a0\u00bb full_screen_row_position=\u00a0\u00bbmiddle\u00a0\u00bb column_margin=\u00a0\u00bbdefault\u00a0\u00bb column_direction=\u00a0\u00bbdefault\u00a0\u00bb column_direction_tablet=\u00a0\u00bbdefault\u00a0\u00bb column_direction_phone=\u00a0\u00bbdefault\u00a0\u00bb scene_position=\u00a0\u00bbcenter\u00a0\u00bb text_color=\u00a0\u00bbdark\u00a0\u00bb text_align=\u00a0\u00bbleft\u00a0\u00bb row_border_radius=\u00a0\u00bbnone\u00a0\u00bb row_border_radius_applies=\u00a0\u00bbbg\u00a0\u00bb overflow=\u00a0\u00bbvisible\u00a0\u00bb overlay_strength=\u00a0\u00bb0.3&Prime; gradient_direction=\u00a0\u00bbleft_to_right\u00a0\u00bb shape_divider_position=\u00a0\u00bbbottom\u00a0\u00bb bg_image_animation=\u00a0\u00bbnone\u00a0\u00bb][vc_column column_padding=\u00a0\u00bbno-extra-padding\u00a0\u00bb column_padding_tablet=\u00a0\u00bbinherit\u00a0\u00bb column_padding_phone=\u00a0\u00bbinherit\u00a0\u00bb column_padding_position=\u00a0\u00bball\u00a0\u00bb column_element_direction_desktop=\u00a0\u00bbdefault\u00a0\u00bb column_element_spacing=\u00a0\u00bbdefault\u00a0\u00bb desktop_text_alignment=\u00a0\u00bbdefault\u00a0\u00bb tablet_text_alignment=\u00a0\u00bbdefault\u00a0\u00bb phone_text_alignment=\u00a0\u00bbdefault\u00a0\u00bb background_color_opacity=\u00a0\u00bb1&Prime; background_hover_color_opacity=\u00a0\u00bb1&Prime; column_backdrop_filter=\u00a0\u00bbnone\u00a0\u00bb column_shadow=\u00a0\u00bbnone\u00a0\u00bb column_border_radius=\u00a0\u00bbnone\u00a0\u00bb column_link_target=\u00a0\u00bb_self\u00a0\u00bb column_position=\u00a0\u00bbdefault\u00a0\u00bb gradient_direction=\u00a0\u00bbleft_to_right\u00a0\u00bb overlay_strength=\u00a0\u00bb0.3&Prime; width=\u00a0\u00bb1\/1&Prime; tablet_width_inherit=\u00a0\u00bbdefault\u00a0\u00bb animation_type=\u00a0\u00bbdefault\u00a0\u00bb bg_image_animation=\u00a0\u00bbnone\u00a0\u00bb border_type=\u00a0\u00bbsimple\u00a0\u00bb column_border_width=\u00a0\u00bbnone\u00a0\u00bb column_border_style=\u00a0\u00bbsolid\u00a0\u00bb][vc_column_text css=\u00a0\u00bb\u00a0\u00bb text_direction=\u00a0\u00bbdefault\u00a0\u00bb]\n<h2>MINI-CENTRALE \u00c0 B\u00c9TON<\/h2>\n<p>Con\u00e7ue pour la <strong data-start=\"3915\" data-end=\"3960\">production de b\u00e9ton pr\u00eat \u00e0 l\u2019emploi (RMC)<\/strong>, la <strong data-start=\"3965\" data-end=\"4018\">centrale \u00e0 b\u00e9ton MINI-BETON \u00e9quip\u00e9e d\u2019un malaxeur<\/strong> offre une <strong data-start=\"4029\" data-end=\"4088\">solution compacte, efficace et facilement transportable<\/strong>. Gr\u00e2ce \u00e0 ses <strong data-start=\"4104\" data-end=\"4133\">dimensions ultra-r\u00e9duites<\/strong>, elle permet un <strong data-start=\"4150\" data-end=\"4190\">transfert rapide entre les chantiers<\/strong> et une <strong data-start=\"4198\" data-end=\"4257\">installation imm\u00e9diate m\u00eame dans des espaces restreints<\/strong>, sans n\u00e9cessiter de rampe pour le chargement des granulats. Cette caract\u00e9ristique la rend id\u00e9ale pour une utilisation dans <strong data-start=\"4383\" data-end=\"4469\">les espaces int\u00e9rieurs, les zones urbaines encombr\u00e9es ou les chantiers temporaires<\/strong>, o\u00f9 <strong data-start=\"4474\" data-end=\"4553\">l\u2019espace de travail est limit\u00e9 et les temps de montage doivent \u00eatre r\u00e9duits<\/strong>. La <strong data-start=\"4560\" data-end=\"4583\">centrale MINI-BETON<\/strong> garantit une <strong data-start=\"4597\" data-end=\"4631\">haute efficacit\u00e9 de production<\/strong> sur les <strong data-start=\"4640\" data-end=\"4680\">chantiers de courte et moyenne dur\u00e9e<\/strong>, offrant un <strong data-start=\"4693\" data-end=\"4763\">\u00e9quilibre parfait entre performance, praticit\u00e9 et qualit\u00e9 du b\u00e9ton<\/strong>. Elle a \u00e9t\u00e9 con\u00e7ue pour <strong data-start=\"4790\" data-end=\"4833\">simplifier les op\u00e9rations de production<\/strong>, <strong data-start=\"4835\" data-end=\"4856\">r\u00e9duire les co\u00fbts<\/strong> et <strong data-start=\"4860\" data-end=\"4889\">augmenter la productivit\u00e9<\/strong>, tout en maintenant <strong data-start=\"4910\" data-end=\"4963\">des standards \u00e9lev\u00e9s de pr\u00e9cision et de fiabilit\u00e9<\/strong>.<\/p>\n<h2 data-start=\"4971\" data-end=\"5013\"><strong data-start=\"4974\" data-end=\"5013\">PRODUCTION DE B\u00c9TON JUSQU\u2019\u00c0 20 m\u00b3\/h<\/strong><\/h2>\n<p data-start=\"5015\" data-end=\"5925\">La <strong data-start=\"5018\" data-end=\"5032\">MINI-BETON<\/strong> est con\u00e7ue pour le <strong data-start=\"5052\" data-end=\"5091\">dosage pr\u00e9cis des mat\u00e9riaux inertes<\/strong> tels que le sable, le gravier et les granulats jusqu\u2019\u00e0 <strong data-start=\"5147\" data-end=\"5156\">50 mm<\/strong>.<br data-start=\"5157\" data-end=\"5160\" \/>Sa <strong data-start=\"5163\" data-end=\"5202\">structure compacte et fonctionnelle<\/strong> assure une <strong data-start=\"5214\" data-end=\"5259\">production constante et homog\u00e8ne de b\u00e9ton<\/strong>, avec une capacit\u00e9 allant jusqu\u2019\u00e0 <strong data-start=\"5294\" data-end=\"5305\">20 m\u00b3\/h<\/strong>. Disponible avec <strong data-start=\"5325\" data-end=\"5353\">deux tr\u00e9mies de stockage<\/strong>, elle existe en deux mod\u00e8les : la <strong data-start=\"5388\" data-end=\"5405\">MINI-BETON 06<\/strong>, produisant jusqu\u2019\u00e0 <strong data-start=\"5426\" data-end=\"5436\">6 m\u00b3\/h<\/strong>, et la <strong data-start=\"5444\" data-end=\"5461\">MINI-BETON 10<\/strong>, avec une capacit\u00e9 de <strong data-start=\"5484\" data-end=\"5495\">10 m\u00b3\/h<\/strong>. Les deux versions sont \u00e9quip\u00e9es de <strong data-start=\"5534\" data-end=\"5579\">deux tr\u00e9mies \u00e0 granulats de 11 m\u00b3 chacune<\/strong> et d\u2019un <strong data-start=\"5588\" data-end=\"5634\">syst\u00e8me de pesage \u00e9lectronique ind\u00e9pendant<\/strong>, garantissant un <strong data-start=\"5652\" data-end=\"5669\">dosage pr\u00e9cis<\/strong>, un <strong data-start=\"5674\" data-end=\"5707\">contr\u00f4le continu du processus<\/strong> et une <strong data-start=\"5715\" data-end=\"5766\">r\u00e9duction significative des pertes de mat\u00e9riaux<\/strong>. Gr\u00e2ce \u00e0 ces caract\u00e9ristiques, la <strong data-start=\"5803\" data-end=\"5817\">MINI-BETON<\/strong> offre <strong data-start=\"5824\" data-end=\"5876\">homog\u00e9n\u00e9it\u00e9, continuit\u00e9 et qualit\u00e9 de production<\/strong>, m\u00eame dans des conditions de travail exigeantes.<\/p>\n<h2>DOSAGE AUTOMATIQUE VIA UN \u00c9CRAN TACTILE OU UN PC<\/h2>\n<p>Le <strong data-start=\"5986\" data-end=\"6019\">dosage de tous les composants <\/strong>(granulats, ciment, eau et additifs) est <strong data-start=\"6063\" data-end=\"6089\">enti\u00e8rement automatis\u00e9<\/strong> gr\u00e2ce \u00e0 un <strong data-start=\"6101\" data-end=\"6136\">logiciel de gestion intelligent<\/strong>.<br data-start=\"6137\" data-end=\"6140\" \/>Ce syst\u00e8me d\u00e9tecte <strong data-start=\"6159\" data-end=\"6187\">l\u2019humidit\u00e9 des granulats<\/strong> et ajuste automatiquement la <strong data-start=\"6217\" data-end=\"6243\">quantit\u00e9 d\u2019eau ajout\u00e9e<\/strong>, garantissant une <strong data-start=\"6262\" data-end=\"6313\">constance parfaite dans la composition du b\u00e9ton<\/strong>. Les op\u00e9rations peuvent \u00eatre g\u00e9r\u00e9es via un <strong data-start=\"6359\" data-end=\"6397\">\u00e9cran tactile int\u00e9gr\u00e9 \u00e0 la machine<\/strong> ou \u00e0 partir d\u2019un <strong data-start=\"6415\" data-end=\"6454\">poste PC dans la cabine de commande<\/strong>, offrant \u00e0 l\u2019op\u00e9rateur <strong data-start=\"6478\" data-end=\"6527\">simplicit\u00e9, pr\u00e9cision et tra\u00e7abilit\u00e9 compl\u00e8te<\/strong>. L\u2019automatisation du processus r\u00e9duit <strong data-start=\"6568\" data-end=\"6592\">les erreurs humaines<\/strong> et garantit <strong data-start=\"6605\" data-end=\"6634\">fiabilit\u00e9 et r\u00e9p\u00e9tabilit\u00e9<\/strong>, faisant de la <strong data-start=\"6650\" data-end=\"6664\">MINI-BETON<\/strong> une solution id\u00e9ale pour la <strong data-start=\"6693\" data-end=\"6793\">production de b\u00e9ton destin\u00e9 aux travaux urbains, routiers, r\u00e9sidentiels, \u00e9oliens et hydrauliques<\/strong>, tels que <strong data-start=\"6804\" data-end=\"6860\">les barrages, digues et infrastructures hydrauliques<\/strong>.<\/p>\n<p>&nbsp;<\/p>\n<h2>SILOS VERTICAUX, SILOS HORIZONTAUX ou SILOS DE VIDANGE DE SACS<\/h2>\n<p>Dans une usine MINI-BETON pour la production de b\u00e9ton pr\u00eat \u00e0 l&#8217;emploi, le stockage et le dosage d&rsquo;un ou plusieurs types de ciment peuvent \u00eatre effectu\u00e9s \u00e0 l&rsquo;aide de silos horizontaux mobiles <a href=\"https:\/\/www.sami.info\/fr\/categoria-prodotto\/batiment\/gestion-poudres-granules\/silos-horizontaux\/\">EUROSILO<\/a>, de silos verticaux <a href=\"https:\/\/www.sami.info\/fr\/produit\/silos-verticaux-monolithiques\">monolithiques<\/a>, <a href=\"https:\/\/www.sami.info\/fr\/produit\/silos-telescopiques\">t\u00e9lescopiques<\/a> et \u00e0 <a href=\"https:\/\/www.sami.info\/fr\/produit\/silos-panneaux-modulaires\">panneaux modulaires<\/a>, ou de silos de <a href=\"https:\/\/www.sami.info\/fr\/categoria-prodotto\/batiment\/gestion-poudres-granules\/vidage-transvasement-sacs\/\">vidange de big-bags<\/a>. Ces syst\u00e8mes assurent une manutention efficace et flexible des mat\u00e9riaux, optimisant ainsi le processus de production.[\/vc_column_text][\/vc_column][\/vc_row][vc_row type=\u00a0\u00bbin_container\u00a0\u00bb full_screen_row_position=\u00a0\u00bbmiddle\u00a0\u00bb column_margin=\u00a0\u00bbdefault\u00a0\u00bb column_direction=\u00a0\u00bbdefault\u00a0\u00bb column_direction_tablet=\u00a0\u00bbdefault\u00a0\u00bb column_direction_phone=\u00a0\u00bbdefault\u00a0\u00bb scene_position=\u00a0\u00bbcenter\u00a0\u00bb text_color=\u00a0\u00bbdark\u00a0\u00bb text_align=\u00a0\u00bbleft\u00a0\u00bb row_border_radius=\u00a0\u00bbnone\u00a0\u00bb row_border_radius_applies=\u00a0\u00bbbg\u00a0\u00bb overflow=\u00a0\u00bbvisible\u00a0\u00bb overlay_strength=\u00a0\u00bb0.3&Prime; gradient_direction=\u00a0\u00bbleft_to_right\u00a0\u00bb shape_divider_position=\u00a0\u00bbbottom\u00a0\u00bb bg_image_animation=\u00a0\u00bbnone\u00a0\u00bb][vc_column column_padding=\u00a0\u00bbno-extra-padding\u00a0\u00bb column_padding_tablet=\u00a0\u00bbinherit\u00a0\u00bb column_padding_phone=\u00a0\u00bbinherit\u00a0\u00bb column_padding_position=\u00a0\u00bball\u00a0\u00bb column_element_direction_desktop=\u00a0\u00bbdefault\u00a0\u00bb column_element_spacing=\u00a0\u00bbdefault\u00a0\u00bb desktop_text_alignment=\u00a0\u00bbdefault\u00a0\u00bb tablet_text_alignment=\u00a0\u00bbdefault\u00a0\u00bb phone_text_alignment=\u00a0\u00bbdefault\u00a0\u00bb background_color_opacity=\u00a0\u00bb1&Prime; background_hover_color_opacity=\u00a0\u00bb1&Prime; column_backdrop_filter=\u00a0\u00bbnone\u00a0\u00bb column_shadow=\u00a0\u00bbnone\u00a0\u00bb column_border_radius=\u00a0\u00bbnone\u00a0\u00bb column_link_target=\u00a0\u00bb_self\u00a0\u00bb column_position=\u00a0\u00bbdefault\u00a0\u00bb gradient_direction=\u00a0\u00bbleft_to_right\u00a0\u00bb overlay_strength=\u00a0\u00bb0.3&Prime; width=\u00a0\u00bb1\/1&Prime; tablet_width_inherit=\u00a0\u00bbdefault\u00a0\u00bb animation_type=\u00a0\u00bbdefault\u00a0\u00bb bg_image_animation=\u00a0\u00bbnone\u00a0\u00bb border_type=\u00a0\u00bbsimple\u00a0\u00bb column_border_width=\u00a0\u00bbnone\u00a0\u00bb column_border_style=\u00a0\u00bbsolid\u00a0\u00bb][nectar_global_section id=\u00a0\u00bb10190&Prime;][nectar_global_section id=\u00a0\u00bb6478&Prime;][\/vc_column][\/vc_row]\n","protected":false},"excerpt":{"rendered":"<p>[vc_row type=\u00a0\u00bbin_container\u00a0\u00bb full_screen_row_position=\u00a0\u00bbmiddle\u00a0\u00bb column_margin=\u00a0\u00bbdefault\u00a0\u00bb column_direction=\u00a0\u00bbdefault\u00a0\u00bb column_direction_tablet=\u00a0\u00bbdefault\u00a0\u00bb column_direction_phone=\u00a0\u00bbdefault\u00a0\u00bb scene_position=\u00a0\u00bbcenter\u00a0\u00bb text_color=\u00a0\u00bbdark\u00a0\u00bb text_align=\u00a0\u00bbleft\u00a0\u00bb row_border_radius=\u00a0\u00bbnone\u00a0\u00bb row_border_radius_applies=\u00a0\u00bbbg\u00a0\u00bb overflow=\u00a0\u00bbvisible\u00a0\u00bb overlay_strength=\u00a0\u00bb0.3&Prime; gradient_direction=\u00a0\u00bbleft_to_right\u00a0\u00bb shape_divider_position=\u00a0\u00bbbottom\u00a0\u00bb bg_image_animation=\u00a0\u00bbnone\u00a0\u00bb][vc_column column_padding=\u00a0\u00bbno-extra-padding\u00a0\u00bb column_padding_tablet=\u00a0\u00bbinherit\u00a0\u00bb column_padding_phone=\u00a0\u00bbinherit\u00a0\u00bb column_padding_position=\u00a0\u00bball\u00a0\u00bb column_element_direction_desktop=\u00a0\u00bbdefault\u00a0\u00bb column_element_spacing=\u00a0\u00bbdefault\u00a0\u00bb desktop_text_alignment=\u00a0\u00bbdefault\u00a0\u00bb tablet_text_alignment=\u00a0\u00bbdefault\u00a0\u00bb&#8230;<\/p>\n","protected":false},"featured_media":17969,"template":"","meta":{"footnotes":""},"product_brand":[],"product_cat":[165,167,166],"product_tag":[],"class_list":{"0":"post-16583","1":"product","2":"type-product","3":"status-publish","4":"has-post-thumbnail","6":"product_cat-batiment","7":"product_cat-centrales-beton","8":"product_cat-production-beton","10":"first","11":"instock","12":"shipping-taxable","13":"product-type-simple"},"_links":{"self":[{"href":"https:\/\/www.sami.info\/fr\/wp-json\/wp\/v2\/product\/16583","targetHints":{"allow":["GET"]}}],"collection":[{"href":"https:\/\/www.sami.info\/fr\/wp-json\/wp\/v2\/product"}],"about":[{"href":"https:\/\/www.sami.info\/fr\/wp-json\/wp\/v2\/types\/product"}],"version-history":[{"count":5,"href":"https:\/\/www.sami.info\/fr\/wp-json\/wp\/v2\/product\/16583\/revisions"}],"predecessor-version":[{"id":17534,"href":"https:\/\/www.sami.info\/fr\/wp-json\/wp\/v2\/product\/16583\/revisions\/17534"}],"wp:featuredmedia":[{"embeddable":true,"href":"https:\/\/www.sami.info\/fr\/wp-json\/wp\/v2\/media\/17969"}],"wp:attachment":[{"href":"https:\/\/www.sami.info\/fr\/wp-json\/wp\/v2\/media?parent=16583"}],"wp:term":[{"taxonomy":"product_brand","embeddable":true,"href":"https:\/\/www.sami.info\/fr\/wp-json\/wp\/v2\/product_brand?post=16583"},{"taxonomy":"product_cat","embeddable":true,"href":"https:\/\/www.sami.info\/fr\/wp-json\/wp\/v2\/product_cat?post=16583"},{"taxonomy":"product_tag","embeddable":true,"href":"https:\/\/www.sami.info\/fr\/wp-json\/wp\/v2\/product_tag?post=16583"}],"curies":[{"name":"wp","href":"https:\/\/api.w.org\/{rel}","templated":true}]}}