{"id":6048,"date":"2021-08-19T09:43:59","date_gmt":"2021-08-19T09:43:59","guid":{"rendered":"http:\/\/www.sami.info\/prodotto\/silos-horizontaux-ampliroll\/"},"modified":"2025-10-29T08:51:23","modified_gmt":"2025-10-29T08:51:23","slug":"silos-sur-berce","status":"publish","type":"product","link":"https:\/\/www.sami.info\/fr\/prodotto\/silos-sur-berce\/","title":{"rendered":"Silos sur berce EUROSILO S"},"content":{"rendered":"[vc_row type=\u00a0\u00bbin_container\u00a0\u00bb full_screen_row_position=\u00a0\u00bbmiddle\u00a0\u00bb column_margin=\u00a0\u00bbdefault\u00a0\u00bb column_direction=\u00a0\u00bbdefault\u00a0\u00bb column_direction_tablet=\u00a0\u00bbdefault\u00a0\u00bb column_direction_phone=\u00a0\u00bbdefault\u00a0\u00bb scene_position=\u00a0\u00bbcenter\u00a0\u00bb text_color=\u00a0\u00bbdark\u00a0\u00bb text_align=\u00a0\u00bbleft\u00a0\u00bb row_border_radius=\u00a0\u00bbnone\u00a0\u00bb row_border_radius_applies=\u00a0\u00bbbg\u00a0\u00bb overflow=\u00a0\u00bbvisible\u00a0\u00bb overlay_strength=\u00a0\u00bb0.3&Prime; gradient_direction=\u00a0\u00bbleft_to_right\u00a0\u00bb shape_divider_position=\u00a0\u00bbbottom\u00a0\u00bb bg_image_animation=\u00a0\u00bbnone\u00a0\u00bb][vc_column column_padding=\u00a0\u00bbno-extra-padding\u00a0\u00bb column_padding_tablet=\u00a0\u00bbinherit\u00a0\u00bb column_padding_phone=\u00a0\u00bbinherit\u00a0\u00bb column_padding_position=\u00a0\u00bball\u00a0\u00bb column_element_direction_desktop=\u00a0\u00bbdefault\u00a0\u00bb column_element_spacing=\u00a0\u00bbdefault\u00a0\u00bb desktop_text_alignment=\u00a0\u00bbdefault\u00a0\u00bb tablet_text_alignment=\u00a0\u00bbdefault\u00a0\u00bb phone_text_alignment=\u00a0\u00bbdefault\u00a0\u00bb background_color_opacity=\u00a0\u00bb1&Prime; background_hover_color_opacity=\u00a0\u00bb1&Prime; column_backdrop_filter=\u00a0\u00bbnone\u00a0\u00bb column_shadow=\u00a0\u00bbnone\u00a0\u00bb column_border_radius=\u00a0\u00bbnone\u00a0\u00bb column_link_target=\u00a0\u00bb_self\u00a0\u00bb column_position=\u00a0\u00bbdefault\u00a0\u00bb gradient_direction=\u00a0\u00bbleft_to_right\u00a0\u00bb overlay_strength=\u00a0\u00bb0.3&Prime; width=\u00a0\u00bb1\/1&Prime; tablet_width_inherit=\u00a0\u00bbdefault\u00a0\u00bb animation_type=\u00a0\u00bbdefault\u00a0\u00bb bg_image_animation=\u00a0\u00bbnone\u00a0\u00bb border_type=\u00a0\u00bbsimple\u00a0\u00bb column_border_width=\u00a0\u00bbnone\u00a0\u00bb column_border_style=\u00a0\u00bbsolid\u00a0\u00bb][vc_column_text css=\u00a0\u00bb\u00a0\u00bb text_direction=\u00a0\u00bbdefault\u00a0\u00bb]\n<h2>SILO MOBILE SUR BERCE<\/h2>\n<p>Les silos mobiles sur berce EUROSILO S se distingue des versions <a href=\"\/fr\/?p=4551\">EUROSILO<\/a> et <a href=\"\/fr\/?p=6050\">EUROSILO C<\/a> par la pr\u00e9sence d\u2019une structure sp\u00e9cifique en berceau, permettant le chargement, le d\u00e9chargement et le transport \u00e0 l\u2019aide d\u2019un <strong data-start=\"1742\" data-end=\"1762\">camion hook-lift<\/strong> \u00e9quip\u00e9 d\u2019un bras de levage hydraulique.<\/p>\n<h2>STOCKAGE DE 15 \u00c0 32 m\u00b3<\/h2>\n<p>Les silos mobiles sur berce EUROSILO S, disponibles en <strong>version \u00e9lectronique<\/strong> (EUROSILO S\/DE) et \u00e0 <strong>extraction temporis\u00e9e<\/strong> (EUROSILO S\/T), ont des capacit\u00e9s de stockage de 15, 29 et 32 m\u00b3. Ils conviennent au stockage et au dosage de mat\u00e9riaux en poudre et granulaires de diff\u00e9rents types, tout comme les autres silos horizontaux des gammes\u00a0<a href=\"\/fr\/?p=4551\">EUROSILO<\/a> et <a href=\"\/fr\/?p=6050\">EUROSILO C<\/a>.<\/p>\n<h2>MISE EN PLACE RAPIDE<\/h2>\n<p>Pour simplifier les op\u00e9rations de manutention, ces silos peuvent \u00eatre <strong>\u00e9quip\u00e9s d&rsquo;accessoires sp\u00e9cifiques<\/strong> qui n\u2019ont pas besoin d\u2019\u00eatre retir\u00e9s pendant le transport (comme le filtre d\u00e9poussi\u00e9rant auto-installable ou la vis de d\u00e9chargement avec joint hydraulique) permettant ainsi l\u2019<strong>installation du poste de travail sur le chantier<\/strong> en quelques minutes et sans intervention manuelle.[\/vc_column_text][\/vc_column][\/vc_row][vc_row type=\u00a0\u00bbin_container\u00a0\u00bb full_screen_row_position=\u00a0\u00bbmiddle\u00a0\u00bb column_margin=\u00a0\u00bbdefault\u00a0\u00bb column_direction=\u00a0\u00bbdefault\u00a0\u00bb column_direction_tablet=\u00a0\u00bbdefault\u00a0\u00bb column_direction_phone=\u00a0\u00bbdefault\u00a0\u00bb scene_position=\u00a0\u00bbcenter\u00a0\u00bb text_color=\u00a0\u00bbdark\u00a0\u00bb text_align=\u00a0\u00bbleft\u00a0\u00bb row_border_radius=\u00a0\u00bbnone\u00a0\u00bb row_border_radius_applies=\u00a0\u00bbbg\u00a0\u00bb overflow=\u00a0\u00bbvisible\u00a0\u00bb overlay_strength=\u00a0\u00bb0.3&Prime; gradient_direction=\u00a0\u00bbleft_to_right\u00a0\u00bb shape_divider_position=\u00a0\u00bbbottom\u00a0\u00bb bg_image_animation=\u00a0\u00bbnone\u00a0\u00bb][vc_column column_padding=\u00a0\u00bbno-extra-padding\u00a0\u00bb column_padding_tablet=\u00a0\u00bbinherit\u00a0\u00bb column_padding_phone=\u00a0\u00bbinherit\u00a0\u00bb column_padding_position=\u00a0\u00bball\u00a0\u00bb column_element_direction_desktop=\u00a0\u00bbdefault\u00a0\u00bb column_element_spacing=\u00a0\u00bbdefault\u00a0\u00bb desktop_text_alignment=\u00a0\u00bbdefault\u00a0\u00bb tablet_text_alignment=\u00a0\u00bbdefault\u00a0\u00bb phone_text_alignment=\u00a0\u00bbdefault\u00a0\u00bb background_color_opacity=\u00a0\u00bb1&Prime; background_hover_color_opacity=\u00a0\u00bb1&Prime; column_backdrop_filter=\u00a0\u00bbnone\u00a0\u00bb column_shadow=\u00a0\u00bbnone\u00a0\u00bb column_border_radius=\u00a0\u00bbnone\u00a0\u00bb column_link_target=\u00a0\u00bb_self\u00a0\u00bb column_position=\u00a0\u00bbdefault\u00a0\u00bb gradient_direction=\u00a0\u00bbleft_to_right\u00a0\u00bb overlay_strength=\u00a0\u00bb0.3&Prime; width=\u00a0\u00bb1\/1&Prime; tablet_width_inherit=\u00a0\u00bbdefault\u00a0\u00bb animation_type=\u00a0\u00bbdefault\u00a0\u00bb bg_image_animation=\u00a0\u00bbnone\u00a0\u00bb border_type=\u00a0\u00bbsimple\u00a0\u00bb column_border_width=\u00a0\u00bbnone\u00a0\u00bb column_border_style=\u00a0\u00bbsolid\u00a0\u00bb][nectar_global_section id=\u00a0\u00bb10190&Prime;][nectar_global_section id=\u00a0\u00bb8986&Prime;][nectar_global_section id=\u00a0\u00bb6439&Prime;][\/vc_column][\/vc_row]\n","protected":false},"excerpt":{"rendered":"<p>[vc_row type=\u00a0\u00bbin_container\u00a0\u00bb full_screen_row_position=\u00a0\u00bbmiddle\u00a0\u00bb column_margin=\u00a0\u00bbdefault\u00a0\u00bb column_direction=\u00a0\u00bbdefault\u00a0\u00bb column_direction_tablet=\u00a0\u00bbdefault\u00a0\u00bb column_direction_phone=\u00a0\u00bbdefault\u00a0\u00bb scene_position=\u00a0\u00bbcenter\u00a0\u00bb text_color=\u00a0\u00bbdark\u00a0\u00bb text_align=\u00a0\u00bbleft\u00a0\u00bb row_border_radius=\u00a0\u00bbnone\u00a0\u00bb row_border_radius_applies=\u00a0\u00bbbg\u00a0\u00bb overflow=\u00a0\u00bbvisible\u00a0\u00bb overlay_strength=\u00a0\u00bb0.3&Prime; gradient_direction=\u00a0\u00bbleft_to_right\u00a0\u00bb shape_divider_position=\u00a0\u00bbbottom\u00a0\u00bb bg_image_animation=\u00a0\u00bbnone\u00a0\u00bb][vc_column column_padding=\u00a0\u00bbno-extra-padding\u00a0\u00bb column_padding_tablet=\u00a0\u00bbinherit\u00a0\u00bb column_padding_phone=\u00a0\u00bbinherit\u00a0\u00bb column_padding_position=\u00a0\u00bball\u00a0\u00bb column_element_direction_desktop=\u00a0\u00bbdefault\u00a0\u00bb column_element_spacing=\u00a0\u00bbdefault\u00a0\u00bb desktop_text_alignment=\u00a0\u00bbdefault\u00a0\u00bb tablet_text_alignment=\u00a0\u00bbdefault\u00a0\u00bb&#8230;<\/p>\n","protected":false},"featured_media":15252,"template":"","meta":{"footnotes":""},"product_brand":[],"product_cat":[165,157,158],"product_tag":[],"class_list":{"0":"post-6048","1":"product","2":"type-product","3":"status-publish","4":"has-post-thumbnail","6":"product_cat-batiment","7":"product_cat-gestion-poudres-granules","8":"product_cat-silos-horizontaux","10":"first","11":"instock","12":"shipping-taxable","13":"product-type-simple"},"_links":{"self":[{"href":"https:\/\/www.sami.info\/fr\/wp-json\/wp\/v2\/product\/6048","targetHints":{"allow":["GET"]}}],"collection":[{"href":"https:\/\/www.sami.info\/fr\/wp-json\/wp\/v2\/product"}],"about":[{"href":"https:\/\/www.sami.info\/fr\/wp-json\/wp\/v2\/types\/product"}],"version-history":[{"count":4,"href":"https:\/\/www.sami.info\/fr\/wp-json\/wp\/v2\/product\/6048\/revisions"}],"predecessor-version":[{"id":17409,"href":"https:\/\/www.sami.info\/fr\/wp-json\/wp\/v2\/product\/6048\/revisions\/17409"}],"wp:featuredmedia":[{"embeddable":true,"href":"https:\/\/www.sami.info\/fr\/wp-json\/wp\/v2\/media\/15252"}],"wp:attachment":[{"href":"https:\/\/www.sami.info\/fr\/wp-json\/wp\/v2\/media?parent=6048"}],"wp:term":[{"taxonomy":"product_brand","embeddable":true,"href":"https:\/\/www.sami.info\/fr\/wp-json\/wp\/v2\/product_brand?post=6048"},{"taxonomy":"product_cat","embeddable":true,"href":"https:\/\/www.sami.info\/fr\/wp-json\/wp\/v2\/product_cat?post=6048"},{"taxonomy":"product_tag","embeddable":true,"href":"https:\/\/www.sami.info\/fr\/wp-json\/wp\/v2\/product_tag?post=6048"}],"curies":[{"name":"wp","href":"https:\/\/api.w.org\/{rel}","templated":true}]}}