{"id":6494,"date":"2021-08-18T09:28:35","date_gmt":"2021-08-18T09:28:35","guid":{"rendered":"http:\/\/www.sami.info\/prodotto\/centrales-production-lait-chaux\/"},"modified":"2025-10-30T08:53:14","modified_gmt":"2025-10-30T08:53:14","slug":"centrales-production-lait-chaux","status":"publish","type":"product","link":"https:\/\/www.sami.info\/fr\/prodotto\/centrales-production-lait-chaux\/","title":{"rendered":"Centrales de production de lait de chaux DSL"},"content":{"rendered":"[vc_row type=\u00a0\u00bbin_container\u00a0\u00bb full_screen_row_position=\u00a0\u00bbmiddle\u00a0\u00bb column_margin=\u00a0\u00bbdefault\u00a0\u00bb column_direction=\u00a0\u00bbdefault\u00a0\u00bb column_direction_tablet=\u00a0\u00bbdefault\u00a0\u00bb column_direction_phone=\u00a0\u00bbdefault\u00a0\u00bb scene_position=\u00a0\u00bbcenter\u00a0\u00bb text_color=\u00a0\u00bbdark\u00a0\u00bb text_align=\u00a0\u00bbleft\u00a0\u00bb row_border_radius=\u00a0\u00bbnone\u00a0\u00bb row_border_radius_applies=\u00a0\u00bbbg\u00a0\u00bb overflow=\u00a0\u00bbvisible\u00a0\u00bb overlay_strength=\u00a0\u00bb0.3&Prime; gradient_direction=\u00a0\u00bbleft_to_right\u00a0\u00bb shape_divider_position=\u00a0\u00bbbottom\u00a0\u00bb bg_image_animation=\u00a0\u00bbnone\u00a0\u00bb][vc_column column_padding=\u00a0\u00bbno-extra-padding\u00a0\u00bb column_padding_tablet=\u00a0\u00bbinherit\u00a0\u00bb column_padding_phone=\u00a0\u00bbinherit\u00a0\u00bb column_padding_position=\u00a0\u00bball\u00a0\u00bb column_element_direction_desktop=\u00a0\u00bbdefault\u00a0\u00bb column_element_spacing=\u00a0\u00bbdefault\u00a0\u00bb desktop_text_alignment=\u00a0\u00bbdefault\u00a0\u00bb tablet_text_alignment=\u00a0\u00bbdefault\u00a0\u00bb phone_text_alignment=\u00a0\u00bbdefault\u00a0\u00bb background_color_opacity=\u00a0\u00bb1&Prime; background_hover_color_opacity=\u00a0\u00bb1&Prime; column_backdrop_filter=\u00a0\u00bbnone\u00a0\u00bb column_shadow=\u00a0\u00bbnone\u00a0\u00bb column_border_radius=\u00a0\u00bbnone\u00a0\u00bb column_link_target=\u00a0\u00bb_self\u00a0\u00bb column_position=\u00a0\u00bbdefault\u00a0\u00bb gradient_direction=\u00a0\u00bbleft_to_right\u00a0\u00bb overlay_strength=\u00a0\u00bb0.3&Prime; width=\u00a0\u00bb1\/1&Prime; tablet_width_inherit=\u00a0\u00bbdefault\u00a0\u00bb animation_type=\u00a0\u00bbdefault\u00a0\u00bb bg_image_animation=\u00a0\u00bbnone\u00a0\u00bb border_type=\u00a0\u00bbsimple\u00a0\u00bb column_border_width=\u00a0\u00bbnone\u00a0\u00bb column_border_style=\u00a0\u00bbsolid\u00a0\u00bb][vc_column_text css=\u00a0\u00bb\u00a0\u00bb text_direction=\u00a0\u00bbdefault\u00a0\u00bb]\n<h2>PR\u00c9PARATION DU LAIT DE CHAUX<\/h2>\n<p>Les installations de lait de chaux DSL repr\u00e9sentent la solution id\u00e9ale pour la pr\u00e9paration industrielle de m\u00e9langes et de suspensions \u00e0 base d&rsquo;eau et de chaux hydrat\u00e9e (Ca(OH)<sub>2<\/sub>) avec des <strong>concentrations pouvant varier de 3% \u00e0 15%<\/strong>. Le <strong data-start=\"592\" data-end=\"609\">lait de chaux<\/strong> est un produit utilis\u00e9 dans de nombreux secteurs, notamment <strong data-start=\"670\" data-end=\"750\">le b\u00e2timent, l\u2019agriculture, la chimie, l\u2019\u00e9cologie et l\u2019industrie alimentaire<\/strong>. ; parmi les applications les plus courantes figurent : la <strong data-start=\"810\" data-end=\"854\">neutralisation des substances polluantes<\/strong> contenues dans les effluents liquides (traitement des eaux us\u00e9es), <strong data-start=\"922\" data-end=\"956\">l\u2019am\u00e9lioration des sols acides<\/strong>, la <strong data-start=\"961\" data-end=\"1015\">pr\u00e9paration de m\u00e9langes antiparasitaires agricoles<\/strong>, la <strong data-start=\"1020\" data-end=\"1038\">d\u00e9salinisation<\/strong>, certains <strong data-start=\"1049\" data-end=\"1088\">processus de production alimentaire<\/strong>, ainsi que le <strong data-start=\"1103\" data-end=\"1175\">refroidissement des \u00e9quipements utilis\u00e9s pour la d\u00e9coupe de la roche<\/strong>.<\/p>\n<h2>STOCKAGE ET DISSOLUTION DE LA CHAUX<\/h2>\n<p>L\u2019installation est compos\u00e9e d\u2019un ou plusieurs <strong data-start=\"1273\" data-end=\"1312\">silos de stockage de chaux hydrat\u00e9e<\/strong> et d\u2019un <strong data-start=\"1321\" data-end=\"1362\">dissolveur DLS avec agitateur interne<\/strong>, dans lequel sont introduits l\u2019eau et la chaux.. En ce qui concerne les silos, on peut choisir soit des <a href=\"\/fr\/?p=6054\">silos verticaux traditionnels monolithiques<\/a>, <a href=\"\/fr\/?p=6425\">t\u00e9lescopiques<\/a> ou <a href=\"\/fr\/?p=6471\">modulaires<\/a>, soit des <a href=\"https:\/\/www.sami.info\/fr\/categoria-prodotto\/batiment\/gestion-poudres-granules\/silos-horizontaux\/\">silos horizontaux EUROSILO<\/a> \u00e0 faible impact environnemental, en fonction de la consommation estim\u00e9e et des caract\u00e9ristiques du site d&rsquo;installation. Le dissolveur est \u00e9quip\u00e9 d\u2019un <strong data-start=\"1745\" data-end=\"1785\">agitateur \u00e0 pales ou \u00e0 h\u00e9lice marine<\/strong>, garantissant une dilution homog\u00e8ne de la chaux dans l\u2019eau et \u00e9vitant la formation de grumeaux. Il est fourni avec des <strong data-start=\"1907\" data-end=\"1931\">trappes d\u2019inspection<\/strong>, une <strong data-start=\"1937\" data-end=\"1961\">sortie de trop-plein<\/strong>, un <strong data-start=\"1966\" data-end=\"2019\">syst\u00e8me de ventilation des poussi\u00e8res avec filtre<\/strong>, et des <strong data-start=\"2028\" data-end=\"2050\">crochets de levage<\/strong>. L\u2019installation fonctionne <strong data-start=\"2080\" data-end=\"2103\">de mani\u00e8re autonome<\/strong>, selon les param\u00e8tres et niveaux d\u00e9finis, en respectant les <strong data-start=\"2164\" data-end=\"2212\">proportions pond\u00e9rales et les concentrations<\/strong> requises par le processus en aval.<\/p>\n<h2>DOSAGE VOLUM\u00c9TRIQUE ET PESAGE \u00c9LECTRONIQUE<\/h2>\n<p>L\u2019installation peut fonctionner <strong data-start=\"2336\" data-end=\"2367\">en mode batch ou en continu<\/strong>, et le syst\u00e8me peut \u00eatre g\u00e9r\u00e9 soit par <strong data-start=\"2407\" data-end=\"2440\">dosage volum\u00e9trique temporis\u00e9<\/strong> avec capteurs de niveau, soit par <strong data-start=\"2475\" data-end=\"2511\">pes\u00e9e \u00e9lectronique gravim\u00e9trique<\/strong> \u00e0 cellules de charge fonctionnant par diminution de poids. Le syst\u00e8me de pes\u00e9e \u00e9lectronique garantit une <strong data-start=\"2619\" data-end=\"2649\">grande pr\u00e9cision du dosage<\/strong>, une <strong data-start=\"2655\" data-end=\"2681\">homog\u00e9n\u00e9it\u00e9 du m\u00e9lange<\/strong> et une <strong data-start=\"2689\" data-end=\"2716\">constance des r\u00e9sultats<\/strong>, en d\u00e9tectant et corrigeant les probl\u00e8mes \u00e9ventuels, tels que la <strong data-start=\"2782\" data-end=\"2828\">formation de ponts \u00e0 l\u2019int\u00e9rieur des silos<\/strong> emp\u00eachant la sortie de la chaux. Le syst\u00e8me permet \u00e9galement de <strong data-start=\"2895\" data-end=\"2967\">surveiller et d\u2019enregistrer la consommation totale d\u2019eau et de chaux<\/strong>, assurant un <strong data-start=\"2981\" data-end=\"3014\">contr\u00f4le complet du processus<\/strong>.[\/vc_column_text][\/vc_column][\/vc_row][vc_row type=\u00a0\u00bbin_container\u00a0\u00bb full_screen_row_position=\u00a0\u00bbmiddle\u00a0\u00bb column_margin=\u00a0\u00bbdefault\u00a0\u00bb column_direction=\u00a0\u00bbdefault\u00a0\u00bb column_direction_tablet=\u00a0\u00bbdefault\u00a0\u00bb column_direction_phone=\u00a0\u00bbdefault\u00a0\u00bb scene_position=\u00a0\u00bbcenter\u00a0\u00bb text_color=\u00a0\u00bbdark\u00a0\u00bb text_align=\u00a0\u00bbleft\u00a0\u00bb row_border_radius=\u00a0\u00bbnone\u00a0\u00bb row_border_radius_applies=\u00a0\u00bbbg\u00a0\u00bb overflow=\u00a0\u00bbvisible\u00a0\u00bb overlay_strength=\u00a0\u00bb0.3&Prime; gradient_direction=\u00a0\u00bbleft_to_right\u00a0\u00bb shape_divider_position=\u00a0\u00bbbottom\u00a0\u00bb bg_image_animation=\u00a0\u00bbnone\u00a0\u00bb][vc_column column_padding=\u00a0\u00bbno-extra-padding\u00a0\u00bb column_padding_tablet=\u00a0\u00bbinherit\u00a0\u00bb column_padding_phone=\u00a0\u00bbinherit\u00a0\u00bb column_padding_position=\u00a0\u00bball\u00a0\u00bb column_element_direction_desktop=\u00a0\u00bbdefault\u00a0\u00bb column_element_spacing=\u00a0\u00bbdefault\u00a0\u00bb desktop_text_alignment=\u00a0\u00bbdefault\u00a0\u00bb tablet_text_alignment=\u00a0\u00bbdefault\u00a0\u00bb phone_text_alignment=\u00a0\u00bbdefault\u00a0\u00bb background_color_opacity=\u00a0\u00bb1&Prime; background_hover_color_opacity=\u00a0\u00bb1&Prime; column_backdrop_filter=\u00a0\u00bbnone\u00a0\u00bb column_shadow=\u00a0\u00bbnone\u00a0\u00bb column_border_radius=\u00a0\u00bbnone\u00a0\u00bb column_link_target=\u00a0\u00bb_self\u00a0\u00bb column_position=\u00a0\u00bbdefault\u00a0\u00bb gradient_direction=\u00a0\u00bbleft_to_right\u00a0\u00bb overlay_strength=\u00a0\u00bb0.3&Prime; width=\u00a0\u00bb1\/1&Prime; tablet_width_inherit=\u00a0\u00bbdefault\u00a0\u00bb animation_type=\u00a0\u00bbdefault\u00a0\u00bb bg_image_animation=\u00a0\u00bbnone\u00a0\u00bb border_type=\u00a0\u00bbsimple\u00a0\u00bb column_border_width=\u00a0\u00bbnone\u00a0\u00bb column_border_style=\u00a0\u00bbsolid\u00a0\u00bb][nectar_global_section id=\u00a0\u00bb10190&Prime;][nectar_global_section id=\u00a0\u00bb6459&Prime;][\/vc_column][\/vc_row]\n","protected":false},"excerpt":{"rendered":"<p>[vc_row type=\u00a0\u00bbin_container\u00a0\u00bb full_screen_row_position=\u00a0\u00bbmiddle\u00a0\u00bb column_margin=\u00a0\u00bbdefault\u00a0\u00bb column_direction=\u00a0\u00bbdefault\u00a0\u00bb column_direction_tablet=\u00a0\u00bbdefault\u00a0\u00bb column_direction_phone=\u00a0\u00bbdefault\u00a0\u00bb scene_position=\u00a0\u00bbcenter\u00a0\u00bb text_color=\u00a0\u00bbdark\u00a0\u00bb text_align=\u00a0\u00bbleft\u00a0\u00bb row_border_radius=\u00a0\u00bbnone\u00a0\u00bb row_border_radius_applies=\u00a0\u00bbbg\u00a0\u00bb overflow=\u00a0\u00bbvisible\u00a0\u00bb overlay_strength=\u00a0\u00bb0.3&Prime; gradient_direction=\u00a0\u00bbleft_to_right\u00a0\u00bb shape_divider_position=\u00a0\u00bbbottom\u00a0\u00bb bg_image_animation=\u00a0\u00bbnone\u00a0\u00bb][vc_column column_padding=\u00a0\u00bbno-extra-padding\u00a0\u00bb column_padding_tablet=\u00a0\u00bbinherit\u00a0\u00bb column_padding_phone=\u00a0\u00bbinherit\u00a0\u00bb column_padding_position=\u00a0\u00bball\u00a0\u00bb column_element_direction_desktop=\u00a0\u00bbdefault\u00a0\u00bb column_element_spacing=\u00a0\u00bbdefault\u00a0\u00bb desktop_text_alignment=\u00a0\u00bbdefault\u00a0\u00bb tablet_text_alignment=\u00a0\u00bbdefault\u00a0\u00bb&#8230;<\/p>\n","protected":false},"featured_media":15340,"template":"","meta":{"footnotes":""},"product_brand":[],"product_cat":[165,157,170],"product_tag":[],"class_list":{"0":"post-6494","1":"product","2":"type-product","3":"status-publish","4":"has-post-thumbnail","6":"product_cat-batiment","7":"product_cat-gestion-poudres-granules","8":"product_cat-installations-lait-chaux","10":"first","11":"instock","12":"shipping-taxable","13":"product-type-simple"},"_links":{"self":[{"href":"https:\/\/www.sami.info\/fr\/wp-json\/wp\/v2\/product\/6494","targetHints":{"allow":["GET"]}}],"collection":[{"href":"https:\/\/www.sami.info\/fr\/wp-json\/wp\/v2\/product"}],"about":[{"href":"https:\/\/www.sami.info\/fr\/wp-json\/wp\/v2\/types\/product"}],"version-history":[{"count":2,"href":"https:\/\/www.sami.info\/fr\/wp-json\/wp\/v2\/product\/6494\/revisions"}],"predecessor-version":[{"id":17458,"href":"https:\/\/www.sami.info\/fr\/wp-json\/wp\/v2\/product\/6494\/revisions\/17458"}],"wp:featuredmedia":[{"embeddable":true,"href":"https:\/\/www.sami.info\/fr\/wp-json\/wp\/v2\/media\/15340"}],"wp:attachment":[{"href":"https:\/\/www.sami.info\/fr\/wp-json\/wp\/v2\/media?parent=6494"}],"wp:term":[{"taxonomy":"product_brand","embeddable":true,"href":"https:\/\/www.sami.info\/fr\/wp-json\/wp\/v2\/product_brand?post=6494"},{"taxonomy":"product_cat","embeddable":true,"href":"https:\/\/www.sami.info\/fr\/wp-json\/wp\/v2\/product_cat?post=6494"},{"taxonomy":"product_tag","embeddable":true,"href":"https:\/\/www.sami.info\/fr\/wp-json\/wp\/v2\/product_tag?post=6494"}],"curies":[{"name":"wp","href":"https:\/\/api.w.org\/{rel}","templated":true}]}}