{"id":6665,"date":"2021-08-18T14:09:59","date_gmt":"2021-08-18T14:09:59","guid":{"rendered":"http:\/\/www.sami.info\/prodotto\/centrale-mobile-melange-poudre\/"},"modified":"2025-10-30T10:01:13","modified_gmt":"2025-10-30T10:01:13","slug":"centrales-mobiles-melange-poudres","status":"publish","type":"product","link":"https:\/\/www.sami.info\/fr\/prodotto\/centrales-mobiles-melange-poudres\/","title":{"rendered":"Centrales mobiles de m\u00e9lange poudres BS040M"},"content":{"rendered":"[vc_row type=\u00a0\u00bbin_container\u00a0\u00bb full_screen_row_position=\u00a0\u00bbmiddle\u00a0\u00bb column_margin=\u00a0\u00bbdefault\u00a0\u00bb column_direction=\u00a0\u00bbdefault\u00a0\u00bb column_direction_tablet=\u00a0\u00bbdefault\u00a0\u00bb column_direction_phone=\u00a0\u00bbdefault\u00a0\u00bb scene_position=\u00a0\u00bbcenter\u00a0\u00bb text_color=\u00a0\u00bbdark\u00a0\u00bb text_align=\u00a0\u00bbleft\u00a0\u00bb row_border_radius=\u00a0\u00bbnone\u00a0\u00bb row_border_radius_applies=\u00a0\u00bbbg\u00a0\u00bb overflow=\u00a0\u00bbvisible\u00a0\u00bb overlay_strength=\u00a0\u00bb0.3&Prime; gradient_direction=\u00a0\u00bbleft_to_right\u00a0\u00bb shape_divider_position=\u00a0\u00bbbottom\u00a0\u00bb bg_image_animation=\u00a0\u00bbnone\u00a0\u00bb][vc_column column_padding=\u00a0\u00bbno-extra-padding\u00a0\u00bb column_padding_tablet=\u00a0\u00bbinherit\u00a0\u00bb column_padding_phone=\u00a0\u00bbinherit\u00a0\u00bb column_padding_position=\u00a0\u00bball\u00a0\u00bb column_element_direction_desktop=\u00a0\u00bbdefault\u00a0\u00bb column_element_spacing=\u00a0\u00bbdefault\u00a0\u00bb desktop_text_alignment=\u00a0\u00bbdefault\u00a0\u00bb tablet_text_alignment=\u00a0\u00bbdefault\u00a0\u00bb phone_text_alignment=\u00a0\u00bbdefault\u00a0\u00bb background_color_opacity=\u00a0\u00bb1&Prime; background_hover_color_opacity=\u00a0\u00bb1&Prime; column_backdrop_filter=\u00a0\u00bbnone\u00a0\u00bb column_shadow=\u00a0\u00bbnone\u00a0\u00bb column_border_radius=\u00a0\u00bbnone\u00a0\u00bb column_link_target=\u00a0\u00bb_self\u00a0\u00bb column_position=\u00a0\u00bbdefault\u00a0\u00bb gradient_direction=\u00a0\u00bbleft_to_right\u00a0\u00bb overlay_strength=\u00a0\u00bb0.3&Prime; width=\u00a0\u00bb1\/1&Prime; tablet_width_inherit=\u00a0\u00bbdefault\u00a0\u00bb animation_type=\u00a0\u00bbdefault\u00a0\u00bb bg_image_animation=\u00a0\u00bbnone\u00a0\u00bb border_type=\u00a0\u00bbsimple\u00a0\u00bb column_border_width=\u00a0\u00bbnone\u00a0\u00bb column_border_style=\u00a0\u00bbsolid\u00a0\u00bb][vc_column_text css=\u00a0\u00bb\u00a0\u00bb text_direction=\u00a0\u00bbdefault\u00a0\u00bb]\n<h2>PRODUCTION DE PR\u00c9M\u00c9LANGES<\/h2>\n<p>La <strong data-start=\"304\" data-end=\"351\">centrale BS040M (Blending Station \u2013 Mobile)<\/strong> est une <strong data-start=\"360\" data-end=\"395\">installation mobile automatis\u00e9e<\/strong> con\u00e7ue pour le <strong data-start=\"411\" data-end=\"441\">dosage et le m\u00e9lange \u00e0 sec<\/strong> de <strong data-start=\"445\" data-end=\"464\">poudres inertes<\/strong> (agr\u00e9gats, carbonate, silice, gypse) avec des <strong data-start=\"511\" data-end=\"521\">liants<\/strong> (ciment, chaux, sulfate de calcium) et des <strong data-start=\"565\" data-end=\"577\">additifs<\/strong> (r\u00e9sines, agents entra\u00eeneurs d\u2019air, fluidifiants, fibres, celluloses), afin de produire des <strong data-start=\"670\" data-end=\"699\">produits pr\u00eats \u00e0 l\u2019emploi<\/strong>, <strong data-start=\"701\" data-end=\"738\">en vrac ou ensach\u00e9s et palettis\u00e9s<\/strong>. Elle est adapt\u00e9e \u00e0 la production de <strong data-start=\"778\" data-end=\"893\">chapes, sous-couches, mortiers pour enduits, ma\u00e7onneries, finitions, r\u00e9parations, imperm\u00e9abilisations et colles<\/strong>. L\u2019installation est con\u00e7ue pour garantir <strong data-start=\"937\" data-end=\"979\">une simplicit\u00e9 maximale de manutention<\/strong> \u00e0 l\u2019utilisateur et peut atteindre une <strong data-start=\"1018\" data-end=\"1067\">capacit\u00e9 de production allant jusqu\u2019\u00e0 40 m\u00b3\/h<\/strong> de mat\u00e9riau pr\u00e9m\u00e9lang\u00e9.<\/p>\n<h2>USINE DE M\u00c9LANGE MOBILE<\/h2>\n<p>Contrairement aux <a href=\"\/fr\/?p=6965\">centrales stationnaires BS040<\/a>, les centrales mobiles BS040M sont de <strong>taille compacte<\/strong> et optimis\u00e9es pour le transport. Elles sont <strong data-start=\"1351\" data-end=\"1402\">con\u00e7ues pour \u00eatre install\u00e9es en quelques heures<\/strong> et repr\u00e9sentent la <strong data-start=\"1422\" data-end=\"1441\">solution id\u00e9ale<\/strong> pour ceux qui souhaitent <strong data-start=\"1467\" data-end=\"1502\">d\u00e9placer fr\u00e9quemment la machine<\/strong> ou disposent d\u2019un <strong data-start=\"1521\" data-end=\"1554\">espace limit\u00e9 sur le chantier<\/strong>. L&rsquo;unit\u00e9 mobile de dosage et de m\u00e9lange BS040M, ainsi que le <a href=\"\/fr\/?p=6719\">BS075M<\/a>, sont g\u00e9n\u00e9ralement combin\u00e9s avec plusieurs <a href=\"\/fr\/?p=4551\">silos horizontaux mobiles EUROSILO<\/a> pour le stockage et la r\u00e9cup\u00e9ration des mati\u00e8res premi\u00e8res \u00e0 m\u00e9langer. En remplacement des silos horizontaux, il est possible de combiner des <a href=\"\/fr\/?p=6054\">silos verticaux monolithiques<\/a>, <a href=\"\/fr\/?p=6425\">t\u00e9lescopiques<\/a> ou <a href=\"\/fr\/?p=6471\">\u00e0 panneaux<\/a>. Des composants suppl\u00e9mentaires permettent le stockage du mat\u00e9riau m\u00e9lang\u00e9, le remplissage du camion-citerne pour vrac ou le conditionnement des sacs pour la palettisation.<\/p>\n<h2>SYST\u00c8ME AUTOMATIS\u00c9<\/h2>\n<p>Le processus est <strong data-start=\"2197\" data-end=\"2257\">g\u00e9r\u00e9 par un ordinateur et un automate programmable (PLC)<\/strong>, connect\u00e9s \u00e0 des <strong data-start=\"2275\" data-end=\"2323\">syst\u00e8mes de pes\u00e9e \u00e9lectronique gravim\u00e9trique<\/strong> \u00e0 cellules de charge. Le <strong data-start=\"2351\" data-end=\"2402\">m\u00e9langeur garantit une homog\u00e9n\u00e9isation compl\u00e8te<\/strong> du pr\u00e9m\u00e9lange, assurant <strong data-start=\"2427\" data-end=\"2467\">qualit\u00e9, r\u00e9p\u00e9tabilit\u00e9 et tra\u00e7abilit\u00e9<\/strong> \u00e0 chaque cycle de production.[\/vc_column_text][\/vc_column][\/vc_row][vc_row type=\u00a0\u00bbin_container\u00a0\u00bb full_screen_row_position=\u00a0\u00bbmiddle\u00a0\u00bb column_margin=\u00a0\u00bbdefault\u00a0\u00bb column_direction=\u00a0\u00bbdefault\u00a0\u00bb column_direction_tablet=\u00a0\u00bbdefault\u00a0\u00bb column_direction_phone=\u00a0\u00bbdefault\u00a0\u00bb scene_position=\u00a0\u00bbcenter\u00a0\u00bb text_color=\u00a0\u00bbdark\u00a0\u00bb text_align=\u00a0\u00bbleft\u00a0\u00bb row_border_radius=\u00a0\u00bbnone\u00a0\u00bb row_border_radius_applies=\u00a0\u00bbbg\u00a0\u00bb overflow=\u00a0\u00bbvisible\u00a0\u00bb overlay_strength=\u00a0\u00bb0.3&Prime; gradient_direction=\u00a0\u00bbleft_to_right\u00a0\u00bb shape_divider_position=\u00a0\u00bbbottom\u00a0\u00bb bg_image_animation=\u00a0\u00bbnone\u00a0\u00bb][vc_column column_padding=\u00a0\u00bbno-extra-padding\u00a0\u00bb column_padding_tablet=\u00a0\u00bbinherit\u00a0\u00bb column_padding_phone=\u00a0\u00bbinherit\u00a0\u00bb column_padding_position=\u00a0\u00bball\u00a0\u00bb column_element_direction_desktop=\u00a0\u00bbdefault\u00a0\u00bb column_element_spacing=\u00a0\u00bbdefault\u00a0\u00bb desktop_text_alignment=\u00a0\u00bbdefault\u00a0\u00bb tablet_text_alignment=\u00a0\u00bbdefault\u00a0\u00bb phone_text_alignment=\u00a0\u00bbdefault\u00a0\u00bb background_color_opacity=\u00a0\u00bb1&Prime; background_hover_color_opacity=\u00a0\u00bb1&Prime; column_backdrop_filter=\u00a0\u00bbnone\u00a0\u00bb column_shadow=\u00a0\u00bbnone\u00a0\u00bb column_border_radius=\u00a0\u00bbnone\u00a0\u00bb column_link_target=\u00a0\u00bb_self\u00a0\u00bb column_position=\u00a0\u00bbdefault\u00a0\u00bb gradient_direction=\u00a0\u00bbleft_to_right\u00a0\u00bb overlay_strength=\u00a0\u00bb0.3&Prime; width=\u00a0\u00bb1\/1&Prime; tablet_width_inherit=\u00a0\u00bbdefault\u00a0\u00bb animation_type=\u00a0\u00bbdefault\u00a0\u00bb bg_image_animation=\u00a0\u00bbnone\u00a0\u00bb border_type=\u00a0\u00bbsimple\u00a0\u00bb column_border_width=\u00a0\u00bbnone\u00a0\u00bb column_border_style=\u00a0\u00bbsolid\u00a0\u00bb][nectar_global_section id=\u00a0\u00bb10190&Prime;][nectar_global_section id=\u00a0\u00bb6461&Prime;][\/vc_column][\/vc_row]\n","protected":false},"excerpt":{"rendered":"<p>[vc_row type=\u00a0\u00bbin_container\u00a0\u00bb full_screen_row_position=\u00a0\u00bbmiddle\u00a0\u00bb column_margin=\u00a0\u00bbdefault\u00a0\u00bb column_direction=\u00a0\u00bbdefault\u00a0\u00bb column_direction_tablet=\u00a0\u00bbdefault\u00a0\u00bb column_direction_phone=\u00a0\u00bbdefault\u00a0\u00bb scene_position=\u00a0\u00bbcenter\u00a0\u00bb text_color=\u00a0\u00bbdark\u00a0\u00bb text_align=\u00a0\u00bbleft\u00a0\u00bb row_border_radius=\u00a0\u00bbnone\u00a0\u00bb row_border_radius_applies=\u00a0\u00bbbg\u00a0\u00bb overflow=\u00a0\u00bbvisible\u00a0\u00bb overlay_strength=\u00a0\u00bb0.3&Prime; gradient_direction=\u00a0\u00bbleft_to_right\u00a0\u00bb shape_divider_position=\u00a0\u00bbbottom\u00a0\u00bb bg_image_animation=\u00a0\u00bbnone\u00a0\u00bb][vc_column column_padding=\u00a0\u00bbno-extra-padding\u00a0\u00bb column_padding_tablet=\u00a0\u00bbinherit\u00a0\u00bb column_padding_phone=\u00a0\u00bbinherit\u00a0\u00bb column_padding_position=\u00a0\u00bball\u00a0\u00bb column_element_direction_desktop=\u00a0\u00bbdefault\u00a0\u00bb column_element_spacing=\u00a0\u00bbdefault\u00a0\u00bb desktop_text_alignment=\u00a0\u00bbdefault\u00a0\u00bb tablet_text_alignment=\u00a0\u00bbdefault\u00a0\u00bb&#8230;<\/p>\n","protected":false},"featured_media":15896,"template":"","meta":{"footnotes":""},"product_brand":[],"product_cat":[165,157,171],"product_tag":[],"class_list":{"0":"post-6665","1":"product","2":"type-product","3":"status-publish","4":"has-post-thumbnail","6":"product_cat-batiment","7":"product_cat-gestion-poudres-granules","8":"product_cat-installations-melange-poudres","10":"first","11":"instock","12":"shipping-taxable","13":"product-type-simple"},"_links":{"self":[{"href":"https:\/\/www.sami.info\/fr\/wp-json\/wp\/v2\/product\/6665","targetHints":{"allow":["GET"]}}],"collection":[{"href":"https:\/\/www.sami.info\/fr\/wp-json\/wp\/v2\/product"}],"about":[{"href":"https:\/\/www.sami.info\/fr\/wp-json\/wp\/v2\/types\/product"}],"version-history":[{"count":1,"href":"https:\/\/www.sami.info\/fr\/wp-json\/wp\/v2\/product\/6665\/revisions"}],"predecessor-version":[{"id":17466,"href":"https:\/\/www.sami.info\/fr\/wp-json\/wp\/v2\/product\/6665\/revisions\/17466"}],"wp:featuredmedia":[{"embeddable":true,"href":"https:\/\/www.sami.info\/fr\/wp-json\/wp\/v2\/media\/15896"}],"wp:attachment":[{"href":"https:\/\/www.sami.info\/fr\/wp-json\/wp\/v2\/media?parent=6665"}],"wp:term":[{"taxonomy":"product_brand","embeddable":true,"href":"https:\/\/www.sami.info\/fr\/wp-json\/wp\/v2\/product_brand?post=6665"},{"taxonomy":"product_cat","embeddable":true,"href":"https:\/\/www.sami.info\/fr\/wp-json\/wp\/v2\/product_cat?post=6665"},{"taxonomy":"product_tag","embeddable":true,"href":"https:\/\/www.sami.info\/fr\/wp-json\/wp\/v2\/product_tag?post=6665"}],"curies":[{"name":"wp","href":"https:\/\/api.w.org\/{rel}","templated":true}]}}