{"id":6719,"date":"2021-08-18T13:57:11","date_gmt":"2021-08-18T13:57:11","guid":{"rendered":"http:\/\/www.sami.info\/prodotto\/centrale-modulaire-melange-poudres\/"},"modified":"2025-10-30T10:48:19","modified_gmt":"2025-10-30T10:48:19","slug":"centrales-mobiles-melange-poudres-conteneur","status":"publish","type":"product","link":"https:\/\/www.sami.info\/fr\/prodotto\/centrales-mobiles-melange-poudres-conteneur\/","title":{"rendered":"Centrales mobiles de m\u00e9lange poudres BS075M"},"content":{"rendered":"[vc_row type=\u00a0\u00bbin_container\u00a0\u00bb full_screen_row_position=\u00a0\u00bbmiddle\u00a0\u00bb column_margin=\u00a0\u00bbdefault\u00a0\u00bb column_direction=\u00a0\u00bbdefault\u00a0\u00bb column_direction_tablet=\u00a0\u00bbdefault\u00a0\u00bb column_direction_phone=\u00a0\u00bbdefault\u00a0\u00bb scene_position=\u00a0\u00bbcenter\u00a0\u00bb text_color=\u00a0\u00bbdark\u00a0\u00bb text_align=\u00a0\u00bbleft\u00a0\u00bb row_border_radius=\u00a0\u00bbnone\u00a0\u00bb row_border_radius_applies=\u00a0\u00bbbg\u00a0\u00bb overflow=\u00a0\u00bbvisible\u00a0\u00bb overlay_strength=\u00a0\u00bb0.3&Prime; gradient_direction=\u00a0\u00bbleft_to_right\u00a0\u00bb shape_divider_position=\u00a0\u00bbbottom\u00a0\u00bb bg_image_animation=\u00a0\u00bbnone\u00a0\u00bb][vc_column column_padding=\u00a0\u00bbno-extra-padding\u00a0\u00bb column_padding_tablet=\u00a0\u00bbinherit\u00a0\u00bb column_padding_phone=\u00a0\u00bbinherit\u00a0\u00bb column_padding_position=\u00a0\u00bball\u00a0\u00bb column_element_direction_desktop=\u00a0\u00bbdefault\u00a0\u00bb column_element_spacing=\u00a0\u00bbdefault\u00a0\u00bb desktop_text_alignment=\u00a0\u00bbdefault\u00a0\u00bb tablet_text_alignment=\u00a0\u00bbdefault\u00a0\u00bb phone_text_alignment=\u00a0\u00bbdefault\u00a0\u00bb background_color_opacity=\u00a0\u00bb1&Prime; background_hover_color_opacity=\u00a0\u00bb1&Prime; column_backdrop_filter=\u00a0\u00bbnone\u00a0\u00bb column_shadow=\u00a0\u00bbnone\u00a0\u00bb column_border_radius=\u00a0\u00bbnone\u00a0\u00bb column_link_target=\u00a0\u00bb_self\u00a0\u00bb column_position=\u00a0\u00bbdefault\u00a0\u00bb gradient_direction=\u00a0\u00bbleft_to_right\u00a0\u00bb overlay_strength=\u00a0\u00bb0.3&Prime; width=\u00a0\u00bb1\/1&Prime; tablet_width_inherit=\u00a0\u00bbdefault\u00a0\u00bb animation_type=\u00a0\u00bbdefault\u00a0\u00bb bg_image_animation=\u00a0\u00bbnone\u00a0\u00bb border_type=\u00a0\u00bbsimple\u00a0\u00bb column_border_width=\u00a0\u00bbnone\u00a0\u00bb column_border_style=\u00a0\u00bbsolid\u00a0\u00bb][vc_column_text css=\u00a0\u00bb\u00a0\u00bb text_direction=\u00a0\u00bbdefault\u00a0\u00bb]\n<h2>PRODUCTION DE PR\u00c9M\u00c9LANGES<\/h2>\n<p>La <strong data-start=\"360\" data-end=\"407\">centrale BS075M (Blending Station \u2013 Mobile)<\/strong> est une <strong data-start=\"416\" data-end=\"469\">installation mobile automatis\u00e9e haute performance<\/strong>, con\u00e7ue pour le <strong data-start=\"486\" data-end=\"516\">dosage et le m\u00e9lange \u00e0 sec<\/strong> de <strong data-start=\"520\" data-end=\"539\">poudres inertes<\/strong> (agr\u00e9gats, carbonate, silice, gypse) avec des <strong data-start=\"586\" data-end=\"596\">liants<\/strong> (ciment, chaux, sulfate de calcium) et des <strong data-start=\"640\" data-end=\"652\">additifs<\/strong> (r\u00e9sines, agents entra\u00eeneurs d\u2019air, fluidifiants, fibres, celluloses) pour la production de <strong data-start=\"745\" data-end=\"774\">produits pr\u00eats \u00e0 l\u2019emploi<\/strong>, <strong data-start=\"776\" data-end=\"813\">en vrac ou ensach\u00e9s et palettis\u00e9s<\/strong>, tels que des <strong data-start=\"828\" data-end=\"945\">chapes, sous-couches, mortiers pour enduits, ma\u00e7onneries, finitions, r\u00e9parations, produits d\u2019\u00e9tanch\u00e9it\u00e9 et colles<\/strong>. L\u2019installation est con\u00e7ue pour offrir \u00e0 l\u2019utilisateur <strong data-start=\"1003\" data-end=\"1078\">\u00e0 la fois une grande mobilit\u00e9 et des performances de production \u00e9lev\u00e9es<\/strong>, avec une <strong data-start=\"1089\" data-end=\"1141\">capacit\u00e9 de production pouvant atteindre 75 m\u00b3\/h<\/strong> de mat\u00e9riau pr\u00e9m\u00e9lang\u00e9.<\/p>\n<h2>CENTRALE DE M\u00c9LANGE MOBILE<\/h2>\n<p>Contrairement aux <a href=\"\/fr\/?p=6965\">centrales de m\u00e9lange stationnaires BS040<\/a>, les centralese de m\u00e9lange pr\u00eats \u00e0 l&#8217;emploi mobiles BS075M sont constitu\u00e9s de <strong>structures de conteneurs modulaires pr\u00e9c\u00e2bl\u00e9s et empilables<\/strong>, con\u00e7us pour minimiser les co\u00fbts de transport et d&rsquo;installation. Les installations mobiles BS075M, comme les <a href=\"\/fr\/?p=6665\">installations BS040M<\/a>, sont donc la solution id\u00e9ale pour ceux qui ont l&rsquo;intention de <strong>d\u00e9placer les machines plusieurs fois<\/strong> par an ou qui ont un <strong>espace limit\u00e9 sur le site<\/strong>. L&rsquo;unit\u00e9 mobile de dosage et de m\u00e9lange est g\u00e9n\u00e9ralement combin\u00e9e \u00e0 plusieurs <a href=\"\/fr\/?p=4551\">silos horizontaux mobiles EUROSILO<\/a> pour le stockage et la r\u00e9cup\u00e9ration des mati\u00e8res premi\u00e8res \u00e0 m\u00e9langer. En remplacement des silos horizontaux, il est possible de combiner des <a href=\"\/fr\/?p=6054\">silos verticaux monolithiques<\/a>, <a href=\"\/fr\/?p=6425\">t\u00e9lescopiques<\/a> ou \u00e0 <a href=\"\/fr\/?p=6471\">panneaux<\/a>. Des composants suppl\u00e9mentaires permettent le stockage du mat\u00e9riau m\u00e9lang\u00e9, le remplissage du camion-citerne pour vrac ou le conditionnement des sacs pour la palettisation.<\/p>\n<h2>SYST\u00c8ME AUTOMATIS\u00c9<\/h2>\n<p>Toutes les phases du processus de production sont <strong data-start=\"2376\" data-end=\"2404\">g\u00e9r\u00e9es par un ordinateur<\/strong>, tandis que les <strong data-start=\"2421\" data-end=\"2473\">formules et le dosage des composants individuels<\/strong> sont trait\u00e9s par un <strong data-start=\"2494\" data-end=\"2525\">automate programmable (PLC)<\/strong> connect\u00e9 \u00e0 des <strong data-start=\"2541\" data-end=\"2589\">syst\u00e8mes de pes\u00e9e \u00e9lectronique gravim\u00e9trique<\/strong> \u00e0 <strong data-start=\"2592\" data-end=\"2651\">cellules de charge fonctionnant par diminution de poids<\/strong>. Le <strong data-start=\"2658\" data-end=\"2711\">m\u00e9langeur garantit une excellente homog\u00e9n\u00e9isation<\/strong> du pr\u00e9m\u00e9lange. Ce syst\u00e8me assure <strong data-start=\"2747\" data-end=\"2799\">qualit\u00e9, constance (r\u00e9p\u00e9tabilit\u00e9) et tra\u00e7abilit\u00e9<\/strong> pour chaque cycle de production, en respectant les <strong data-start=\"2851\" data-end=\"2908\">caract\u00e9ristiques techniques requises du produit final<\/strong>.[\/vc_column_text][\/vc_column][\/vc_row][vc_row type=\u00a0\u00bbin_container\u00a0\u00bb full_screen_row_position=\u00a0\u00bbmiddle\u00a0\u00bb column_margin=\u00a0\u00bbdefault\u00a0\u00bb column_direction=\u00a0\u00bbdefault\u00a0\u00bb column_direction_tablet=\u00a0\u00bbdefault\u00a0\u00bb column_direction_phone=\u00a0\u00bbdefault\u00a0\u00bb scene_position=\u00a0\u00bbcenter\u00a0\u00bb text_color=\u00a0\u00bbdark\u00a0\u00bb text_align=\u00a0\u00bbleft\u00a0\u00bb row_border_radius=\u00a0\u00bbnone\u00a0\u00bb row_border_radius_applies=\u00a0\u00bbbg\u00a0\u00bb overflow=\u00a0\u00bbvisible\u00a0\u00bb overlay_strength=\u00a0\u00bb0.3&Prime; gradient_direction=\u00a0\u00bbleft_to_right\u00a0\u00bb shape_divider_position=\u00a0\u00bbbottom\u00a0\u00bb bg_image_animation=\u00a0\u00bbnone\u00a0\u00bb][vc_column column_padding=\u00a0\u00bbno-extra-padding\u00a0\u00bb column_padding_tablet=\u00a0\u00bbinherit\u00a0\u00bb column_padding_phone=\u00a0\u00bbinherit\u00a0\u00bb column_padding_position=\u00a0\u00bball\u00a0\u00bb column_element_direction_desktop=\u00a0\u00bbdefault\u00a0\u00bb column_element_spacing=\u00a0\u00bbdefault\u00a0\u00bb desktop_text_alignment=\u00a0\u00bbdefault\u00a0\u00bb tablet_text_alignment=\u00a0\u00bbdefault\u00a0\u00bb phone_text_alignment=\u00a0\u00bbdefault\u00a0\u00bb background_color_opacity=\u00a0\u00bb1&Prime; background_hover_color_opacity=\u00a0\u00bb1&Prime; column_backdrop_filter=\u00a0\u00bbnone\u00a0\u00bb column_shadow=\u00a0\u00bbnone\u00a0\u00bb column_border_radius=\u00a0\u00bbnone\u00a0\u00bb column_link_target=\u00a0\u00bb_self\u00a0\u00bb column_position=\u00a0\u00bbdefault\u00a0\u00bb gradient_direction=\u00a0\u00bbleft_to_right\u00a0\u00bb overlay_strength=\u00a0\u00bb0.3&Prime; width=\u00a0\u00bb1\/1&Prime; tablet_width_inherit=\u00a0\u00bbdefault\u00a0\u00bb animation_type=\u00a0\u00bbdefault\u00a0\u00bb bg_image_animation=\u00a0\u00bbnone\u00a0\u00bb border_type=\u00a0\u00bbsimple\u00a0\u00bb column_border_width=\u00a0\u00bbnone\u00a0\u00bb column_border_style=\u00a0\u00bbsolid\u00a0\u00bb][nectar_global_section id=\u00a0\u00bb10190&Prime;][\/vc_column][\/vc_row][vc_row type=\u00a0\u00bbin_container\u00a0\u00bb full_screen_row_position=\u00a0\u00bbmiddle\u00a0\u00bb column_margin=\u00a0\u00bbdefault\u00a0\u00bb column_direction=\u00a0\u00bbdefault\u00a0\u00bb column_direction_tablet=\u00a0\u00bbdefault\u00a0\u00bb column_direction_phone=\u00a0\u00bbdefault\u00a0\u00bb scene_position=\u00a0\u00bbcenter\u00a0\u00bb text_color=\u00a0\u00bbdark\u00a0\u00bb text_align=\u00a0\u00bbleft\u00a0\u00bb row_border_radius=\u00a0\u00bbnone\u00a0\u00bb row_border_radius_applies=\u00a0\u00bbbg\u00a0\u00bb overflow=\u00a0\u00bbvisible\u00a0\u00bb overlay_strength=\u00a0\u00bb0.3&Prime; gradient_direction=\u00a0\u00bbleft_to_right\u00a0\u00bb shape_divider_position=\u00a0\u00bbbottom\u00a0\u00bb bg_image_animation=\u00a0\u00bbnone\u00a0\u00bb][vc_column column_padding=\u00a0\u00bbno-extra-padding\u00a0\u00bb column_padding_tablet=\u00a0\u00bbinherit\u00a0\u00bb column_padding_phone=\u00a0\u00bbinherit\u00a0\u00bb column_padding_position=\u00a0\u00bball\u00a0\u00bb column_element_direction_desktop=\u00a0\u00bbdefault\u00a0\u00bb column_element_spacing=\u00a0\u00bbdefault\u00a0\u00bb desktop_text_alignment=\u00a0\u00bbdefault\u00a0\u00bb tablet_text_alignment=\u00a0\u00bbdefault\u00a0\u00bb phone_text_alignment=\u00a0\u00bbdefault\u00a0\u00bb background_color_opacity=\u00a0\u00bb1&Prime; background_hover_color_opacity=\u00a0\u00bb1&Prime; column_backdrop_filter=\u00a0\u00bbnone\u00a0\u00bb column_shadow=\u00a0\u00bbnone\u00a0\u00bb column_border_radius=\u00a0\u00bbnone\u00a0\u00bb column_link_target=\u00a0\u00bb_self\u00a0\u00bb column_position=\u00a0\u00bbdefault\u00a0\u00bb gradient_direction=\u00a0\u00bbleft_to_right\u00a0\u00bb overlay_strength=\u00a0\u00bb0.3&Prime; width=\u00a0\u00bb1\/1&Prime; tablet_width_inherit=\u00a0\u00bbdefault\u00a0\u00bb animation_type=\u00a0\u00bbdefault\u00a0\u00bb bg_image_animation=\u00a0\u00bbnone\u00a0\u00bb border_type=\u00a0\u00bbsimple\u00a0\u00bb column_border_width=\u00a0\u00bbnone\u00a0\u00bb column_border_style=\u00a0\u00bbsolid\u00a0\u00bb][nectar_global_section id=\u00a0\u00bb10342&Prime;][\/vc_column][\/vc_row]\n","protected":false},"excerpt":{"rendered":"<p>[vc_row type=\u00a0\u00bbin_container\u00a0\u00bb full_screen_row_position=\u00a0\u00bbmiddle\u00a0\u00bb column_margin=\u00a0\u00bbdefault\u00a0\u00bb column_direction=\u00a0\u00bbdefault\u00a0\u00bb column_direction_tablet=\u00a0\u00bbdefault\u00a0\u00bb column_direction_phone=\u00a0\u00bbdefault\u00a0\u00bb scene_position=\u00a0\u00bbcenter\u00a0\u00bb text_color=\u00a0\u00bbdark\u00a0\u00bb text_align=\u00a0\u00bbleft\u00a0\u00bb row_border_radius=\u00a0\u00bbnone\u00a0\u00bb row_border_radius_applies=\u00a0\u00bbbg\u00a0\u00bb overflow=\u00a0\u00bbvisible\u00a0\u00bb overlay_strength=\u00a0\u00bb0.3&Prime; gradient_direction=\u00a0\u00bbleft_to_right\u00a0\u00bb shape_divider_position=\u00a0\u00bbbottom\u00a0\u00bb bg_image_animation=\u00a0\u00bbnone\u00a0\u00bb][vc_column column_padding=\u00a0\u00bbno-extra-padding\u00a0\u00bb column_padding_tablet=\u00a0\u00bbinherit\u00a0\u00bb column_padding_phone=\u00a0\u00bbinherit\u00a0\u00bb column_padding_position=\u00a0\u00bball\u00a0\u00bb column_element_direction_desktop=\u00a0\u00bbdefault\u00a0\u00bb column_element_spacing=\u00a0\u00bbdefault\u00a0\u00bb desktop_text_alignment=\u00a0\u00bbdefault\u00a0\u00bb tablet_text_alignment=\u00a0\u00bbdefault\u00a0\u00bb&#8230;<\/p>\n","protected":false},"featured_media":15977,"template":"","meta":{"footnotes":""},"product_brand":[],"product_cat":[165,157,171],"product_tag":[],"class_list":{"0":"post-6719","1":"product","2":"type-product","3":"status-publish","4":"has-post-thumbnail","6":"product_cat-batiment","7":"product_cat-gestion-poudres-granules","8":"product_cat-installations-melange-poudres","10":"first","11":"instock","12":"shipping-taxable","13":"product-type-simple"},"_links":{"self":[{"href":"https:\/\/www.sami.info\/fr\/wp-json\/wp\/v2\/product\/6719","targetHints":{"allow":["GET"]}}],"collection":[{"href":"https:\/\/www.sami.info\/fr\/wp-json\/wp\/v2\/product"}],"about":[{"href":"https:\/\/www.sami.info\/fr\/wp-json\/wp\/v2\/types\/product"}],"version-history":[{"count":1,"href":"https:\/\/www.sami.info\/fr\/wp-json\/wp\/v2\/product\/6719\/revisions"}],"predecessor-version":[{"id":17472,"href":"https:\/\/www.sami.info\/fr\/wp-json\/wp\/v2\/product\/6719\/revisions\/17472"}],"wp:featuredmedia":[{"embeddable":true,"href":"https:\/\/www.sami.info\/fr\/wp-json\/wp\/v2\/media\/15977"}],"wp:attachment":[{"href":"https:\/\/www.sami.info\/fr\/wp-json\/wp\/v2\/media?parent=6719"}],"wp:term":[{"taxonomy":"product_brand","embeddable":true,"href":"https:\/\/www.sami.info\/fr\/wp-json\/wp\/v2\/product_brand?post=6719"},{"taxonomy":"product_cat","embeddable":true,"href":"https:\/\/www.sami.info\/fr\/wp-json\/wp\/v2\/product_cat?post=6719"},{"taxonomy":"product_tag","embeddable":true,"href":"https:\/\/www.sami.info\/fr\/wp-json\/wp\/v2\/product_tag?post=6719"}],"curies":[{"name":"wp","href":"https:\/\/api.w.org\/{rel}","templated":true}]}}