{"id":6965,"date":"2021-08-18T14:34:06","date_gmt":"2021-08-18T14:34:06","guid":{"rendered":"http:\/\/www.sami.info\/prodotto\/centrale-melange-tour-poudre-seche\/"},"modified":"2025-10-30T14:10:48","modified_gmt":"2025-10-30T14:10:48","slug":"centrales-melange-poudre-seche","status":"publish","type":"product","link":"https:\/\/www.sami.info\/fr\/prodotto\/centrales-melange-poudre-seche\/","title":{"rendered":"Centrales de m\u00e9lange poudres BS040"},"content":{"rendered":"[vc_row type=\u00a0\u00bbin_container\u00a0\u00bb full_screen_row_position=\u00a0\u00bbmiddle\u00a0\u00bb column_margin=\u00a0\u00bbdefault\u00a0\u00bb column_direction=\u00a0\u00bbdefault\u00a0\u00bb column_direction_tablet=\u00a0\u00bbdefault\u00a0\u00bb column_direction_phone=\u00a0\u00bbdefault\u00a0\u00bb scene_position=\u00a0\u00bbcenter\u00a0\u00bb text_color=\u00a0\u00bbdark\u00a0\u00bb text_align=\u00a0\u00bbleft\u00a0\u00bb row_border_radius=\u00a0\u00bbnone\u00a0\u00bb row_border_radius_applies=\u00a0\u00bbbg\u00a0\u00bb overflow=\u00a0\u00bbvisible\u00a0\u00bb overlay_strength=\u00a0\u00bb0.3&Prime; gradient_direction=\u00a0\u00bbleft_to_right\u00a0\u00bb shape_divider_position=\u00a0\u00bbbottom\u00a0\u00bb bg_image_animation=\u00a0\u00bbnone\u00a0\u00bb][vc_column column_padding=\u00a0\u00bbno-extra-padding\u00a0\u00bb column_padding_tablet=\u00a0\u00bbinherit\u00a0\u00bb column_padding_phone=\u00a0\u00bbinherit\u00a0\u00bb column_padding_position=\u00a0\u00bball\u00a0\u00bb column_element_direction_desktop=\u00a0\u00bbdefault\u00a0\u00bb column_element_spacing=\u00a0\u00bbdefault\u00a0\u00bb desktop_text_alignment=\u00a0\u00bbdefault\u00a0\u00bb tablet_text_alignment=\u00a0\u00bbdefault\u00a0\u00bb phone_text_alignment=\u00a0\u00bbdefault\u00a0\u00bb background_color_opacity=\u00a0\u00bb1&Prime; background_hover_color_opacity=\u00a0\u00bb1&Prime; column_backdrop_filter=\u00a0\u00bbnone\u00a0\u00bb column_shadow=\u00a0\u00bbnone\u00a0\u00bb column_border_radius=\u00a0\u00bbnone\u00a0\u00bb column_link_target=\u00a0\u00bb_self\u00a0\u00bb column_position=\u00a0\u00bbdefault\u00a0\u00bb gradient_direction=\u00a0\u00bbleft_to_right\u00a0\u00bb overlay_strength=\u00a0\u00bb0.3&Prime; width=\u00a0\u00bb1\/1&Prime; tablet_width_inherit=\u00a0\u00bbdefault\u00a0\u00bb animation_type=\u00a0\u00bbdefault\u00a0\u00bb bg_image_animation=\u00a0\u00bbnone\u00a0\u00bb border_type=\u00a0\u00bbsimple\u00a0\u00bb column_border_width=\u00a0\u00bbnone\u00a0\u00bb column_border_style=\u00a0\u00bbsolid\u00a0\u00bb][vc_column_text css=\u00a0\u00bb\u00a0\u00bb text_direction=\u00a0\u00bbdefault\u00a0\u00bb]\n<h2>USINE DE M\u00c9LANGE \u00c0 TOUR<\/h2>\n<p>La <strong data-start=\"349\" data-end=\"386\">centrale BS040 (Blending Station)<\/strong> est une <strong data-start=\"395\" data-end=\"450\">installation fixe automatis\u00e9e \u00e0 hautes performances<\/strong>, con\u00e7ue pour le <strong data-start=\"467\" data-end=\"497\">dosage et le m\u00e9lange \u00e0 sec<\/strong> de <strong data-start=\"501\" data-end=\"520\">poudres inertes<\/strong> (agr\u00e9gats, carbonate, silice, gypse) avec des <strong data-start=\"567\" data-end=\"577\">liants<\/strong> (ciment, chaux, sulfate de calcium) et des <strong data-start=\"621\" data-end=\"633\">additifs<\/strong> (r\u00e9sines, agents entra\u00eeneurs d\u2019air, fluidifiants, fibres, celluloses), pour la production de <strong data-start=\"727\" data-end=\"756\">produits pr\u00eats \u00e0 l\u2019emploi<\/strong>, <strong data-start=\"758\" data-end=\"795\">en vrac ou ensach\u00e9s et palettis\u00e9s<\/strong>, tels que <strong data-start=\"806\" data-end=\"923\">chapes, sous-couches, mortiers pour enduits, ma\u00e7onneries, finitions, r\u00e9parations, produits d\u2019\u00e9tanch\u00e9it\u00e9 et colles<\/strong>. L\u2019installation peut \u00eatre <strong data-start=\"952\" data-end=\"1013\">personnalis\u00e9e selon les besoins sp\u00e9cifiques de production<\/strong> et garantit une <strong data-start=\"1030\" data-end=\"1082\">capacit\u00e9 de production pouvant atteindre 40 m\u00b3\/h<\/strong> de mat\u00e9riau pr\u00e9m\u00e9lang\u00e9.<\/p>\n<h2>UN PROJET SUR MESURE<\/h2>\n<p data-start=\"346\" data-end=\"1106\">La conception des <strong data-start=\"1160\" data-end=\"1183\">installations BS040<\/strong> commence par une <strong data-start=\"1201\" data-end=\"1258\">analyse approfondie des besoins sp\u00e9cifiques du client<\/strong>, en termes de <strong data-start=\"1273\" data-end=\"1388\">caract\u00e9ristiques des mat\u00e9riaux, de productivit\u00e9 requise, de pr\u00e9cision des dosages et d\u2019homog\u00e9n\u00e9it\u00e9 des m\u00e9langes<\/strong>, jusqu\u2019\u00e0 l\u2019<strong data-start=\"1400\" data-end=\"1429\">adaptation des composants<\/strong> selon <strong data-start=\"1436\" data-end=\"1479\">l\u2019espace disponible pour l\u2019installation<\/strong> et les <strong data-start=\"1487\" data-end=\"1529\">modalit\u00e9s de gestion de l\u2019installation<\/strong>.<\/p>\n<h2>SYST\u00c8ME AUTOMATIS\u00c9<\/h2>\n<p>Toutes les phases du processus de production sont <strong data-start=\"1620\" data-end=\"1648\">g\u00e9r\u00e9es par un ordinateur<\/strong>, tandis que les <strong data-start=\"1665\" data-end=\"1717\">formules et le dosage des composants individuels<\/strong> sont trait\u00e9s par un <strong data-start=\"1738\" data-end=\"1769\">automate programmable (PLC)<\/strong> associ\u00e9 \u00e0 des <strong data-start=\"1784\" data-end=\"1832\">syst\u00e8mes de pes\u00e9e \u00e9lectronique gravim\u00e9trique<\/strong> \u00e0 <strong data-start=\"1835\" data-end=\"1894\">cellules de charge fonctionnant par diminution de poids<\/strong>. Le <strong data-start=\"1901\" data-end=\"1954\">m\u00e9langeur garantit une excellente homog\u00e9n\u00e9isation<\/strong> du pr\u00e9m\u00e9lange. Ce syst\u00e8me assure <strong data-start=\"1990\" data-end=\"2042\">qualit\u00e9, constance (r\u00e9p\u00e9tabilit\u00e9) et tra\u00e7abilit\u00e9<\/strong> pour chaque cycle de production, conform\u00e9ment aux <strong data-start=\"2093\" data-end=\"2150\">caract\u00e9ristiques techniques requises du produit final<\/strong>.[\/vc_column_text][\/vc_column][\/vc_row][vc_row type=\u00a0\u00bbin_container\u00a0\u00bb full_screen_row_position=\u00a0\u00bbmiddle\u00a0\u00bb column_margin=\u00a0\u00bbdefault\u00a0\u00bb column_direction=\u00a0\u00bbdefault\u00a0\u00bb column_direction_tablet=\u00a0\u00bbdefault\u00a0\u00bb column_direction_phone=\u00a0\u00bbdefault\u00a0\u00bb scene_position=\u00a0\u00bbcenter\u00a0\u00bb text_color=\u00a0\u00bbdark\u00a0\u00bb text_align=\u00a0\u00bbleft\u00a0\u00bb row_border_radius=\u00a0\u00bbnone\u00a0\u00bb row_border_radius_applies=\u00a0\u00bbbg\u00a0\u00bb overflow=\u00a0\u00bbvisible\u00a0\u00bb overlay_strength=\u00a0\u00bb0.3&Prime; gradient_direction=\u00a0\u00bbleft_to_right\u00a0\u00bb shape_divider_position=\u00a0\u00bbbottom\u00a0\u00bb bg_image_animation=\u00a0\u00bbnone\u00a0\u00bb][vc_column column_padding=\u00a0\u00bbno-extra-padding\u00a0\u00bb column_padding_tablet=\u00a0\u00bbinherit\u00a0\u00bb column_padding_phone=\u00a0\u00bbinherit\u00a0\u00bb column_padding_position=\u00a0\u00bball\u00a0\u00bb column_element_direction_desktop=\u00a0\u00bbdefault\u00a0\u00bb column_element_spacing=\u00a0\u00bbdefault\u00a0\u00bb desktop_text_alignment=\u00a0\u00bbdefault\u00a0\u00bb tablet_text_alignment=\u00a0\u00bbdefault\u00a0\u00bb phone_text_alignment=\u00a0\u00bbdefault\u00a0\u00bb background_color_opacity=\u00a0\u00bb1&Prime; background_hover_color_opacity=\u00a0\u00bb1&Prime; column_backdrop_filter=\u00a0\u00bbnone\u00a0\u00bb column_shadow=\u00a0\u00bbnone\u00a0\u00bb column_border_radius=\u00a0\u00bbnone\u00a0\u00bb column_link_target=\u00a0\u00bb_self\u00a0\u00bb column_position=\u00a0\u00bbdefault\u00a0\u00bb gradient_direction=\u00a0\u00bbleft_to_right\u00a0\u00bb overlay_strength=\u00a0\u00bb0.3&Prime; width=\u00a0\u00bb1\/1&Prime; tablet_width_inherit=\u00a0\u00bbdefault\u00a0\u00bb animation_type=\u00a0\u00bbdefault\u00a0\u00bb bg_image_animation=\u00a0\u00bbnone\u00a0\u00bb border_type=\u00a0\u00bbsimple\u00a0\u00bb column_border_width=\u00a0\u00bbnone\u00a0\u00bb column_border_style=\u00a0\u00bbsolid\u00a0\u00bb][nectar_global_section id=\u00a0\u00bb10176&Prime;][nectar_global_section id=\u00a0\u00bb10292&Prime;][\/vc_column][\/vc_row]\n","protected":false},"excerpt":{"rendered":"<p>[vc_row type=\u00a0\u00bbin_container\u00a0\u00bb full_screen_row_position=\u00a0\u00bbmiddle\u00a0\u00bb column_margin=\u00a0\u00bbdefault\u00a0\u00bb column_direction=\u00a0\u00bbdefault\u00a0\u00bb column_direction_tablet=\u00a0\u00bbdefault\u00a0\u00bb column_direction_phone=\u00a0\u00bbdefault\u00a0\u00bb scene_position=\u00a0\u00bbcenter\u00a0\u00bb text_color=\u00a0\u00bbdark\u00a0\u00bb text_align=\u00a0\u00bbleft\u00a0\u00bb row_border_radius=\u00a0\u00bbnone\u00a0\u00bb row_border_radius_applies=\u00a0\u00bbbg\u00a0\u00bb overflow=\u00a0\u00bbvisible\u00a0\u00bb overlay_strength=\u00a0\u00bb0.3&Prime; gradient_direction=\u00a0\u00bbleft_to_right\u00a0\u00bb shape_divider_position=\u00a0\u00bbbottom\u00a0\u00bb bg_image_animation=\u00a0\u00bbnone\u00a0\u00bb][vc_column column_padding=\u00a0\u00bbno-extra-padding\u00a0\u00bb column_padding_tablet=\u00a0\u00bbinherit\u00a0\u00bb column_padding_phone=\u00a0\u00bbinherit\u00a0\u00bb column_padding_position=\u00a0\u00bball\u00a0\u00bb column_element_direction_desktop=\u00a0\u00bbdefault\u00a0\u00bb column_element_spacing=\u00a0\u00bbdefault\u00a0\u00bb desktop_text_alignment=\u00a0\u00bbdefault\u00a0\u00bb tablet_text_alignment=\u00a0\u00bbdefault\u00a0\u00bb&#8230;<\/p>\n","protected":false},"featured_media":15827,"template":"","meta":{"footnotes":""},"product_brand":[],"product_cat":[165,157,171],"product_tag":[],"class_list":{"0":"post-6965","1":"product","2":"type-product","3":"status-publish","4":"has-post-thumbnail","6":"product_cat-batiment","7":"product_cat-gestion-poudres-granules","8":"product_cat-installations-melange-poudres","10":"first","11":"instock","12":"shipping-taxable","13":"product-type-simple"},"_links":{"self":[{"href":"https:\/\/www.sami.info\/fr\/wp-json\/wp\/v2\/product\/6965","targetHints":{"allow":["GET"]}}],"collection":[{"href":"https:\/\/www.sami.info\/fr\/wp-json\/wp\/v2\/product"}],"about":[{"href":"https:\/\/www.sami.info\/fr\/wp-json\/wp\/v2\/types\/product"}],"version-history":[{"count":1,"href":"https:\/\/www.sami.info\/fr\/wp-json\/wp\/v2\/product\/6965\/revisions"}],"predecessor-version":[{"id":17477,"href":"https:\/\/www.sami.info\/fr\/wp-json\/wp\/v2\/product\/6965\/revisions\/17477"}],"wp:featuredmedia":[{"embeddable":true,"href":"https:\/\/www.sami.info\/fr\/wp-json\/wp\/v2\/media\/15827"}],"wp:attachment":[{"href":"https:\/\/www.sami.info\/fr\/wp-json\/wp\/v2\/media?parent=6965"}],"wp:term":[{"taxonomy":"product_brand","embeddable":true,"href":"https:\/\/www.sami.info\/fr\/wp-json\/wp\/v2\/product_brand?post=6965"},{"taxonomy":"product_cat","embeddable":true,"href":"https:\/\/www.sami.info\/fr\/wp-json\/wp\/v2\/product_cat?post=6965"},{"taxonomy":"product_tag","embeddable":true,"href":"https:\/\/www.sami.info\/fr\/wp-json\/wp\/v2\/product_tag?post=6965"}],"curies":[{"name":"wp","href":"https:\/\/api.w.org\/{rel}","templated":true}]}}