{"id":6968,"date":"2021-08-18T15:50:33","date_gmt":"2021-08-18T15:50:33","guid":{"rendered":"http:\/\/www.sami.info\/prodotto\/centrales-beton\/"},"modified":"2025-10-31T14:53:56","modified_gmt":"2025-10-31T14:53:56","slug":"centrales-beton","status":"publish","type":"product","link":"https:\/\/www.sami.info\/fr\/prodotto\/centrales-beton\/","title":{"rendered":"Centrales \u00e0 b\u00e9ton TECNOMIX"},"content":{"rendered":"[vc_row type=\u00a0\u00bbin_container\u00a0\u00bb full_screen_row_position=\u00a0\u00bbmiddle\u00a0\u00bb column_margin=\u00a0\u00bbdefault\u00a0\u00bb column_direction=\u00a0\u00bbdefault\u00a0\u00bb column_direction_tablet=\u00a0\u00bbdefault\u00a0\u00bb column_direction_phone=\u00a0\u00bbdefault\u00a0\u00bb scene_position=\u00a0\u00bbcenter\u00a0\u00bb text_color=\u00a0\u00bbdark\u00a0\u00bb text_align=\u00a0\u00bbleft\u00a0\u00bb row_border_radius=\u00a0\u00bbnone\u00a0\u00bb row_border_radius_applies=\u00a0\u00bbbg\u00a0\u00bb overflow=\u00a0\u00bbvisible\u00a0\u00bb overlay_strength=\u00a0\u00bb0.3&Prime; gradient_direction=\u00a0\u00bbleft_to_right\u00a0\u00bb shape_divider_position=\u00a0\u00bbbottom\u00a0\u00bb bg_image_animation=\u00a0\u00bbnone\u00a0\u00bb][vc_column column_padding=\u00a0\u00bbno-extra-padding\u00a0\u00bb column_padding_tablet=\u00a0\u00bbinherit\u00a0\u00bb column_padding_phone=\u00a0\u00bbinherit\u00a0\u00bb column_padding_position=\u00a0\u00bball\u00a0\u00bb column_element_direction_desktop=\u00a0\u00bbdefault\u00a0\u00bb column_element_spacing=\u00a0\u00bbdefault\u00a0\u00bb desktop_text_alignment=\u00a0\u00bbdefault\u00a0\u00bb tablet_text_alignment=\u00a0\u00bbdefault\u00a0\u00bb phone_text_alignment=\u00a0\u00bbdefault\u00a0\u00bb background_color_opacity=\u00a0\u00bb1&Prime; background_hover_color_opacity=\u00a0\u00bb1&Prime; column_backdrop_filter=\u00a0\u00bbnone\u00a0\u00bb column_shadow=\u00a0\u00bbnone\u00a0\u00bb column_border_radius=\u00a0\u00bbnone\u00a0\u00bb column_link_target=\u00a0\u00bb_self\u00a0\u00bb column_position=\u00a0\u00bbdefault\u00a0\u00bb gradient_direction=\u00a0\u00bbleft_to_right\u00a0\u00bb overlay_strength=\u00a0\u00bb0.3&Prime; width=\u00a0\u00bb1\/1&Prime; tablet_width_inherit=\u00a0\u00bbdefault\u00a0\u00bb animation_type=\u00a0\u00bbdefault\u00a0\u00bb bg_image_animation=\u00a0\u00bbnone\u00a0\u00bb border_type=\u00a0\u00bbsimple\u00a0\u00bb column_border_width=\u00a0\u00bbnone\u00a0\u00bb column_border_style=\u00a0\u00bbsolid\u00a0\u00bb][vc_column_text css=\u00a0\u00bb\u00a0\u00bb text_direction=\u00a0\u00bbdefault\u00a0\u00bb]\n<h2>CENTRALE \u00c0 B\u00c9TON BPE<\/h2>\n<p data-start=\"2649\" data-end=\"3303\">Con\u00e7ues pour la production de <strong data-start=\"2679\" data-end=\"2731\">b\u00e9ton pr\u00eat \u00e0 l\u2019emploi (RMC \u2013 Ready Mix Concrete)<\/strong> de <strong data-start=\"2735\" data-end=\"2752\">haute qualit\u00e9<\/strong>, les <strong data-start=\"2758\" data-end=\"2792\">centrales de malaxage TECNOMIX<\/strong> allient <strong data-start=\"2801\" data-end=\"2814\">compacit\u00e9<\/strong>, <strong data-start=\"2816\" data-end=\"2841\">facilit\u00e9 de transport<\/strong> et <strong data-start=\"2845\" data-end=\"2872\">rapidit\u00e9 d\u2019installation<\/strong>. Gr\u00e2ce \u00e0 leurs <strong data-start=\"2890\" data-end=\"2913\">dimensions r\u00e9duites<\/strong> et \u00e0 leur <strong data-start=\"2924\" data-end=\"2963\">faible encombrement sur le chantier<\/strong>, elles peuvent \u00eatre install\u00e9es dans des <strong data-start=\"3004\" data-end=\"3026\">espaces restreints<\/strong> ou <strong data-start=\"3030\" data-end=\"3060\">\u00e0 l\u2019int\u00e9rieur de b\u00e2timents<\/strong>, sans <strong data-start=\"3067\" data-end=\"3104\">rampe de chargement des granulats<\/strong>.<br data-start=\"3105\" data-end=\"3108\" \/>Elles sont id\u00e9ales pour la <strong data-start=\"3135\" data-end=\"3170\">production et la vente de b\u00e9ton<\/strong>, pour des <strong data-start=\"3181\" data-end=\"3221\">chantiers de moyenne ou longue dur\u00e9e<\/strong> et pour des <strong data-start=\"3234\" data-end=\"3302\">travaux urbains, routiers, r\u00e9sidentiels, \u00e9oliens et hydrauliques<\/strong>.<\/p>\n<h2>PRODUCTION DE B\u00c9TON DE 40 \u00c0 80 m\u00b3\/h<\/h2>\n<p>Les centrales fixes (stationnaires) pour la production de BPE \u00a0(B\u00e9ton Pr\u00eat \u00e0 l&rsquo;Emploi) avec malaxeur TECNOMIX sont dimensionn\u00e9es pour le dosage de mat\u00e9riaux inertes (agr\u00e9gats) tels que sable, gravier et pierre concass\u00e9e avec une <strong>granulom\u00e9trie allant jusqu&rsquo;\u00e0 50 mm<\/strong> et sont disponibles en <strong>version 2, 3, 4 ou 5 cuves<\/strong> dans les variantes suivantes (a) TECNOMIX 40, avec m\u00e9langeur plan\u00e9taire, production de 40 m\u00b3\/h et tr\u00e9mies \u00e0 agr\u00e9gats avec syst\u00e8me de pesage ind\u00e9pendant de 11 m\u00b3 chacune, (b) TECNOMIX 60, avec m\u00e9langeur horizontal, production de 60 m\u00b3\/h et tr\u00e9mies \u00e0 agr\u00e9gats de 25 m\u00b3 chacune, (c) TECNOMIX 80, avec m\u00e9langeur horizontal, production de 80 m\u00b3\/h et tr\u00e9mies \u00e0 agr\u00e9gats de 25 m\u00b3 chacune. Le <strong data-start=\"3948\" data-end=\"3973\">dosage des composants<\/strong> (granulats, ciment, eau, additifs), la <strong data-start=\"4013\" data-end=\"4040\">d\u00e9tection de l\u2019humidit\u00e9<\/strong> et la <strong data-start=\"4047\" data-end=\"4090\">correction automatique de l\u2019eau ajout\u00e9e<\/strong> sont g\u00e9r\u00e9s par le <strong data-start=\"4109\" data-end=\"4133\">logiciel de contr\u00f4le<\/strong> install\u00e9 sur le <strong data-start=\"4150\" data-end=\"4181\">PC de la cabine de commande<\/strong>.<\/p>\n<h2>SILOS \u00c0 VERTICAUX MONOLITHIQUES, T\u00c9LESCOPIQUES ET MODULAIRES<\/h2>\n<p>Dans une installation de production de BPE (B\u00e9ton Pr\u00eat \u00e0 l&rsquo;Emploi), le stockage et le dosage d&rsquo;un ou plusieurs types de ciment est un \u00e9l\u00e9ment fondamental et indispensable. Si les silos <a href=\"\/fr\/?p=4551\">horizontaux mobiles EUROSILO<\/a> sont le compl\u00e9ment id\u00e9al des <a href=\"\/fr\/?p=6972\">centrales mobiles TECNO<\/a>, les silos \u00e0 poudre <a href=\"\/fr\/?p=6054\">verticaux monolithiques<\/a>, <a href=\"\/fr\/?p=6425\">t\u00e9lescopiques<\/a> et <a href=\"\/fr\/?p=6471\">modulaires<\/a> (fixes\/stationnaires) sont le compl\u00e9ment naturel des centrales fixes TECNOMIX. Cette configuration offre une <strong data-start=\"4650\" data-end=\"4691\">grande capacit\u00e9 de stockage de ciment<\/strong>, un <strong data-start=\"4696\" data-end=\"4744\">d\u00e9veloppement vertical de la zone de travail<\/strong>, et une <strong data-start=\"4753\" data-end=\"4797\">optimisation de l\u2019espace sur le chantier<\/strong>.[\/vc_column_text][\/vc_column][\/vc_row][vc_row type=\u00a0\u00bbin_container\u00a0\u00bb full_screen_row_position=\u00a0\u00bbmiddle\u00a0\u00bb column_margin=\u00a0\u00bbdefault\u00a0\u00bb column_direction=\u00a0\u00bbdefault\u00a0\u00bb column_direction_tablet=\u00a0\u00bbdefault\u00a0\u00bb column_direction_phone=\u00a0\u00bbdefault\u00a0\u00bb scene_position=\u00a0\u00bbcenter\u00a0\u00bb text_color=\u00a0\u00bbdark\u00a0\u00bb text_align=\u00a0\u00bbleft\u00a0\u00bb row_border_radius=\u00a0\u00bbnone\u00a0\u00bb row_border_radius_applies=\u00a0\u00bbbg\u00a0\u00bb overflow=\u00a0\u00bbvisible\u00a0\u00bb overlay_strength=\u00a0\u00bb0.3&Prime; gradient_direction=\u00a0\u00bbleft_to_right\u00a0\u00bb shape_divider_position=\u00a0\u00bbbottom\u00a0\u00bb bg_image_animation=\u00a0\u00bbnone\u00a0\u00bb][vc_column column_padding=\u00a0\u00bbno-extra-padding\u00a0\u00bb column_padding_tablet=\u00a0\u00bbinherit\u00a0\u00bb column_padding_phone=\u00a0\u00bbinherit\u00a0\u00bb column_padding_position=\u00a0\u00bball\u00a0\u00bb column_element_direction_desktop=\u00a0\u00bbdefault\u00a0\u00bb column_element_spacing=\u00a0\u00bbdefault\u00a0\u00bb desktop_text_alignment=\u00a0\u00bbdefault\u00a0\u00bb tablet_text_alignment=\u00a0\u00bbdefault\u00a0\u00bb phone_text_alignment=\u00a0\u00bbdefault\u00a0\u00bb background_color_opacity=\u00a0\u00bb1&Prime; background_hover_color_opacity=\u00a0\u00bb1&Prime; column_backdrop_filter=\u00a0\u00bbnone\u00a0\u00bb column_shadow=\u00a0\u00bbnone\u00a0\u00bb column_border_radius=\u00a0\u00bbnone\u00a0\u00bb column_link_target=\u00a0\u00bb_self\u00a0\u00bb column_position=\u00a0\u00bbdefault\u00a0\u00bb gradient_direction=\u00a0\u00bbleft_to_right\u00a0\u00bb overlay_strength=\u00a0\u00bb0.3&Prime; width=\u00a0\u00bb1\/1&Prime; tablet_width_inherit=\u00a0\u00bbdefault\u00a0\u00bb animation_type=\u00a0\u00bbdefault\u00a0\u00bb bg_image_animation=\u00a0\u00bbnone\u00a0\u00bb border_type=\u00a0\u00bbsimple\u00a0\u00bb column_border_width=\u00a0\u00bbnone\u00a0\u00bb column_border_style=\u00a0\u00bbsolid\u00a0\u00bb][nectar_global_section id=\u00a0\u00bb10190&Prime;][nectar_global_section id=\u00a0\u00bb11435&Prime;][nectar_global_section id=\u00a0\u00bb6464&Prime;][\/vc_column][\/vc_row]\n","protected":false},"excerpt":{"rendered":"<p>[vc_row type=\u00a0\u00bbin_container\u00a0\u00bb full_screen_row_position=\u00a0\u00bbmiddle\u00a0\u00bb column_margin=\u00a0\u00bbdefault\u00a0\u00bb column_direction=\u00a0\u00bbdefault\u00a0\u00bb column_direction_tablet=\u00a0\u00bbdefault\u00a0\u00bb column_direction_phone=\u00a0\u00bbdefault\u00a0\u00bb scene_position=\u00a0\u00bbcenter\u00a0\u00bb text_color=\u00a0\u00bbdark\u00a0\u00bb text_align=\u00a0\u00bbleft\u00a0\u00bb row_border_radius=\u00a0\u00bbnone\u00a0\u00bb row_border_radius_applies=\u00a0\u00bbbg\u00a0\u00bb overflow=\u00a0\u00bbvisible\u00a0\u00bb overlay_strength=\u00a0\u00bb0.3&Prime; gradient_direction=\u00a0\u00bbleft_to_right\u00a0\u00bb shape_divider_position=\u00a0\u00bbbottom\u00a0\u00bb bg_image_animation=\u00a0\u00bbnone\u00a0\u00bb][vc_column column_padding=\u00a0\u00bbno-extra-padding\u00a0\u00bb column_padding_tablet=\u00a0\u00bbinherit\u00a0\u00bb column_padding_phone=\u00a0\u00bbinherit\u00a0\u00bb column_padding_position=\u00a0\u00bball\u00a0\u00bb column_element_direction_desktop=\u00a0\u00bbdefault\u00a0\u00bb column_element_spacing=\u00a0\u00bbdefault\u00a0\u00bb desktop_text_alignment=\u00a0\u00bbdefault\u00a0\u00bb tablet_text_alignment=\u00a0\u00bbdefault\u00a0\u00bb&#8230;<\/p>\n","protected":false},"featured_media":11695,"template":"","meta":{"footnotes":""},"product_brand":[],"product_cat":[165,167,166],"product_tag":[],"class_list":{"0":"post-6968","1":"product","2":"type-product","3":"status-publish","4":"has-post-thumbnail","6":"product_cat-batiment","7":"product_cat-centrales-beton","8":"product_cat-production-beton","10":"first","11":"instock","12":"shipping-taxable","13":"product-type-simple"},"_links":{"self":[{"href":"https:\/\/www.sami.info\/fr\/wp-json\/wp\/v2\/product\/6968","targetHints":{"allow":["GET"]}}],"collection":[{"href":"https:\/\/www.sami.info\/fr\/wp-json\/wp\/v2\/product"}],"about":[{"href":"https:\/\/www.sami.info\/fr\/wp-json\/wp\/v2\/types\/product"}],"version-history":[{"count":2,"href":"https:\/\/www.sami.info\/fr\/wp-json\/wp\/v2\/product\/6968\/revisions"}],"predecessor-version":[{"id":17507,"href":"https:\/\/www.sami.info\/fr\/wp-json\/wp\/v2\/product\/6968\/revisions\/17507"}],"wp:featuredmedia":[{"embeddable":true,"href":"https:\/\/www.sami.info\/fr\/wp-json\/wp\/v2\/media\/11695"}],"wp:attachment":[{"href":"https:\/\/www.sami.info\/fr\/wp-json\/wp\/v2\/media?parent=6968"}],"wp:term":[{"taxonomy":"product_brand","embeddable":true,"href":"https:\/\/www.sami.info\/fr\/wp-json\/wp\/v2\/product_brand?post=6968"},{"taxonomy":"product_cat","embeddable":true,"href":"https:\/\/www.sami.info\/fr\/wp-json\/wp\/v2\/product_cat?post=6968"},{"taxonomy":"product_tag","embeddable":true,"href":"https:\/\/www.sami.info\/fr\/wp-json\/wp\/v2\/product_tag?post=6968"}],"curies":[{"name":"wp","href":"https:\/\/api.w.org\/{rel}","templated":true}]}}