{"id":7067,"date":"2021-08-20T07:27:56","date_gmt":"2021-08-20T07:27:56","guid":{"rendered":"http:\/\/www.sami.info\/prodotto\/centrales-traitement-sols-boues\/"},"modified":"2025-11-03T09:03:28","modified_gmt":"2025-11-03T09:03:28","slug":"centrales-traitement-sols-boues","status":"publish","type":"product","link":"https:\/\/www.sami.info\/fr\/prodotto\/centrales-traitement-sols-boues\/","title":{"rendered":"Centrales de traitement sols et boues ECOMIX"},"content":{"rendered":"[vc_row type=\u00a0\u00bbin_container\u00a0\u00bb full_screen_row_position=\u00a0\u00bbmiddle\u00a0\u00bb column_margin=\u00a0\u00bbdefault\u00a0\u00bb column_direction=\u00a0\u00bbdefault\u00a0\u00bb column_direction_tablet=\u00a0\u00bbdefault\u00a0\u00bb column_direction_phone=\u00a0\u00bbdefault\u00a0\u00bb scene_position=\u00a0\u00bbcenter\u00a0\u00bb text_color=\u00a0\u00bbdark\u00a0\u00bb text_align=\u00a0\u00bbleft\u00a0\u00bb row_border_radius=\u00a0\u00bbnone\u00a0\u00bb row_border_radius_applies=\u00a0\u00bbbg\u00a0\u00bb overflow=\u00a0\u00bbvisible\u00a0\u00bb overlay_strength=\u00a0\u00bb0.3&Prime; gradient_direction=\u00a0\u00bbleft_to_right\u00a0\u00bb shape_divider_position=\u00a0\u00bbbottom\u00a0\u00bb bg_image_animation=\u00a0\u00bbnone\u00a0\u00bb][vc_column column_padding=\u00a0\u00bbno-extra-padding\u00a0\u00bb column_padding_tablet=\u00a0\u00bbinherit\u00a0\u00bb column_padding_phone=\u00a0\u00bbinherit\u00a0\u00bb column_padding_position=\u00a0\u00bball\u00a0\u00bb column_element_direction_desktop=\u00a0\u00bbdefault\u00a0\u00bb column_element_spacing=\u00a0\u00bbdefault\u00a0\u00bb desktop_text_alignment=\u00a0\u00bbdefault\u00a0\u00bb tablet_text_alignment=\u00a0\u00bbdefault\u00a0\u00bb phone_text_alignment=\u00a0\u00bbdefault\u00a0\u00bb background_color_opacity=\u00a0\u00bb1&Prime; background_hover_color_opacity=\u00a0\u00bb1&Prime; column_backdrop_filter=\u00a0\u00bbnone\u00a0\u00bb column_shadow=\u00a0\u00bbnone\u00a0\u00bb column_border_radius=\u00a0\u00bbnone\u00a0\u00bb column_link_target=\u00a0\u00bb_self\u00a0\u00bb column_position=\u00a0\u00bbdefault\u00a0\u00bb gradient_direction=\u00a0\u00bbleft_to_right\u00a0\u00bb overlay_strength=\u00a0\u00bb0.3&Prime; width=\u00a0\u00bb1\/1&Prime; tablet_width_inherit=\u00a0\u00bbdefault\u00a0\u00bb animation_type=\u00a0\u00bbdefault\u00a0\u00bb bg_image_animation=\u00a0\u00bbnone\u00a0\u00bb border_type=\u00a0\u00bbsimple\u00a0\u00bb column_border_width=\u00a0\u00bbnone\u00a0\u00bb column_border_style=\u00a0\u00bbsolid\u00a0\u00bb][vc_column_text css=\u00a0\u00bb\u00a0\u00bb text_direction=\u00a0\u00bbdefault\u00a0\u00bb]\n<h2>LA SOLIDIFICATION ET LA STABILISATION DES D\u00c9CHETS<\/h2>\n<p data-start=\"3500\" data-end=\"4369\">L\u2019<strong data-start=\"3502\" data-end=\"3559\">installation de traitement des terres et boues ECOMIX<\/strong> est un <strong data-start=\"3567\" data-end=\"3627\">syst\u00e8me industriel con\u00e7u pour l\u2019inertisation des d\u00e9chets<\/strong>, un proc\u00e9d\u00e9 qui vise \u00e0 <strong data-start=\"3651\" data-end=\"3692\">immobiliser les substances polluantes<\/strong> dans une matrice inerte gr\u00e2ce \u00e0 des <strong data-start=\"3729\" data-end=\"3768\">r\u00e9actions chimiques et\/ou physiques<\/strong> telles que <strong data-start=\"3780\" data-end=\"3849\">l\u2019encapsulation, la polym\u00e9risation, l\u2019adsorption et la d\u00e9sorption<\/strong>. Ce processus permet de <strong data-start=\"3876\" data-end=\"3927\">r\u00e9duire le potentiel polluant et la dangerosit\u00e9<\/strong> des mat\u00e9riaux contamin\u00e9s en les transformant en <strong data-start=\"3976\" data-end=\"4007\">compos\u00e9s solides et stables<\/strong>, faciles \u00e0 manipuler (<strong data-start=\"4030\" data-end=\"4048\">solidification<\/strong>), tout en <strong data-start=\"4059\" data-end=\"4101\">emp\u00eachant le relargage de contaminants<\/strong> par <strong data-start=\"4106\" data-end=\"4123\">stabilisation<\/strong>, qui les fixe sous forme de <strong data-start=\"4152\" data-end=\"4175\">compos\u00e9s insolubles<\/strong>. Les d\u00e9chets trait\u00e9s deviennent ainsi <strong data-start=\"4216\" data-end=\"4233\">non dangereux<\/strong>, aptes au <strong data-start=\"4244\" data-end=\"4257\">recyclage<\/strong> ou \u00e0 <strong data-start=\"4263\" data-end=\"4323\">l\u2019\u00e9limination dans des d\u00e9charges de cat\u00e9gorie inf\u00e9rieure<\/strong>, avec des <strong data-start=\"4334\" data-end=\"4366\">co\u00fbts d\u2019exploitation r\u00e9duits<\/strong>. L\u2019<strong data-start=\"4373\" data-end=\"4383\">ECOMIX<\/strong> peut traiter des <strong data-start=\"4401\" data-end=\"4449\">mat\u00e9riaux pr\u00e9sentant jusqu\u2019\u00e0 70 % d\u2019humidit\u00e9<\/strong> et convient aux <strong data-start=\"4466\" data-end=\"4504\">mati\u00e8res pulv\u00e9rulentes ou p\u00e2teuses<\/strong>, qu\u2019elles soient <strong data-start=\"4522\" data-end=\"4543\">s\u00e8ches ou humides<\/strong>. Gr\u00e2ce \u00e0 sa <strong data-start=\"4558\" data-end=\"4572\">modularit\u00e9<\/strong>, il peut \u00eatre <strong data-start=\"4587\" data-end=\"4635\">adapt\u00e9 aux besoins sp\u00e9cifiques de production<\/strong>, offrant <strong data-start=\"4645\" data-end=\"4690\">fiabilit\u00e9, flexibilit\u00e9 et rendement \u00e9lev\u00e9<\/strong>.<\/p>\n<h2>UN PROC\u00c9D\u00c9 D&rsquo;INERTISATION PERFORMANT<\/h2>\n<p>La centrale d&rsquo;inertisation ECOMIX est compos\u00e9e d&rsquo;une ou plusieurs tr\u00e9mies pour le chargement des d\u00e9chets, d&rsquo;un ou plusieurs <a href=\"https:\/\/www.sami.info\/fr\/categoria-prodotto\/batiment\/gestion-poudres-granules\/\">silos pour le stockage des mat\u00e9riaux pulv\u00e9rulents<\/a> (liants et\/ou r\u00e9actifs) et d&rsquo;une unit\u00e9 de m\u00e9lange \u00e0 cycle continu (pour des cadences horaires \u00e9lev\u00e9es) ou \u00e0 r\u00e9gime forc\u00e9 (pour des produits finis de haute qualit\u00e9). C\u2019est une <strong data-start=\"5069\" data-end=\"5091\">solution innovante<\/strong> pour le <strong data-start=\"5100\" data-end=\"5138\">traitement de mat\u00e9riaux difficiles<\/strong>, tels que <strong data-start=\"5149\" data-end=\"5222\">les terres pollu\u00e9es, les inertes contamin\u00e9s, les boues et les argiles<\/strong>, caract\u00e9ris\u00e9s par leur <strong data-start=\"5246\" data-end=\"5276\">forte coh\u00e9sion et humidit\u00e9<\/strong>. Les <strong data-start=\"5285\" data-end=\"5310\">tr\u00e9mies de chargement<\/strong> sont con\u00e7ues pour <strong data-start=\"5329\" data-end=\"5373\">\u00e9viter la formation de ponts ou de blocs<\/strong>, garantissant une descente fluide des mat\u00e9riaux. Le <strong data-start=\"5428\" data-end=\"5460\">syst\u00e8me d\u2019extraction brevet\u00e9<\/strong>, install\u00e9 au fond de chaque tr\u00e9mie, assure une <strong data-start=\"5508\" data-end=\"5562\">\u00e9vacuation efficace des d\u00e9chets p\u00e2teux et compacts<\/strong>, tandis que la <strong data-start=\"5578\" data-end=\"5613\">gestion des poudres et r\u00e9actifs<\/strong> est assur\u00e9e par des <strong data-start=\"5634\" data-end=\"5658\">doseurs automatiques<\/strong> aliment\u00e9s par \u00a0<a href=\"https:\/\/www.sami.info\/fr\/categoria-prodotto\/batiment\/gestion-poudres-granules\/silos-verticaux\/\">silos verticaux<\/a> ou <a href=\"https:\/\/www.sami.info\/fr\/categoria-prodotto\/batiment\/gestion-poudres-granules\/silos-horizontaux\/\">horizontaux<\/a>, assurant un <strong data-start=\"5721\" data-end=\"5750\">dosage pr\u00e9cis et homog\u00e8ne<\/strong>.<\/p>\n<h2>INERTISATION DES D\u00c9CHETS : SOLS, BOUES ET POUSSI\u00c8RES<\/h2>\n<p data-start=\"5812\" data-end=\"6380\">L\u2019<strong data-start=\"5814\" data-end=\"5824\">ECOMIX<\/strong> permet le <strong data-start=\"5835\" data-end=\"5904\">traitement et la stabilisation de d\u00e9chets solides et semi-solides<\/strong>, tels que <strong data-start=\"5915\" data-end=\"6016\">les boues industrielles, les terres contamin\u00e9es, les effluents p\u00e2teux et les r\u00e9sidus inorganiques<\/strong> provenant de nombreux secteurs industriels. Il est utilis\u00e9 dans <strong data-start=\"6083\" data-end=\"6201\">les industries m\u00e9tallurgiques, chimiques, c\u00e9ramiques, textiles, photographiques, \u00e9nerg\u00e9tiques et environnementales<\/strong>, garantissant le <strong data-start=\"6219\" data-end=\"6248\">traitement s\u00fbr et durable<\/strong> des <strong data-start=\"6253\" data-end=\"6333\">boues de neutralisation, cendres, scories, poussi\u00e8res d\u2019\u00e9puration des fum\u00e9es<\/strong> et <strong data-start=\"6337\" data-end=\"6377\">r\u00e9sidus de d\u00e9pollution ou de dragage<\/strong>. Gr\u00e2ce \u00e0 la <strong data-start=\"6393\" data-end=\"6452\">combinaison de la solidification et de la stabilisation<\/strong>, l\u2019ECOMIX <strong data-start=\"6463\" data-end=\"6538\">transforme les d\u00e9chets complexes en mat\u00e9riaux s\u00fbrs, compacts et stables<\/strong>, pr\u00eats \u00e0 \u00eatre <strong data-start=\"6553\" data-end=\"6596\">valoris\u00e9s ou \u00e9limin\u00e9s en toute s\u00e9curit\u00e9<\/strong>.<\/p>\n[\/vc_column_text][\/vc_column][\/vc_row][vc_row type=\u00a0\u00bbin_container\u00a0\u00bb full_screen_row_position=\u00a0\u00bbmiddle\u00a0\u00bb column_margin=\u00a0\u00bbdefault\u00a0\u00bb column_direction=\u00a0\u00bbdefault\u00a0\u00bb column_direction_tablet=\u00a0\u00bbdefault\u00a0\u00bb column_direction_phone=\u00a0\u00bbdefault\u00a0\u00bb scene_position=\u00a0\u00bbcenter\u00a0\u00bb text_color=\u00a0\u00bbdark\u00a0\u00bb text_align=\u00a0\u00bbleft\u00a0\u00bb row_border_radius=\u00a0\u00bbnone\u00a0\u00bb row_border_radius_applies=\u00a0\u00bbbg\u00a0\u00bb overflow=\u00a0\u00bbvisible\u00a0\u00bb overlay_strength=\u00a0\u00bb0.3&Prime; gradient_direction=\u00a0\u00bbleft_to_right\u00a0\u00bb shape_divider_position=\u00a0\u00bbbottom\u00a0\u00bb bg_image_animation=\u00a0\u00bbnone\u00a0\u00bb][vc_column column_padding=\u00a0\u00bbno-extra-padding\u00a0\u00bb column_padding_tablet=\u00a0\u00bbinherit\u00a0\u00bb column_padding_phone=\u00a0\u00bbinherit\u00a0\u00bb column_padding_position=\u00a0\u00bball\u00a0\u00bb column_element_direction_desktop=\u00a0\u00bbdefault\u00a0\u00bb column_element_spacing=\u00a0\u00bbdefault\u00a0\u00bb desktop_text_alignment=\u00a0\u00bbdefault\u00a0\u00bb tablet_text_alignment=\u00a0\u00bbdefault\u00a0\u00bb phone_text_alignment=\u00a0\u00bbdefault\u00a0\u00bb background_color_opacity=\u00a0\u00bb1&Prime; background_hover_color_opacity=\u00a0\u00bb1&Prime; column_backdrop_filter=\u00a0\u00bbnone\u00a0\u00bb column_shadow=\u00a0\u00bbnone\u00a0\u00bb column_border_radius=\u00a0\u00bbnone\u00a0\u00bb column_link_target=\u00a0\u00bb_self\u00a0\u00bb column_position=\u00a0\u00bbdefault\u00a0\u00bb gradient_direction=\u00a0\u00bbleft_to_right\u00a0\u00bb overlay_strength=\u00a0\u00bb0.3&Prime; width=\u00a0\u00bb1\/1&Prime; tablet_width_inherit=\u00a0\u00bbdefault\u00a0\u00bb animation_type=\u00a0\u00bbdefault\u00a0\u00bb bg_image_animation=\u00a0\u00bbnone\u00a0\u00bb border_type=\u00a0\u00bbsimple\u00a0\u00bb column_border_width=\u00a0\u00bbnone\u00a0\u00bb column_border_style=\u00a0\u00bbsolid\u00a0\u00bb][nectar_global_section id=\u00a0\u00bb10190&Prime;][nectar_global_section id=\u00a0\u00bb6482&Prime;][\/vc_column][\/vc_row]\n","protected":false},"excerpt":{"rendered":"<p>[vc_row type=\u00a0\u00bbin_container\u00a0\u00bb full_screen_row_position=\u00a0\u00bbmiddle\u00a0\u00bb column_margin=\u00a0\u00bbdefault\u00a0\u00bb column_direction=\u00a0\u00bbdefault\u00a0\u00bb column_direction_tablet=\u00a0\u00bbdefault\u00a0\u00bb column_direction_phone=\u00a0\u00bbdefault\u00a0\u00bb scene_position=\u00a0\u00bbcenter\u00a0\u00bb text_color=\u00a0\u00bbdark\u00a0\u00bb text_align=\u00a0\u00bbleft\u00a0\u00bb row_border_radius=\u00a0\u00bbnone\u00a0\u00bb row_border_radius_applies=\u00a0\u00bbbg\u00a0\u00bb overflow=\u00a0\u00bbvisible\u00a0\u00bb overlay_strength=\u00a0\u00bb0.3&Prime; gradient_direction=\u00a0\u00bbleft_to_right\u00a0\u00bb shape_divider_position=\u00a0\u00bbbottom\u00a0\u00bb bg_image_animation=\u00a0\u00bbnone\u00a0\u00bb][vc_column column_padding=\u00a0\u00bbno-extra-padding\u00a0\u00bb column_padding_tablet=\u00a0\u00bbinherit\u00a0\u00bb column_padding_phone=\u00a0\u00bbinherit\u00a0\u00bb column_padding_position=\u00a0\u00bball\u00a0\u00bb column_element_direction_desktop=\u00a0\u00bbdefault\u00a0\u00bb column_element_spacing=\u00a0\u00bbdefault\u00a0\u00bb desktop_text_alignment=\u00a0\u00bbdefault\u00a0\u00bb tablet_text_alignment=\u00a0\u00bbdefault\u00a0\u00bb&#8230;<\/p>\n","protected":false},"featured_media":16332,"template":"","meta":{"footnotes":""},"product_brand":[],"product_cat":[164,159,163],"product_tag":[],"class_list":{"0":"post-7067","1":"product","2":"type-product","3":"status-publish","4":"has-post-thumbnail","6":"product_cat-centrales-sol-boue","7":"product_cat-ecologie","8":"product_cat-traitement-sol-boues","10":"first","11":"instock","12":"shipping-taxable","13":"product-type-simple"},"_links":{"self":[{"href":"https:\/\/www.sami.info\/fr\/wp-json\/wp\/v2\/product\/7067","targetHints":{"allow":["GET"]}}],"collection":[{"href":"https:\/\/www.sami.info\/fr\/wp-json\/wp\/v2\/product"}],"about":[{"href":"https:\/\/www.sami.info\/fr\/wp-json\/wp\/v2\/types\/product"}],"version-history":[{"count":2,"href":"https:\/\/www.sami.info\/fr\/wp-json\/wp\/v2\/product\/7067\/revisions"}],"predecessor-version":[{"id":17526,"href":"https:\/\/www.sami.info\/fr\/wp-json\/wp\/v2\/product\/7067\/revisions\/17526"}],"wp:featuredmedia":[{"embeddable":true,"href":"https:\/\/www.sami.info\/fr\/wp-json\/wp\/v2\/media\/16332"}],"wp:attachment":[{"href":"https:\/\/www.sami.info\/fr\/wp-json\/wp\/v2\/media?parent=7067"}],"wp:term":[{"taxonomy":"product_brand","embeddable":true,"href":"https:\/\/www.sami.info\/fr\/wp-json\/wp\/v2\/product_brand?post=7067"},{"taxonomy":"product_cat","embeddable":true,"href":"https:\/\/www.sami.info\/fr\/wp-json\/wp\/v2\/product_cat?post=7067"},{"taxonomy":"product_tag","embeddable":true,"href":"https:\/\/www.sami.info\/fr\/wp-json\/wp\/v2\/product_tag?post=7067"}],"curies":[{"name":"wp","href":"https:\/\/api.w.org\/{rel}","templated":true}]}}